{"id":2436,"date":"2023-03-10T08:51:41","date_gmt":"2023-03-10T07:51:41","guid":{"rendered":"https:\/\/g2vet.eu\/ueber-uns\/"},"modified":"2024-04-10T14:41:00","modified_gmt":"2024-04-10T13:41:00","slug":"ueber-uns","status":"publish","type":"page","link":"https:\/\/g2vet.eu\/de\/ueber-uns\/","title":{"rendered":"\u00dcBER UNS"},"content":{"rendered":"\n<p>G2VET ist eine ERASMUS+ KA2-Partnerschaft zwischen Einrichtungen des Berufsbildungssektors aus \u00d6sterreich, Finnland, Spanien und Deutschland.<br\/>Gemeinsam wollen wir Impulse geben, um eine &#8222;gr\u00fcne Kultur&#8220; in unseren Einrichtungen zu schaffen und eine breite Community ermutigen, sich mit dem Thema zu besch\u00e4ftigen, sich und andere zu aktivieren und den Prozess konsequent weiterzuentwickeln.<\/p>\n\n<p>Wir sind davon \u00fcberzeugt, dass Bildung eine zentrale Rolle bei der Erreichung der Klimaziele der EU spielt. Mit Bildung k\u00f6nnen Menschen in verschiedenen Lebensabschnitten, mit unterschiedlichem sozio\u00f6konomischem Hintergrund und in verschiedenen geografischen Zonen erreicht werden. Gleicherma\u00dfen kann Bildung dazu beitragen, dass Menschen an ihren Arbeitspl\u00e4tzen und\/oder im Privatleben verantwortungsvoll mit dem Klimawandel und der nachhaltigen Entwicklung umgehen.<\/p>\n\n<p>Um dies auf breiter Ebene zu erreichen, m\u00fcssen zun\u00e4chst die in der Berufsbildung T\u00e4tigen, insbesondere die Ausbildenden, die Komplexit\u00e4t des Themas verstehen. Wir m\u00fcssen aber auch eine Bewusstseinsentwicklung durchlaufen und neue Kenntnisse und F\u00e4higkeiten erwerben. Hier will die Partnerschaft &#8222;G2VET&#8220; ansetzen.<\/p>\n\n<p>Das Projekt zielt darauf ab, das Bewusstsein der Arbeitnehmer zu sch\u00e4rfen, ihre Einstellungen zu \u00e4ndern und zu Handlungen anzuregen. Ziel ist es, mit einfachen und kleinen Schritten Wege aufzuzeigen, wie jeder Mitarbeiter im Rahmen seiner Arbeit nachhaltig handeln kann.<\/p>\n\n<p><br\/>Projektdauer: 12\/2022 &#8211; 06\/2024<br\/>Projektnummer: 2022-1-DE02-KA220-VET-000086891<br\/><\/p>\n\n<figure class=\"wp-block-image size-large is-resized\"><img loading=\"lazy\" decoding=\"async\" src=\"https:\/\/g2vet.eu\/wp-content\/uploads\/2023\/03\/EN-Co-Funded-by-the-EU_BLACK-Outline-1024x215.png\" alt=\"\" class=\"wp-image-1879\" width=\"320\" height=\"67\" srcset=\"https:\/\/g2vet.eu\/wp-content\/uploads\/2023\/03\/EN-Co-Funded-by-the-EU_BLACK-Outline-1024x215.png 1024w, https:\/\/g2vet.eu\/wp-content\/uploads\/2023\/03\/EN-Co-Funded-by-the-EU_BLACK-Outline-300x63.png 300w, https:\/\/g2vet.eu\/wp-content\/uploads\/2023\/03\/EN-Co-Funded-by-the-EU_BLACK-Outline-768x161.png 768w, https:\/\/g2vet.eu\/wp-content\/uploads\/2023\/03\/EN-Co-Funded-by-the-EU_BLACK-Outline-1536x322.png 1536w, https:\/\/g2vet.eu\/wp-content\/uploads\/2023\/03\/EN-Co-Funded-by-the-EU_BLACK-Outline-2048x430.png 2048w\" sizes=\"auto, (max-width: 320px) 100vw, 320px\" \/><\/figure>\n<figure class=\"wp-block-table\"><table><tbody><tr><td><\/td><td>Finanziert von der Europ\u00e4ischen Union. Die ge\u00e4u\u00dferten Ansichten und Meinungen sind jedoch ausschlie\u00dflich die des Autors\/der Autoren und spiegeln nicht unbedingt die der Europ\u00e4ischen Union oder der Europ\u00e4ischen Exekutivagentur f\u00fcr Bildung und Kultur (EACEA) wider. Weder die Europ\u00e4ische Union noch die EACEA k\u00f6nnen f\u00fcr sie verantwortlich gemacht werden.<\/td><\/tr><\/tbody><\/table><\/figure>","protected":false},"excerpt":{"rendered":"<p>G2VET ist eine ERASMUS+ KA2-Partnerschaft zwischen Einrichtungen des Berufsbildungssektors aus \u00d6sterreich, Finnland, Spanien und Deutschland.Gemeinsam wollen wir Impulse geben, um eine &#8222;gr\u00fcne Kultur&#8220; in unseren Einrichtungen zu schaffen und eine breite Community ermutigen, sich mit dem Thema zu besch\u00e4ftigen, sich und andere zu aktivieren und den Prozess konsequent weiterzuentwickeln. Wir sind davon \u00fcberzeugt, dass Bildung eine zentrale Rolle bei der [&hellip;]<\/p>\n","protected":false},"author":3,"featured_media":0,"parent":0,"menu_order":2,"comment_status":"closed","ping_status":"closed","template":"","meta":{"footnotes":""},"class_list":["post-2436","page","type-page","status-publish","hentry"],"_links":{"self":[{"href":"https:\/\/g2vet.eu\/de\/wp-json\/wp\/v2\/pages\/2436","targetHints":{"allow":["GET"]}}],"collection":[{"href":"https:\/\/g2vet.eu\/de\/wp-json\/wp\/v2\/pages"}],"about":[{"href":"https:\/\/g2vet.eu\/de\/wp-json\/wp\/v2\/types\/page"}],"author":[{"embeddable":true,"href":"https:\/\/g2vet.eu\/de\/wp-json\/wp\/v2\/users\/3"}],"replies":[{"embeddable":true,"href":"https:\/\/g2vet.eu\/de\/wp-json\/wp\/v2\/comments?post=2436"}],"version-history":[{"count":4,"href":"https:\/\/g2vet.eu\/de\/wp-json\/wp\/v2\/pages\/2436\/revisions"}],"predecessor-version":[{"id":2830,"href":"https:\/\/g2vet.eu\/de\/wp-json\/wp\/v2\/pages\/2436\/revisions\/2830"}],"wp:attachment":[{"href":"https:\/\/g2vet.eu\/de\/wp-json\/wp\/v2\/media?parent=2436"}],"curies":[{"name":"wp","href":"https:\/\/api.w.org\/{rel}","templated":true}]}}