{"id":2443,"date":"2021-11-21T15:12:46","date_gmt":"2021-11-21T14:12:46","guid":{"rendered":"https:\/\/g2vet.eu\/home\/"},"modified":"2024-09-09T08:28:30","modified_gmt":"2024-09-09T07:28:30","slug":"home","status":"publish","type":"page","link":"https:\/\/g2vet.eu\/de\/","title":{"rendered":"HOME"},"content":{"rendered":"\n<div class=\"wp-block-columns is-layout-flex wp-container-core-columns-is-layout-9d6595d7 wp-block-columns-is-layout-flex\">\n<div class=\"wp-block-column is-layout-flow wp-block-column-is-layout-flow\"><div class=\"wp-block-image\">\n<figure class=\"aligncenter size-full is-resized\"><img loading=\"lazy\" decoding=\"async\" width=\"250\" height=\"200\" src=\"https:\/\/g2vet.eu\/wp-content\/uploads\/2023\/05\/Community_Icon.png\" alt=\"\" class=\"wp-image-2100\" style=\"width:123px;height:98px\"\/><\/figure><\/div>\n\n\n<p class=\"has-text-align-left\">G2VET m\u00f6chte ein Verst\u00e4ndnis f\u00fcr die Dimensionen des Begriffs &#8222;Nachhaltigkeit&#8220; entwickeln und eine Gemeinschaft im Bereich der Nachhaltigkeit in der t\u00e4glichen Arbeit in Bildungseinrichtungen schaffen. Deshalb wollen wir fortschrittliche Formen der Kommunikation zwischen den Partnern und der Sensibilisierung durch Lernen mit- und voneinander etablieren. Ziel ist es, uns selbst und die Gemeinschaft zu ermutigen, sich mit dem Thema &#8222;Nachhaltigkeit&#8220; zu besch\u00e4ftigen.<\/p>\n<\/div>\n\n\n\n<div class=\"wp-block-column is-layout-flow wp-block-column-is-layout-flow\"><div class=\"wp-block-image\">\n<figure class=\"aligncenter size-full is-resized\"><img loading=\"lazy\" decoding=\"async\" width=\"250\" height=\"200\" src=\"https:\/\/g2vet.eu\/wp-content\/uploads\/2023\/05\/Blog_Icon.png\" alt=\"\" class=\"wp-image-2104\" style=\"width:124px;height:98px\"\/><\/figure><\/div>\n\n\n<p class=\"has-text-align-left\">Zu diesem Zweck richten wir einen Blog ein, in dem die Ergebnisse und der Prozess des Projekts (working-out-loud) ver\u00f6ffentlicht werden, mit Potenzial f\u00fcr die Entwicklung der Gemeinschaft. Wir werden kleine Lernnuggets (Lifehacks) zu den angesprochenen Themen entwickeln und eine Sammlung davon als Teil eines Werkzeugkastens von &#8222;kleinen Schritten&#8220; aufbauen, die von jedem umgesetzt werden k\u00f6nnen. Die wichtigsten Lerninhalte werden wir in Form eines Leitfadens ver\u00f6ffentlichen.<\/p>\n<\/div>\n\n\n\n<div class=\"wp-block-column is-layout-flow wp-block-column-is-layout-flow\"><div class=\"wp-block-image\">\n<figure class=\"aligncenter size-full is-resized\"><img loading=\"lazy\" decoding=\"async\" width=\"250\" height=\"200\" src=\"https:\/\/g2vet.eu\/wp-content\/uploads\/2023\/05\/Ziel_Reise_Icon.png\" alt=\"\" class=\"wp-image-2106\" style=\"width:124px;height:98px\"\/><\/figure><\/div>\n\n\n<p class=\"has-text-align-left\">G2VET zielt darauf ab, dass die Mitarbeiter der teilnehmenden Einrichtungen die Lifehacks kennen und sie mit Hilfe der entsprechenden digitalen Ressourcen anwenden k\u00f6nnen. Die beteiligten Mitarbeiter in den Organisationen und Abteilungen sind mit dem europ\u00e4ischen GreenComp-Modell vertraut und k\u00f6nnen ihre Kompetenzen einsch\u00e4tzen. Das Projektkonsortium selbst \u00fcbernimmt die Rolle des Lernenden. Wir dokumentieren unsere Lernreisen und stellen sie als Erfahrung zur Verf\u00fcgung.<\/p>\n<\/div>\n<\/div>\n\n<hr class=\"wp-block-separator has-alpha-channel-opacity\"\/>\n\n<div class=\"wp-block-columns is-layout-flex wp-container-core-columns-is-layout-9d6595d7 wp-block-columns-is-layout-flex\">\n<div class=\"wp-block-column is-layout-flow wp-block-column-is-layout-flow\">\n<figure class=\"wp-block-image size-large\"><img loading=\"lazy\" decoding=\"async\" width=\"1024\" height=\"215\" src=\"https:\/\/g2vet.eu\/wp-content\/uploads\/2023\/03\/EN-Co-Funded-by-the-EU_BLACK-Outline-1024x215.png\" alt=\"\" class=\"wp-image-1879\" srcset=\"https:\/\/g2vet.eu\/wp-content\/uploads\/2023\/03\/EN-Co-Funded-by-the-EU_BLACK-Outline-1024x215.png 1024w, https:\/\/g2vet.eu\/wp-content\/uploads\/2023\/03\/EN-Co-Funded-by-the-EU_BLACK-Outline-300x63.png 300w, https:\/\/g2vet.eu\/wp-content\/uploads\/2023\/03\/EN-Co-Funded-by-the-EU_BLACK-Outline-768x161.png 768w, https:\/\/g2vet.eu\/wp-content\/uploads\/2023\/03\/EN-Co-Funded-by-the-EU_BLACK-Outline-1536x322.png 1536w, https:\/\/g2vet.eu\/wp-content\/uploads\/2023\/03\/EN-Co-Funded-by-the-EU_BLACK-Outline-2048x430.png 2048w\" sizes=\"auto, (max-width: 1024px) 100vw, 1024px\" \/><\/figure><\/div>\n\n\n\n<div class=\"wp-block-column is-layout-flow wp-block-column-is-layout-flow\">\n<p>Finanziert von der Europ\u00e4ischen Union. Die ge\u00e4u\u00dferten Ansichten und Meinungen sind jedoch ausschlie\u00dflich die des Autors\/der Autoren und spiegeln nicht unbedingt die der Europ\u00e4ischen Union oder der Europ\u00e4ischen Exekutivagentur f\u00fcr Bildung und Kultur (EACEA) wider. Weder die Europ\u00e4ische Union noch die EACEA k\u00f6nnen f\u00fcr sie verantwortlich gemacht werden.<\/p>\n<\/div>\n<\/div>\n\n<div style=\"height:100px\" aria-hidden=\"true\" class=\"wp-block-spacer\"><\/div>\n","protected":false},"excerpt":{"rendered":"<p>G2VET m\u00f6chte ein Verst\u00e4ndnis f\u00fcr die Dimensionen des Begriffs &#8222;Nachhaltigkeit&#8220; entwickeln und eine Gemeinschaft im Bereich der Nachhaltigkeit in der t\u00e4glichen Arbeit in Bildungseinrichtungen schaffen. Deshalb wollen wir fortschrittliche Formen der Kommunikation zwischen den Partnern und der Sensibilisierung durch Lernen mit- und voneinander etablieren. Ziel ist es, uns selbst und die Gemeinschaft zu ermutigen, sich mit dem Thema &#8222;Nachhaltigkeit&#8220; zu [&hellip;]<\/p>\n","protected":false},"author":5,"featured_media":0,"parent":0,"menu_order":0,"comment_status":"closed","ping_status":"closed","template":"page-templates\/full-width-container.php","meta":{"footnotes":""},"class_list":["post-2443","page","type-page","status-publish","hentry"],"_links":{"self":[{"href":"https:\/\/g2vet.eu\/de\/wp-json\/wp\/v2\/pages\/2443","targetHints":{"allow":["GET"]}}],"collection":[{"href":"https:\/\/g2vet.eu\/de\/wp-json\/wp\/v2\/pages"}],"about":[{"href":"https:\/\/g2vet.eu\/de\/wp-json\/wp\/v2\/types\/page"}],"author":[{"embeddable":true,"href":"https:\/\/g2vet.eu\/de\/wp-json\/wp\/v2\/users\/5"}],"replies":[{"embeddable":true,"href":"https:\/\/g2vet.eu\/de\/wp-json\/wp\/v2\/comments?post=2443"}],"version-history":[{"count":3,"href":"https:\/\/g2vet.eu\/de\/wp-json\/wp\/v2\/pages\/2443\/revisions"}],"predecessor-version":[{"id":4334,"href":"https:\/\/g2vet.eu\/de\/wp-json\/wp\/v2\/pages\/2443\/revisions\/4334"}],"wp:attachment":[{"href":"https:\/\/g2vet.eu\/de\/wp-json\/wp\/v2\/media?parent=2443"}],"curies":[{"name":"wp","href":"https:\/\/api.w.org\/{rel}","templated":true}]}}