{"id":2444,"date":"2023-03-15T20:55:30","date_gmt":"2023-03-15T19:55:30","guid":{"rendered":"https:\/\/g2vet.eu\/nachhaltigkeit\/"},"modified":"2024-09-10T10:12:22","modified_gmt":"2024-09-10T09:12:22","slug":"nachhaltigkeit","status":"publish","type":"page","link":"https:\/\/g2vet.eu\/de\/nachhaltigkeit\/","title":{"rendered":"Bibliothek f\u00fcr P\u00e4dagogen"},"content":{"rendered":"\n<div class=\"wp-block-columns is-layout-flex wp-container-core-columns-is-layout-9d6595d7 wp-block-columns-is-layout-flex\">\n<div class=\"wp-block-column is-layout-flow wp-block-column-is-layout-flow\" style=\"flex-basis:33.33%\">\n<figure class=\"wp-block-image size-large\"><img loading=\"lazy\" decoding=\"async\" width=\"410\" height=\"1024\" src=\"https:\/\/g2vet.eu\/wp-content\/uploads\/2023\/05\/G2VET_Aims-410x1024.png\" alt=\"\" class=\"wp-image-2114\" srcset=\"https:\/\/g2vet.eu\/wp-content\/uploads\/2023\/05\/G2VET_Aims-410x1024.png 410w, https:\/\/g2vet.eu\/wp-content\/uploads\/2023\/05\/G2VET_Aims-120x300.png 120w, https:\/\/g2vet.eu\/wp-content\/uploads\/2023\/05\/G2VET_Aims-768x1920.png 768w, https:\/\/g2vet.eu\/wp-content\/uploads\/2023\/05\/G2VET_Aims-819x2048.png 819w, https:\/\/g2vet.eu\/wp-content\/uploads\/2023\/05\/G2VET_Aims.png 1000w\" sizes=\"auto, (max-width: 410px) 100vw, 410px\" \/><\/figure><\/div>\n\n\n\n<div class=\"wp-block-column is-layout-flow wp-block-column-is-layout-flow\" style=\"flex-basis:66.66%\">\n<h2 class=\"wp-block-heading\">Nachhaltigkeit und Bildung f\u00fcr nachhaltige Entwicklung (BNE) in der Berufsbildung<\/h2>\n\n\n\n<p>Nachhaltigkeit ist ein komplexes Konzept mit verschiedenen Auslegungen.\nEs gibt zwar unterschiedliche Definitionen, aber es besteht ein breiter Konsens dar\u00fcber, dass Nachhaltigkeit f\u00fcr alle Aspekte der Arbeit und des t\u00e4glichen Lebens relevant ist und daher in alle Bildungsbereiche integriert werden muss.<br\/>Als EU-Partnerschaft beziehen wir uns auf den EU-Referenzrahmen f\u00fcr gr\u00fcne Kompetenzen (GreenComp), der Nachhaltigkeit wie folgt definiert: <\/p>\n\n\n\n<p><\/p>\n\n\n\n<blockquote class=\"wp-block-quote is-layout-flow wp-block-quote-is-layout-flow\">\n<p>&#8222;Vorrangige Ber\u00fccksichtigung der Bed\u00fcrfnisse aller Lebensformen und des Planeten, indem sichergestellt wird, dass die menschlichen Aktivit\u00e4ten die planetarischen Grenzen nicht \u00fcberschreiten.&#8220;<\/p>\n<\/blockquote>\n\n\n\n<p>Der<strong> GreenComp-Rahmen der EU<\/strong> identifiziert eine Reihe von Kompetenzen f\u00fcr Nachhaltigkeit, die in Bildungsprogramme integriert werden k\u00f6nnen und den Lernenden helfen, das Wissen, die F\u00e4higkeiten und die Einstellungen zu entwickeln, die f\u00fcr nachhaltige Praktiken notwendig sind.<\/p>\n\n\n\n<p>Sie k\u00f6nnen das GreenComp Framework <a href=\"https:\/\/publications.jrc.ec.europa.eu\/repository\/handle\/JRC128040\">hier<\/a> herunterladen.<\/p>\n\n\n\n<p>Die Europ\u00e4ische Union legt in ihrer Politik den Schwerpunkt auf die Bildung f\u00fcr nachhaltige Entwicklung (BNE). Ziel ist es, die Menschen mit dem Wissen, den F\u00e4higkeiten und den Werten auszustatten, die sie ben\u00f6tigen, um den Planeten zu sch\u00fctzen und die 17 UN-Ziele f\u00fcr nachhaltige Entwicklung voranzubringen.<\/p>\n<\/div>\n<\/div>\n\n<h2 class=\"wp-block-heading\">Nachhaltigkeit in der beruflichen Aus- und Weiterbildung (VET)<\/h2>\n\n<p>Die Berufsbildung spielt eine entscheidende Rolle bei der BNE, indem sie die Prinzipien der Nachhaltigkeit in die Bildungsprogramme integriert.\nDadurch werden k\u00fcnftige Fachkr\u00e4fte darauf vorbereitet, in verschiedenen Sektoren nachhaltig zu denken und zu handeln, die Verantwortung f\u00fcr die Umwelt zu f\u00f6rdern und nachhaltige Praktiken in Organisationen zu unterst\u00fctzen. <\/p>\n\n<p><\/p>\n\n<h2 class=\"wp-block-heading\">Ressourcen f\u00fcr Lehrkr\u00e4fte und Ausbilder in der Berufsbildung<\/h2>\n\n<p>Zur Unterst\u00fctzung von Lehr- und Ausbildungsaktivit\u00e4ten in der beruflichen Bildung bietet das G2VET-Projekt an dieser Stelle unterst\u00fctzendes Material als Zusammenfassung unseres Projekts und Empfehlungen zur Verwendung unserer Materialien und Ergebnisse:<\/p>\n\n<ul class=\"wp-block-list\">\n<li><strong>Empfehlungen f\u00fcr die Bewertung von Nachhaltigkeitskompetenz:<\/strong> Dieses Dokument bietet einen Leitfaden f\u00fcr die Bewertung von Wissen, Einstellungen und Werten in Bezug auf Nachhaltigkeit in der beruflichen Bildung.<\/li>\n\n\n\n<li><strong>Der G2VET Transfer-Leitfaden: <\/strong>Dieser Leitfaden enth\u00e4lt Empfehlungen, wie Sie die Materialien (Lifehacks und Blog) des G2VET-Projekts effektiv in Ihrer Unterrichtspraxis einsetzen k\u00f6nnen.<\/li>\n<\/ul>\n\n<h2 class=\"wp-block-heading\"><\/h2>\n\n<p>Diese Ressourcen sollen Lehrkr\u00e4ften in der beruflichen Bildung helfen, Nachhaltigkeitskonzepte in ihren Lehrplan zu integrieren und die Fortschritte der Sch\u00fcler bei der Entwicklung nachhaltiger Kompetenzen zu bewerten.<\/p>\n\n<div class=\"wp-block-columns is-layout-flex wp-container-core-columns-is-layout-9d6595d7 wp-block-columns-is-layout-flex\">\n<div class=\"wp-block-column is-layout-flow wp-block-column-is-layout-flow\">\n<p>Empfehlungen zur Bewertung der Nachhaltigkeitskompetenz<br\/><em>Englische Version<\/em><\/p>\n\n\n\n<div data-wp-interactive=\"core\/file\" class=\"wp-block-file\"><object data-wp-bind--hidden=\"!state.hasPdfPreview\" hidden class=\"wp-block-file__embed\" data=\"https:\/\/g2vet.eu\/wp-content\/uploads\/2024\/08\/G2VET-Assessing-Sustainability-Competence_EN.pdf\" type=\"application\/pdf\" style=\"width:100%;height:470px\" aria-label=\"Einbettung von G2VET Assessing Sustainability Competence_EN.\"><\/object><a id=\"wp-block-file--media-cce50d70-818b-4abe-8237-da1012bc0a67\" href=\"https:\/\/g2vet.eu\/wp-content\/uploads\/2024\/08\/G2VET-Assessing-Sustainability-Competence_EN.pdf\">G2VET Bewertung der Nachhaltigkeitskompetenz_DE<\/a><a href=\"https:\/\/g2vet.eu\/wp-content\/uploads\/2024\/08\/G2VET-Assessing-Sustainability-Competence_EN.pdf\" class=\"wp-block-file__button wp-element-button\" download=\"\" aria-describedby=\"wp-block-file--media-cce50d70-818b-4abe-8237-da1012bc0a67\">Herunterladen<\/a><\/div>\n<\/div>\n\n\n\n<div class=\"wp-block-column is-layout-flow wp-block-column-is-layout-flow\">\n<p>Empfehlungen zur Bewertung der Nachhaltigkeitskompetenz<br\/><em>Deutsche Version<\/em><\/p>\n\n\n\n<div data-wp-interactive=\"core\/file\" class=\"wp-block-file\"><object data-wp-bind--hidden=\"!state.hasPdfPreview\" hidden class=\"wp-block-file__embed\" data=\"https:\/\/g2vet.eu\/wp-content\/uploads\/2024\/08\/G2VET-Bewertung-von-Nachhaltigkeitskompetenz_DE.pdf\" type=\"application\/pdf\" style=\"width:100%;height:470px\" aria-label=\"Einbettung von G2VET Bewertung von Nachhaltigkeitskompetenz_DE.\"><\/object><a id=\"wp-block-file--media-ed40b63d-cd52-4e1b-b227-d4e0f45b85fd\" href=\"https:\/\/g2vet.eu\/wp-content\/uploads\/2024\/08\/G2VET-Bewertung-von-Nachhaltigkeitskompetenz_DE.pdf\">G2VET Bewertung von Nachhaltigkeitskompetenz_DE<\/a><a href=\"https:\/\/g2vet.eu\/wp-content\/uploads\/2024\/08\/G2VET-Bewertung-von-Nachhaltigkeitskompetenz_DE.pdf\" class=\"wp-block-file__button wp-element-button\" download=\"\" aria-describedby=\"wp-block-file--media-ed40b63d-cd52-4e1b-b227-d4e0f45b85fd\">Herunterladen<\/a><\/div>\n<\/div>\n\n\n\n<div class=\"wp-block-column is-layout-flow wp-block-column-is-layout-flow\">\n<p>Empfehlungen zur Bewertung der Nachhaltigkeitskompetenz<br\/><em>Spanische Version<\/em><\/p>\n\n\n\n<div data-wp-interactive=\"core\/file\" class=\"wp-block-file\"><object data-wp-bind--hidden=\"!state.hasPdfPreview\" hidden class=\"wp-block-file__embed\" data=\"https:\/\/g2vet.eu\/wp-content\/uploads\/2024\/08\/G2VET-Evaluacion-de-la-Competencia-de-Sostenibilidad_ES.pdf\" type=\"application\/pdf\" style=\"width:100%;height:470px\" aria-label=\"Einbettung von G2VET Evaluaci\u00f3n de la Competencia de Sostenibilidad_ES.\"><\/object><a id=\"wp-block-file--media-46a4823b-edc6-4aaa-b2d0-69672f1ac284\" href=\"https:\/\/g2vet.eu\/wp-content\/uploads\/2024\/08\/G2VET-Evaluacion-de-la-Competencia-de-Sostenibilidad_ES.pdf\">G2VET Evaluaci\u00f3n de la Competencia de Sostenibilidad_ES<\/a><a href=\"https:\/\/g2vet.eu\/wp-content\/uploads\/2024\/08\/G2VET-Evaluacion-de-la-Competencia-de-Sostenibilidad_ES.pdf\" class=\"wp-block-file__button wp-element-button\" download=\"\" aria-describedby=\"wp-block-file--media-46a4823b-edc6-4aaa-b2d0-69672f1ac284\">Herunterladen<\/a><\/div>\n<\/div>\n<\/div>\n\n<div class=\"wp-block-columns is-layout-flex wp-container-core-columns-is-layout-9d6595d7 wp-block-columns-is-layout-flex\">\n<div class=\"wp-block-column is-layout-flow wp-block-column-is-layout-flow\">\n<p>TransferGuide &#8222;Wie Sie die G2VET-Materialien in Ihre Praxis integrieren&#8220;<\/p>\n\n\n\n<div data-wp-interactive=\"core\/file\" class=\"wp-block-file\"><object data-wp-bind--hidden=\"!state.hasPdfPreview\" hidden class=\"wp-block-file__embed\" data=\"https:\/\/g2vet.eu\/wp-content\/uploads\/2024\/08\/G2VET_Transfer-Guide_EN.pdf\" type=\"application\/pdf\" style=\"width:100%;height:470px\" aria-label=\"Einbettung von G2VET_Transfer Guide_EN.\"><\/object><a id=\"wp-block-file--media-18e31740-261f-4517-9349-771af690ae1b\" href=\"https:\/\/g2vet.eu\/wp-content\/uploads\/2024\/08\/G2VET_Transfer-Guide_EN.pdf\">G2VET_\u00dcbertragungsleitfaden_DE<\/a><a href=\"https:\/\/g2vet.eu\/wp-content\/uploads\/2024\/08\/G2VET_Transfer-Guide_EN.pdf\" class=\"wp-block-file__button wp-element-button\" download=\"\" aria-describedby=\"wp-block-file--media-18e31740-261f-4517-9349-771af690ae1b\">Herunterladen<\/a><\/div>\n<\/div>\n\n\n\n<div class=\"wp-block-column is-layout-flow wp-block-column-is-layout-flow\">\n<p>TransferGuide &#8222;Integration der G2VET-Ergebnisse und Materialien in die Praxis&#8220;<\/p>\n\n\n\n<div data-wp-interactive=\"core\/file\" class=\"wp-block-file\"><object data-wp-bind--hidden=\"!state.hasPdfPreview\" hidden class=\"wp-block-file__embed\" data=\"https:\/\/g2vet.eu\/wp-content\/uploads\/2024\/08\/G2VET_Transfer-Guide_DE-1.pdf\" type=\"application\/pdf\" style=\"width:100%;height:470px\" aria-label=\"Einbettung von G2VET_Transfer Guide_DE.\"><\/object><a id=\"wp-block-file--media-31d29601-198e-463a-81ec-01d73a9b1bc1\" href=\"https:\/\/g2vet.eu\/wp-content\/uploads\/2024\/08\/G2VET_Transfer-Guide_DE-1.pdf\">G2VET_\u00dcbertragungsleitfaden_DE<\/a><a href=\"https:\/\/g2vet.eu\/wp-content\/uploads\/2024\/08\/G2VET_Transfer-Guide_DE-1.pdf\" class=\"wp-block-file__button wp-element-button\" download=\"\" aria-describedby=\"wp-block-file--media-31d29601-198e-463a-81ec-01d73a9b1bc1\">Herunterladen<\/a><\/div>\n<\/div>\n\n\n\n<div class=\"wp-block-column is-layout-flow wp-block-column-is-layout-flow\">\n<p>Transferleitfaden &#8222;Integraci\u00f3n de los resultados y recursos de G2VET en la pr\u00e1ctica&#8220;<\/p>\n\n\n\n<div data-wp-interactive=\"core\/file\" class=\"wp-block-file\"><object data-wp-bind--hidden=\"!state.hasPdfPreview\" hidden class=\"wp-block-file__embed\" data=\"https:\/\/g2vet.eu\/wp-content\/uploads\/2024\/08\/G2VET_Transfer-Guide_ES.pdf\" type=\"application\/pdf\" style=\"width:100%;height:470px\" aria-label=\"Einbettung von G2VET_Transfer Guide_ES.\"><\/object><a id=\"wp-block-file--media-f641a599-5a08-4469-a476-1ecd7ed074c6\" href=\"https:\/\/g2vet.eu\/wp-content\/uploads\/2024\/08\/G2VET_Transfer-Guide_ES.pdf\">G2VET_\u00dcbertragungsleitfaden_ES<\/a><a href=\"https:\/\/g2vet.eu\/wp-content\/uploads\/2024\/08\/G2VET_Transfer-Guide_ES.pdf\" class=\"wp-block-file__button wp-element-button\" download=\"\" aria-describedby=\"wp-block-file--media-f641a599-5a08-4469-a476-1ecd7ed074c6\">Herunterladen<\/a><\/div>\n<\/div>\n<\/div>\n","protected":false},"excerpt":{"rendered":"<p>Nachhaltigkeit und Bildung f\u00fcr nachhaltige Entwicklung (BNE) in der Berufsbildung Nachhaltigkeit ist ein komplexes Konzept mit verschiedenen Auslegungen. Es gibt zwar unterschiedliche Definitionen, aber es besteht ein breiter Konsens dar\u00fcber, dass Nachhaltigkeit f\u00fcr alle Aspekte der Arbeit und des t\u00e4glichen Lebens relevant ist und daher in alle Bildungsbereiche integriert werden muss.Als EU-Partnerschaft beziehen wir uns auf den EU-Referenzrahmen f\u00fcr gr\u00fcne [&hellip;]<\/p>\n","protected":false},"author":5,"featured_media":0,"parent":0,"menu_order":0,"comment_status":"closed","ping_status":"closed","template":"","meta":{"footnotes":""},"class_list":["post-2444","page","type-page","status-publish","hentry"],"_links":{"self":[{"href":"https:\/\/g2vet.eu\/de\/wp-json\/wp\/v2\/pages\/2444","targetHints":{"allow":["GET"]}}],"collection":[{"href":"https:\/\/g2vet.eu\/de\/wp-json\/wp\/v2\/pages"}],"about":[{"href":"https:\/\/g2vet.eu\/de\/wp-json\/wp\/v2\/types\/page"}],"author":[{"embeddable":true,"href":"https:\/\/g2vet.eu\/de\/wp-json\/wp\/v2\/users\/5"}],"replies":[{"embeddable":true,"href":"https:\/\/g2vet.eu\/de\/wp-json\/wp\/v2\/comments?post=2444"}],"version-history":[{"count":8,"href":"https:\/\/g2vet.eu\/de\/wp-json\/wp\/v2\/pages\/2444\/revisions"}],"predecessor-version":[{"id":4362,"href":"https:\/\/g2vet.eu\/de\/wp-json\/wp\/v2\/pages\/2444\/revisions\/4362"}],"wp:attachment":[{"href":"https:\/\/g2vet.eu\/de\/wp-json\/wp\/v2\/media?parent=2444"}],"curies":[{"name":"wp","href":"https:\/\/api.w.org\/{rel}","templated":true}]}}