{"id":2445,"date":"2023-03-15T20:55:30","date_gmt":"2023-03-15T19:55:30","guid":{"rendered":"https:\/\/g2vet.eu\/projektpartner\/"},"modified":"2024-07-16T09:22:50","modified_gmt":"2024-07-16T08:22:50","slug":"projektpartner","status":"publish","type":"page","link":"https:\/\/g2vet.eu\/de\/projektpartner\/","title":{"rendered":"PROJEKTPARTNER"},"content":{"rendered":"<p><style>\/*! elementor - v3.12.1 - 02-04-2023 *\/<br \/>.elementor-widget-divider{--divider-border-style:none;--divider-border-width:1px;--divider-color:#0c0d0e;--divider-icon-size:20px;--divider-element-spacing:10px;--divider-pattern-height:24px;--divider-pattern-size:20px;--divider-pattern-url:none;--divider-pattern-repeat:repeat-x}.elementor-widget-divider .elementor-divider{display:flex}.elementor-widget-divider .elementor-divider__text{font-size:15px;line-height:1;max-width:95%}.elementor-widget-divider .elementor-divider__element{margin:0 var(--divider-element-spacing);flex-shrink:0}.elementor-widget-divider .elementor-icon{font-size:var(--divider-icon-size)}.elementor-widget-divider .elementor-divider-separator{display:flex;margin:0;direction:ltr}.elementor-widget-divider--view-line_icon .elementor-divider-separator,.elementor-widget-divider--view-line_text .elementor-divider-separator{align-items:center}.elementor-widget-divider--view-line_icon .elementor-divider-separator:after,.elementor-widget-divider--view-line_icon .elementor-divider-separator:before,.elementor-widget-divider--view-line_text .elementor-divider-separator:after,.elementor-widget-divider--view-line_text .elementor-divider-separator:before{display:block;content:\"\";border-bottom:0;flex-grow:1;border-top:var(--divider-border-width) var(--divider-border-style) var(--divider-color)}.elementor-widget-divider--element-align-left .elementor-divider .elementor-divider-separator>.elementor-divider__svg:first-of-type{flex-grow:0;flex-shrink:100}.elementor-widget-divider--element-align-left .elementor-divider-separator:before{content:none}.elementor-widget-divider--element-align-left .elementor-divider__element{margin-left:0}.elementor-widget-divider--element-align-right .elementor-divider .elementor-divider-separator>.elementor-divider__svg:last-of-type{flex-grow:0;flex-shrink:100}.elementor-widget-divider--element-align-right .elementor-divider-separator:after{content:none}.elementor-widget-divider--element-align-right .elementor-divider__element{margin-right:0}.elementor-widget-divider:not(.elementor-widget-divider--view-line_text):not(.elementor-widget-divider--view-line_icon) .elementor-divider-separator{border-top:var(--divider-border-width) var(--divider-border-style) var(--divider-color)}.elementor-widget-divider--separator-type-pattern{--divider-border-style:none}.elementor-widget-divider--separator-type-pattern.elementor-widget-divider--view-line .elementor-divider-separator,.elementor-widget-divider--separator-type-pattern:not(.elementor-widget-divider--view-line) .elementor-divider-separator:after,.elementor-widget-divider--separator-type-pattern:not(.elementor-widget-divider--view-line) .elementor-divider-separator:before,.elementor-widget-divider--separator-type-pattern:not([class*=elementor-widget-divider--view]) .elementor-divider-separator{width:100%;min-height:var(--divider-pattern-height);-webkit-mask-size:var(--divider-pattern-size) 100%;mask-size:var(--divider-pattern-size) 100%;-webkit-mask-repeat:var(--divider-pattern-repeat);mask-repeat:var(--divider-pattern-repeat);background-color:var(--divider-color);-webkit-mask-image:var(--divider-pattern-url);mask-image:var(--divider-pattern-url)}.elementor-widget-divider--no-spacing{--divider-pattern-size:auto}.elementor-widget-divider--bg-round{--divider-pattern-repeat:round}.rtl .elementor-widget-divider .elementor-divider__text{direction:rtl}.e-con-inner>.elementor-widget-divider,.e-con>.elementor-widget-divider{width:var(--container-widget-width,100%);--flex-grow:var(--container-widget-flex-grow)}<\/style><\/p>\n\n<div style=\"height:100px\" aria-hidden=\"true\" class=\"wp-block-spacer\"><\/div>\n\n<div class=\"wp-block-columns is-layout-flex wp-container-core-columns-is-layout-9d6595d7 wp-block-columns-is-layout-flex\">\n<div class=\"wp-block-column is-layout-flow wp-block-column-is-layout-flow\" style=\"flex-basis:33.33%\"><div class=\"wp-block-image\">\n<figure class=\"aligncenter size-large is-resized\"><a href=\"https:\/\/stiftung-bildung-handwerk.de\/\"><img loading=\"lazy\" decoding=\"async\" width=\"1024\" height=\"243\" src=\"https:\/\/g2vet.eu\/wp-content\/uploads\/2023\/03\/Stiftung_Bildung__Handwerk-1024x243.jpg\" alt=\"\" class=\"wp-image-1651\" style=\"width:268px;height:63px\" srcset=\"https:\/\/g2vet.eu\/wp-content\/uploads\/2023\/03\/Stiftung_Bildung__Handwerk-1024x243.jpg 1024w, https:\/\/g2vet.eu\/wp-content\/uploads\/2023\/03\/Stiftung_Bildung__Handwerk-300x71.jpg 300w, https:\/\/g2vet.eu\/wp-content\/uploads\/2023\/03\/Stiftung_Bildung__Handwerk-768x182.jpg 768w, https:\/\/g2vet.eu\/wp-content\/uploads\/2023\/03\/Stiftung_Bildung__Handwerk-1536x365.jpg 1536w, https:\/\/g2vet.eu\/wp-content\/uploads\/2023\/03\/Stiftung_Bildung__Handwerk-2048x486.jpg 2048w\" sizes=\"auto, (max-width: 1024px) 100vw, 1024px\" \/><\/a><\/figure><\/div><\/div>\n\n\n\n<div class=\"wp-block-column is-layout-flow wp-block-column-is-layout-flow\" style=\"flex-basis:66.66%\">\n<h2 class=\"wp-block-heading\">STIFTUNG BILDUNG &amp; HANDWERK I DEUTSCHLAND<\/h2>\n\n\n\n<p>Die Stiftung Bildung &amp; Handwerk mit Sitz in Paderborn, Deutschland, setzt sich f\u00fcr einen gleichberechtigten Zugang zu Bildung und Besch\u00e4ftigung als Voraussetzung f\u00fcr Chancengleichheit in der Gesellschaft ein. Sie wurde 2001 von der Kreishandwerkerschaft Paderborn als gemeinn\u00fctziger Verein gegr\u00fcndet, der sich seit seiner Gr\u00fcndung nicht nur f\u00fcr die wirtschaftlichen und politischen Interessen des regionalen Handwerks, sondern auch f\u00fcr eine nachhaltige und zeitgem\u00e4\u00dfe Aus- und Weiterbildung einsetzt.<\/p>\n\n\n\n<p>Wir investieren in die Qualit\u00e4t unserer Arbeit und f\u00fchren sie in die F\u00f6rderung einer zukunftsorientierten Bildung zur\u00fcck. Zu diesem Zweck ist die Stiftung eng mit dem Stiftungsnetz verbunden, zu dem acht Bildungsunternehmen sowie eine Universit\u00e4t und drei Auslandsschulen geh\u00f6ren. Leistung, Innovationskraft und ein hohes Verantwortungsbewusstsein f\u00fcr Mensch und Umwelt sind unser Anspruch. Wir handeln nachhaltig und ressourcenorientiert.<\/p>\n<\/div>\n<\/div>\n\n<hr class=\"wp-block-separator has-alpha-channel-opacity is-style-wide\"\/>\n\n<div class=\"wp-block-columns is-layout-flex wp-container-core-columns-is-layout-9d6595d7 wp-block-columns-is-layout-flex\">\n<div class=\"wp-block-column is-layout-flow wp-block-column-is-layout-flow\" style=\"flex-basis:33.33%\"><div class=\"wp-block-image\">\n<figure class=\"aligncenter size-full\"><a href=\"https:\/\/www.kpedu.fi\/\" target=\"_blank\" rel=\"noreferrer noopener\"><img loading=\"lazy\" decoding=\"async\" width=\"765\" height=\"217\" src=\"https:\/\/g2vet.eu\/wp-content\/uploads\/2023\/03\/kpedu_logo.png\" alt=\"\" class=\"wp-image-1652\" srcset=\"https:\/\/g2vet.eu\/wp-content\/uploads\/2023\/03\/kpedu_logo.png 765w, https:\/\/g2vet.eu\/wp-content\/uploads\/2023\/03\/kpedu_logo-300x85.png 300w\" sizes=\"auto, (max-width: 765px) 100vw, 765px\" \/><\/a><\/figure><\/div><\/div>\n\n\n\n<div class=\"wp-block-column is-layout-flow wp-block-column-is-layout-flow\" style=\"flex-basis:66.66%\">\n<h2 class=\"wp-block-heading\">F\u00d6DERATION F\u00dcR BILDUNG IN ZENTRALOSTBOTTNIEN (KPEDU) UND FINNLAND<\/h2>\n\n\n\n<p>Kpedu ist eine multidisziplin\u00e4re und sich aktiv entwickelnde Bildungsorganisation, die grundlegende und zus\u00e4tzliche berufliche Sekundarbildung, vorbereitende Bildung, Lehrlingsausbildung und Volkshochschulbildung organisiert.<\/p>\n\n\n\n<p>Gem\u00e4\u00df unserer Strategie f\u00fcr nachhaltiges Wachstum 2021-2025 haben wir uns den Grunds\u00e4tzen und Praktiken der nachhaltigen Entwicklung verpflichtet, die auf dem Prinzip der kontinuierlichen Verbesserung beruhen. Unser Ziel ist es, innovativ und kundenorientiert zu handeln (sowohl im Studium als auch im Berufsleben) und Fachwissen zu produzieren, das Denken und Handeln im Sinne einer nachhaltigen Entwicklung in verschiedenen Berufsfeldern f\u00f6rdert.<\/p>\n\n\n\n<p>In unserer Region boomt ein Wasserstoff-, Windenergie- und Batterie-Cluster, das neuen Bildungsbedarf f\u00fcr das Know-how von morgen im Bereich des gr\u00fcnen Transfers schafft. Unsere soziale Verantwortung baut die Zukunft auf wirtschaftlich, \u00f6kologisch, sozial und kulturell nachhaltige L\u00f6sungen. Ziel ist es, das umfassende Wohlergehen der Studierenden, des Personals, des Arbeitslebens, der Umwelt und des Einzugsgebiets zu f\u00f6rdern.<\/p>\n<\/div>\n<\/div>\n\n<hr class=\"wp-block-separator has-alpha-channel-opacity is-style-wide\"\/>\n\n<div class=\"wp-block-columns is-layout-flex wp-container-core-columns-is-layout-9d6595d7 wp-block-columns-is-layout-flex\">\n<div class=\"wp-block-column is-layout-flow wp-block-column-is-layout-flow\" style=\"flex-basis:33.33%\"><div class=\"wp-block-image\">\n<figure class=\"aligncenter size-full\"><a href=\"https:\/\/www.bbrz.at\/de\/bbrz\"><img loading=\"lazy\" decoding=\"async\" width=\"676\" height=\"125\" src=\"https:\/\/g2vet.eu\/wp-content\/uploads\/2023\/03\/Logo-BBRZ.png\" alt=\"\" class=\"wp-image-1920\" srcset=\"https:\/\/g2vet.eu\/wp-content\/uploads\/2023\/03\/Logo-BBRZ.png 676w, https:\/\/g2vet.eu\/wp-content\/uploads\/2023\/03\/Logo-BBRZ-300x55.png 300w\" sizes=\"auto, (max-width: 676px) 100vw, 676px\" \/><\/a><\/figure><\/div><\/div>\n\n\n\n<div class=\"wp-block-column is-layout-flow wp-block-column-is-layout-flow\" style=\"flex-basis:66.66%\">\n<h2 class=\"wp-block-heading\">BERUFLICHES BILDUNGS- UND TRAININGSZENTRUM \u00d6STERREICH (BBRZ-\u00d6) I AUSTRIA<\/h2>\n\n\n\n<p>Das BBRZ (Berufliches Bildungs- und Rehabilitationszentrum) ist einer der gr\u00f6\u00dften Spezialisten f\u00fcr berufliche Bildung und Rehabilitation in \u00d6sterreich. Seit 1975 besteht unsere Aufgabe darin, m\u00f6glichst viele Menschen im erwerbsf\u00e4higen Alter bei der Entwicklung und Nutzung ihrer beruflichen und sozialen M\u00f6glichkeiten zu unterst\u00fctzen, zu f\u00f6rdern und zu begleiten. Deshalb unterst\u00fctzen wir Menschen, die aufgrund einer k\u00f6rperlichen oder psychischen Erkrankung oder eines Unfalls nicht mehr in der Lage sind, ihren bisherigen Beruf auszu\u00fcben, auf ihrem Weg zur\u00fcck ins Berufsleben. Dar\u00fcber hinaus bieten wir spezielle Dienste f\u00fcr sehbehinderte Menschen, Menschen mit Autismus oder mit Hirnverletzungen oder neurologischen Erkrankungen. Wir unterst\u00fctzen unsere Kunden aktiv und erarbeiten gemeinsam mit ihnen einen Rehabilitationsplan f\u00fcr ihre Zukunft. Alle unsere Dienstleistungen sind darauf ausgerichtet, unser Ziel zu erreichen, n\u00e4mlich die nachhaltige Integration unserer Kunden in den offenen Arbeitsmarkt. Unsere Kunden sind aktive Gestalter ihres eigenen beruflichen Rehabilitationsprozesses. Wir begleiten sie auf Augenh\u00f6he, mit einem ganzheitlichen Ansatz und vertrauen auf ihre F\u00e4higkeiten und St\u00e4rken.<\/p>\n<\/div>\n<\/div>\n\n<hr class=\"wp-block-separator has-alpha-channel-opacity is-style-wide\"\/>\n\n<div class=\"wp-block-columns is-layout-flex wp-container-core-columns-is-layout-9d6595d7 wp-block-columns-is-layout-flex\">\n<div class=\"wp-block-column is-layout-flow wp-block-column-is-layout-flow\" style=\"flex-basis:33.33%\"><div class=\"wp-block-image\">\n<figure class=\"aligncenter size-full is-resized\"><a href=\"https:\/\/www.jcyl.es\/web\/jcyl\/Portada\/es\/Home\/1246890364336\/_\/_\/_\"><img loading=\"lazy\" decoding=\"async\" width=\"112\" height=\"67\" src=\"https:\/\/g2vet.eu\/wp-content\/uploads\/2023\/03\/logo-jcyl-1.png\" alt=\"\" class=\"wp-image-1659\" style=\"width:219px;height:131px\"\/><\/a><\/figure><\/div>\n\n\n<p><\/p>\n<\/div>\n\n\n\n<div class=\"wp-block-column is-layout-flow wp-block-column-is-layout-flow\" style=\"flex-basis:66.66%\">\n<h2 class=\"wp-block-heading\">ERZIEHUNGSRAT DER JUNTA DE CASTILLA Y LE\u00d3N (JCYL) I SPANIEN<\/h2>\n\n\n\n<p>Die CONSEJER\u00cdA DE EDUCACI\u00d3N DE LA JUNTA DE CASTILLA Y LE\u00d3N ist die Bildungsbeh\u00f6rde der Autonomen Gemeinschaft mit Exekutiv- und Verwaltungsbefugnissen zur Verwaltung des Bildungswesens in diesem Gebiet. Sie ist f\u00fcr die Berufsbildung zust\u00e4ndig und wird von der Generaldirektion f\u00fcr Berufsbildung verwaltet. Zu den Kompetenzen des Fachbereichs geh\u00f6ren grundlegende p\u00e4dagogische Aspekte, Ziele, Kernkompetenzen, Lernergebnisse, Inhalte und Bewertungskriterien sowie die G\u00fcltigkeit von Abschl\u00fcssen. Zu den Hauptaufgaben geh\u00f6ren die Planung der akademischen Organisation und der Lehrplangestaltung sowie die Entwicklung von Kooperationen und das Management von Netzwerken. So engagiert sich der Fachbereich f\u00fcr die Internationalisierung in der Berufsbildung und die Forschung zur Umsetzung von gesellschafts- und bildungsrelevanten Themen in der Bildung. JCYL engagiert sich in einer Vielzahl von Bildungsorganisationen und ist ein starker Partner bei der Vernetzung.<\/p>\n<\/div>\n<\/div>\n","protected":false},"excerpt":{"rendered":"<p>STIFTUNG BILDUNG &amp; HANDWERK I DEUTSCHLAND Die Stiftung Bildung &amp; Handwerk mit Sitz in Paderborn, Deutschland, setzt sich f\u00fcr einen gleichberechtigten Zugang zu Bildung und Besch\u00e4ftigung als Voraussetzung f\u00fcr Chancengleichheit in der Gesellschaft ein. Sie wurde 2001 von der Kreishandwerkerschaft Paderborn als gemeinn\u00fctziger Verein gegr\u00fcndet, der sich seit seiner Gr\u00fcndung nicht nur f\u00fcr die wirtschaftlichen und politischen Interessen des regionalen [&hellip;]<\/p>\n","protected":false},"author":5,"featured_media":0,"parent":0,"menu_order":0,"comment_status":"closed","ping_status":"closed","template":"","meta":{"footnotes":""},"class_list":["post-2445","page","type-page","status-publish","hentry"],"_links":{"self":[{"href":"https:\/\/g2vet.eu\/de\/wp-json\/wp\/v2\/pages\/2445","targetHints":{"allow":["GET"]}}],"collection":[{"href":"https:\/\/g2vet.eu\/de\/wp-json\/wp\/v2\/pages"}],"about":[{"href":"https:\/\/g2vet.eu\/de\/wp-json\/wp\/v2\/types\/page"}],"author":[{"embeddable":true,"href":"https:\/\/g2vet.eu\/de\/wp-json\/wp\/v2\/users\/5"}],"replies":[{"embeddable":true,"href":"https:\/\/g2vet.eu\/de\/wp-json\/wp\/v2\/comments?post=2445"}],"version-history":[{"count":3,"href":"https:\/\/g2vet.eu\/de\/wp-json\/wp\/v2\/pages\/2445\/revisions"}],"predecessor-version":[{"id":4098,"href":"https:\/\/g2vet.eu\/de\/wp-json\/wp\/v2\/pages\/2445\/revisions\/4098"}],"wp:attachment":[{"href":"https:\/\/g2vet.eu\/de\/wp-json\/wp\/v2\/media?parent=2445"}],"curies":[{"name":"wp","href":"https:\/\/api.w.org\/{rel}","templated":true}]}}