{"id":2446,"date":"2023-03-15T20:57:14","date_gmt":"2023-03-15T19:57:14","guid":{"rendered":"https:\/\/g2vet.eu\/projektziele\/"},"modified":"2023-06-29T14:32:27","modified_gmt":"2023-06-29T13:32:27","slug":"projektziele","status":"publish","type":"page","link":"https:\/\/g2vet.eu\/de\/projektziele\/","title":{"rendered":"PROJEKTZIELE"},"content":{"rendered":"\n<div class=\"wp-block-columns is-layout-flex wp-container-core-columns-is-layout-9d6595d7 wp-block-columns-is-layout-flex\">\n<div class=\"wp-block-column is-layout-flow wp-block-column-is-layout-flow\" style=\"flex-basis:33.33%\">\n<figure class=\"wp-block-image size-large is-resized\"><img loading=\"lazy\" decoding=\"async\" src=\"https:\/\/g2vet.eu\/wp-content\/uploads\/2023\/05\/G2VET_Nachhaltigkeithoch-edited-768x1024.png\" alt=\"\" class=\"wp-image-2094\" width=\"304\" height=\"405\" srcset=\"https:\/\/g2vet.eu\/wp-content\/uploads\/2023\/05\/G2VET_Nachhaltigkeithoch-edited-768x1024.png 768w, https:\/\/g2vet.eu\/wp-content\/uploads\/2023\/05\/G2VET_Nachhaltigkeithoch-edited-225x300.png 225w, https:\/\/g2vet.eu\/wp-content\/uploads\/2023\/05\/G2VET_Nachhaltigkeithoch-edited.png 1000w\" sizes=\"auto, (max-width: 304px) 100vw, 304px\" \/><\/figure><\/div>\n\n\n\n<div class=\"wp-block-column is-layout-flow wp-block-column-is-layout-flow\" style=\"flex-basis:66.66%\">\n<p>G2VET m\u00f6chte ein Verst\u00e4ndnis f\u00fcr die Dimensionen des Begriffs &#8222;Nachhaltigkeit&#8220; entwickeln und eine Gemeinschaft im Bereich der Nachhaltigkeit im Arbeitsalltag schaffen.<\/p>\n\n\n\n<p>Deshalb wollen wir fortschrittliche Formen der Kommunikation zwischen den Partnern und der Sensibilisierung durch Lernen mit- und voneinander etablieren. Ziel ist es, uns selbst und die Gemeinschaft zu ermutigen, sich mit dem Thema &#8222;Nachhaltigkeit&#8220; zu besch\u00e4ftigen.<\/p>\n\n\n\n<p>Zu diesem Zweck richten wir einen Blog ein, in dem die Ergebnisse und der Prozess des Projekts (working-out-loud) ver\u00f6ffentlicht werden, mit Potenzial f\u00fcr die Entwicklung der Gemeinschaft.<\/p>\n\n\n\n<p>Wir werden kleine Lernnuggets (Life Hacks) zu den angesprochenen Themen entwickeln und eine Sammlung davon als Teil eines Werkzeugkastens von &#8222;kleinen Schritten&#8220; aufbauen, die von jedem umgesetzt werden k\u00f6nnen. Die wichtigsten Lerninhalte werden wir in Form eines Leitfadens ver\u00f6ffentlichen.<\/p>\n\n\n\n<p>G2VET zielt darauf ab, dass die Mitarbeiter der teilnehmenden Einrichtungen die Lifehacks kennen und sie mit Hilfe der entsprechenden digitalen Ressourcen anwenden k\u00f6nnen. Die beteiligten Mitarbeiter in den Organisationen und Abteilungen sind mit dem europ\u00e4ischen GreenComp-Modell vertraut und k\u00f6nnen ihre Kompetenzen einsch\u00e4tzen.<\/p>\n\n\n\n<p>Das Projektkonsortium selbst \u00fcbernimmt die Rolle des Lernenden. Wir dokumentieren unsere Lernreisen und stellen sie als Erfahrung zur Verf\u00fcgung. Au\u00dferdem werden wir eine Multiplikatorenkonferenz abhalten, um den Transfer zu unterst\u00fctzen.<\/p>\n<\/div>\n<\/div>\n","protected":false},"excerpt":{"rendered":"<p>G2VET m\u00f6chte ein Verst\u00e4ndnis f\u00fcr die Dimensionen des Begriffs &#8222;Nachhaltigkeit&#8220; entwickeln und eine Gemeinschaft im Bereich der Nachhaltigkeit im Arbeitsalltag schaffen. Deshalb wollen wir fortschrittliche Formen der Kommunikation zwischen den Partnern und der Sensibilisierung durch Lernen mit- und voneinander etablieren. Ziel ist es, uns selbst und die Gemeinschaft zu ermutigen, sich mit dem Thema &#8222;Nachhaltigkeit&#8220; zu besch\u00e4ftigen. Zu diesem Zweck [&hellip;]<\/p>\n","protected":false},"author":5,"featured_media":0,"parent":0,"menu_order":0,"comment_status":"closed","ping_status":"closed","template":"","meta":{"footnotes":""},"class_list":["post-2446","page","type-page","status-publish","hentry"],"_links":{"self":[{"href":"https:\/\/g2vet.eu\/de\/wp-json\/wp\/v2\/pages\/2446","targetHints":{"allow":["GET"]}}],"collection":[{"href":"https:\/\/g2vet.eu\/de\/wp-json\/wp\/v2\/pages"}],"about":[{"href":"https:\/\/g2vet.eu\/de\/wp-json\/wp\/v2\/types\/page"}],"author":[{"embeddable":true,"href":"https:\/\/g2vet.eu\/de\/wp-json\/wp\/v2\/users\/5"}],"replies":[{"embeddable":true,"href":"https:\/\/g2vet.eu\/de\/wp-json\/wp\/v2\/comments?post=2446"}],"version-history":[{"count":1,"href":"https:\/\/g2vet.eu\/de\/wp-json\/wp\/v2\/pages\/2446\/revisions"}],"predecessor-version":[{"id":2452,"href":"https:\/\/g2vet.eu\/de\/wp-json\/wp\/v2\/pages\/2446\/revisions\/2452"}],"wp:attachment":[{"href":"https:\/\/g2vet.eu\/de\/wp-json\/wp\/v2\/media?parent=2446"}],"curies":[{"name":"wp","href":"https:\/\/api.w.org\/{rel}","templated":true}]}}