{"id":2459,"date":"2023-03-17T13:39:35","date_gmt":"2023-03-17T12:39:35","guid":{"rendered":"https:\/\/g2vet.eu\/datenschutzbestimmungen\/"},"modified":"2025-03-05T13:37:40","modified_gmt":"2025-03-05T12:37:40","slug":"datenschutzbestimmungen","status":"publish","type":"page","link":"https:\/\/g2vet.eu\/de\/datenschutzbestimmungen\/","title":{"rendered":"Datenschutzbestimmungen"},"content":{"rendered":"\n<h2 class=\"wp-block-heading\">Wer wir sind<\/h2>\n\n<p>Wir sind das <strong>G2VET-Projekt<\/strong> bei der Stiftung Bildung &amp; Handwerk, Forum des Handwerks 1, 33098 Paderborn I Deutschland.  <\/p>\n\n<p>Sie k\u00f6nnen uns kontaktieren \u00fcber: erasmus@s-b-h.de<\/p>\n\n<h2 class=\"wp-block-heading\">Unsere Datenschutzrichtlinie<\/h2>\n\n<p>Mit dieser Datenschutzerkl\u00e4rung m\u00f6chten wir Sie dar\u00fcber informieren, welche Arten von personenbezogenen Daten (im Folgenden auch &#8222;Daten&#8220; genannt) wir, die Stiftung Bildung &amp; Handwerk mit ihren Projektpartnern, von Ihnen, den Nutzern (jeweils ein &#8222;Nutzer&#8220;) der Website  <em>www. https:\/\/g2vet.eu<\/em>  (&#8222;Website&#8220;).<\/p>\n\n<h2 class=\"wp-block-heading\">Welche Daten wir sammeln  <\/h2>\n\n<p>Personenbezogene Daten sind Daten, mit denen Sie pers\u00f6nlich identifiziert werden k\u00f6nnen. In dieser Datenschutzerkl\u00e4rung wird erl\u00e4utert, welche Daten wir sammeln und wof\u00fcr wir sie verwenden.<\/p>\n\n<p>Wir sammeln die folgende Art von Daten von unseren Nutzern, das k\u00f6nnen Website-Besucher, Nutzer oder Kommunikationspartner sein,<\/p>\n\n<ul class=\"wp-block-list\">\n<li>pers\u00f6nliche Daten und Kontaktdaten, wie Name, E-Mail-Adresse, Standort<\/li>\n\n\n\n<li>Inhaltsdaten, wie z. B. Texteintr\u00e4ge, Fotos, Videos,  <\/li>\n\n\n\n<li>Meta-\/Kommunikationsdaten, wie z. B. Ger\u00e4teinformationen, IP-Adressen,  <\/li>\n\n\n\n<li>Nutzungsdaten, wie z. B. besuchte Webseiten, Interesse an Inhalten, Zugriffszeiten,<\/li>\n\n\n\n<li>technische Daten, wie z. B. Informationen \u00fcber Cookies.<\/li>\n<\/ul>\n\n<h2 class=\"wp-block-heading\">Warum wir Ihre Daten sammeln<\/h2>\n\n<p>Die Daten werden f\u00fcr die Kommunikation mit dem Projekt und f\u00fcr statistische Zwecke innerhalb des Projektmanagements verwendet, im Einzelnen kann dies sein f\u00fcr  <\/p>\n\n<ul class=\"wp-block-list\">\n<li>die Bereitstellung unseres Online-Angebots und die Benutzerfreundlichkeit,<\/li>\n\n\n\n<li>die Auswertung der Aktionen der Besucher unserer Website,<\/li>\n\n\n\n<li>Feedback (z. B. durch die Sammlung von Feedback \u00fcber ein Online-Formular),<\/li>\n\n\n\n<li>Kontaktanfragen und Kommunikation,<\/li>\n\n\n\n<li>Profiling (Erstellung von Benutzerprofilen),<\/li>\n\n\n\n<li>Reichweitenmessung (z. B. Zugriffsstatistiken, Erkennung von wiederkehrenden Besuchern),<\/li>\n\n\n\n<li>Sicherheitsma\u00dfnahmen,<\/li>\n\n\n\n<li>Tracking (z.B. Interessen-\/Verhaltensprofilierung, Verwendung von Cookies,<\/li>\n\n\n\n<li>Verwaltung und Beantwortung von Anfragen.<\/li>\n<\/ul>\n\n<p>Personenbezogene Daten werden nicht nur durch Ihre Interaktion mit unserer Website generiert. Auch technische Prozesse wie Kontaktformulare, Kommentare, Cookies, Analysen und Plugins erzeugen diese Daten.<\/p>\n\n<h2 class=\"wp-block-heading\">Plugins<\/h2>\n\n<p><code><div class=\"h5p-iframe-wrapper\"><iframe id=\"h5p-iframe-7\" class=\"h5p-iframe\" data-content-id=\"7\" style=\"height:1px\" src=\"about:blank\" frameBorder=\"0\" scrolling=\"no\" title=\"Plugins-Privacy\"><\/iframe><\/div><\/code><\/p>\n\n<h2 class=\"wp-block-heading\">Kommentare<\/h2>\n\n<p>Wenn Sie auf der Website Kommentare hinterlassen, erfassen wir die im Kommentarformular angezeigten Daten sowie die IP-Adresse des Besuchers und den User-Agent-String des Browsers, um die Spam-Erkennung zu erleichtern.<\/p>\n\n<h2 class=\"wp-block-heading\">Cookies<\/h2>\n\n<p><strong>Was sind Cookies?<\/strong><\/p>\n\n<p>&#8222;Cookies&#8220; sind kleine Datens\u00e4tze, die Informationen von Websites oder Domains enthalten, die Sie besucht haben, und die auf Ihrem Ger\u00e4t gespeichert werden. Anhand der Cookies k\u00f6nnen Sie bei einem sp\u00e4teren Besuch auf der entsprechenden Website wiedererkannt werden.<\/p>\n\n<p>Es wird zwischen verschiedenen Arten von Cookies unterschieden:<\/p>\n\n<ul class=\"wp-block-list\">\n<li>tempor\u00e4r oder permanent<\/li>\n\n\n\n<li>Erstanbieter- oder Drittanbieter-Cookies<\/li>\n\n\n\n<li>unerl\u00e4ssliche (notwendige) und personalisierte Cookies.<\/li>\n<\/ul>\n\n<p><code><div class=\"h5p-iframe-wrapper\"><iframe id=\"h5p-iframe-8\" class=\"h5p-iframe\" data-content-id=\"8\" style=\"height:1px\" src=\"about:blank\" frameBorder=\"0\" scrolling=\"no\" title=\"Types of Cookies\"><\/iframe><\/div><\/code><\/p>\n\n<p>Diese Website verwendet ein Borlabs-Cookie, das ein technisch notwendiges Cookie (borlabs-cookie) setzt, um Ihre Cookie-Einstellungen zu speichern.<\/p>\n\n<p>Borlabs Cookie sammelt keine pers\u00f6nlichen Daten.<\/p>\n\n<p><strong>Verarbeitung von Cookie-Daten auf der Grundlage einer Einwilligung<\/strong><\/p>\n\n<p>Bevor wir Daten im Rahmen des Einsatzes von Cookies verarbeiten oder verarbeiten lassen, bitten wir die Nutzer um eine jederzeit widerrufbare Einwilligung.<\/p>\n\n<p>Das <em>borlabs-cookie<\/em> Cookie speichert die Zustimmung, die Sie beim Besuch der Website gegeben haben. Wenn Sie diese Einwilligungen widerrufen m\u00f6chten, l\u00f6schen Sie einfach das Cookie aus Ihrem Browser. Wenn Sie die Website erneut aufrufen\/laden, werden Sie erneut um Ihre Zustimmung zu Cookies gebeten.<\/p>\n\n<p><strong>Verwaltung von Cookies<\/strong><\/p>\n\n<p>Sie k\u00f6nnen Cookies auf Ihrem PC jederzeit deaktivieren, indem Sie die Software Ghostery (https:\/\/www.ghostery.com) herunterladen und jedes Cookie in Ihrem Browser deaktivieren. Es ist auch m\u00f6glich, die Modalit\u00e4t des &#8222;Anonymen Surfens&#8220; zu nutzen. Auf diese Weise hinterlassen Sie keine Spuren. Mit dieser Funktion k\u00f6nnen Sie nur die Browsing-Daten l\u00f6schen. Es ist auch m\u00f6glich, Cookies in der Konfigurationsleiste Ihres Browsers zu deaktivieren\/l\u00f6schen.<\/p>\n\n<h2 class=\"wp-block-heading\">Medien  <\/h2>\n\n<p><strong>Profilbilder von Gravatar<\/strong><br\/>Gravatar ist ein Dienst, bei dem sich Benutzer registrieren und Profilbilder und ihre E-Mail-Adressen hinterlassen k\u00f6nnen. Wenn Nutzer Beitr\u00e4ge oder Kommentare auf anderen Online-Pr\u00e4senzen (insbesondere Blogs) mit der entsprechenden E-Mail-Adresse hinterlassen, k\u00f6nnen ihre Profilbilder neben den Beitr\u00e4gen oder Kommentaren angezeigt werden. Zu diesem Zweck wird die von den Nutzern angegebene E-Mail-Adresse in verschl\u00fcsselter Form an Gravatar \u00fcbermittelt, um zu pr\u00fcfen, ob f\u00fcr sie ein Profil gespeichert ist. Dies ist der einzige Zweck der \u00dcbermittlung der E-Mail-Adresse. Sie werden nicht f\u00fcr andere Zwecke verwendet, sondern anschlie\u00dfend gel\u00f6scht.<\/p>\n\n<p>Die Verwendung von Gravatar beruht auf unseren berechtigten Interessen, da wir Gravatar nutzen, um den Verfassern von Beitr\u00e4gen und Kommentaren die M\u00f6glichkeit zu geben, ihre Beitr\u00e4ge mit einem Profilbild zu personalisieren.<\/p>\n\n<p>Wenn Sie nicht m\u00f6chten, dass ein mit Ihrer Gravatar-E-Mail-Adresse verkn\u00fcpftes Benutzerbild in den Kommentaren erscheint, sollten Sie eine E-Mail-Adresse verwenden, die nicht bei Gravatar hinterlegt ist, um zu kommentieren. Wir weisen au\u00dferdem darauf hin, dass es auch m\u00f6glich ist, eine anonyme E-Mail-Adresse oder gar keine E-Mail-Adresse zu verwenden, wenn die Benutzer nicht m\u00f6chten, dass ihre E-Mail-Adresse an Gravatar gesendet wird. Die Nutzer k\u00f6nnen die \u00dcbermittlung von Daten vollst\u00e4ndig verhindern, indem sie unser Kommentarsystem nicht nutzen.<\/p>\n\n<p>Dienstanbieter: Automattic Inc., 60 29th Street #343, San Francisco, CA 94110, USA; Website: <a rel=\"noreferrer noopener\" href=\"https:\/\/automattic.com\" target=\"_blank\">https:\/\/automattic.com;<\/a> Datenschutzrichtlinie: <a rel=\"noreferrer noopener\" href=\"https:\/\/automattic.com\/privacy\" target=\"_blank\">https:\/\/automattic.com\/privacy.<\/a><\/p>\n\n<p><strong>Medien und Inhalte von anderen Websites<\/strong> <\/p>\n\n<p>Auf der Website finden Sie Links zu den Websites aller Projektpartner. Die Stiftung Bildung &amp; Handwerk als Projektkoordinatorin hat keine Kontrolle \u00fcber den Inhalt oder die Links, die auf den Websites der Partner erscheinen, und ist nicht verantwortlich f\u00fcr die Praktiken, die auf anderen Websites als unseren eigenen, die mit der Website verlinkt sind, angewandt werden.<\/p>\n\n<p>Die Artikel auf dieser Website k\u00f6nnen eingebettete Inhalte enthalten (z. B. Videos, Bilder, Artikel usw.). Eingebettete Inhalte von anderen Websites verhalten sich genau so, als ob der Besucher die andere Website besucht h\u00e4tte. Diese Websites k\u00f6nnen Daten \u00fcber Sie sammeln, Cookies verwenden, zus\u00e4tzliche Trackingfunktionen von Dritten einbetten und Ihre Interaktion mit diesem eingebetteten Inhalt \u00fcberwachen, einschlie\u00dflich der Verfolgung Ihrer Interaktion mit dem eingebetteten Inhalt. Das Surfen und die Interaktion auf einer anderen Website, einschlie\u00dflich Websites, die einen Link zur Website haben, unterliegen den eigenen Bedingungen und Richtlinien dieser Website.<\/p>\n\n<h2 class=\"wp-block-heading\">Mit wem wir Ihre Daten teilen<\/h2>\n\n<p>Wir verkaufen, handeln oder vermieten die pers\u00f6nlichen Identifikationsdaten der Nutzer nicht an Dritte. Wir k\u00f6nnen allgemeine demografische Daten der Benutzer, die nicht mit pers\u00f6nlichen Identifikationsdaten \u00fcber Besucher und Benutzer verkn\u00fcpft sind, im Rahmen des Projekts zu den oben genannten Zwecken an unsere Gesch\u00e4ftspartner weitergeben.<\/p>\n\n<p>Die Kommentare der Besucher k\u00f6nnen durch einen automatischen Spam-Erkennungsdienst (Antispam Bee) \u00fcberpr\u00fcft werden.<\/p>\n\n<h2 class=\"wp-block-heading\">Wie lange wir Ihre Daten aufbewahren<\/h2>\n\n<p>Das G2VET-Projekt erhebt und verarbeitet personenbezogene Daten von Nutzern, die eine E-Mail an die Kontaktadressen der Projektpartner senden. Die Briefk\u00e4sten werden von jedem Projektpartner betrieben. Die Nutzer k\u00f6nnen auch die Blog-Kommentar-Funktionalit\u00e4t nutzen. Dieser Briefkasten wird von der Stiftung Bildung &amp; Handwerk betrieben. Um eine Nachricht von der Website zu senden, muss der Nutzer seinen Namen und seine E-Mail-Adresse angeben. Diese Daten werden verwendet, um dem Nutzer die gew\u00fcnschten Informationen zur Verf\u00fcgung zu stellen, und werden gem\u00e4\u00df den Bestimmungen \u00fcber die Projektdokumentation im Rahmen von Erasmus+ nicht l\u00e4nger als bis zum<sup>30. <\/sup>Dezember 2029 gespeichert.<\/p>\n\n<h2 class=\"wp-block-heading\">\u00c4nderungen an dieser Datenschutzrichtlinie<\/h2>\n\n<p>Das G2VET-Projekt beh\u00e4lt sich das Recht vor, diese Datenschutzrichtlinie jederzeit zu aktualisieren, um Entwicklungen auf unserer Website in dieser Richtlinie zu ber\u00fccksichtigen.  <br\/>Wir ermutigen Sie als Benutzer, diese Seite regelm\u00e4\u00dfig auf \u00c4nderungen zu \u00fcberpr\u00fcfen, um dar\u00fcber informiert zu bleiben, wie wir die von uns erfassten pers\u00f6nlichen Daten sch\u00fctzen. Sie erkennen an und stimmen zu, dass es in Ihrer Verantwortung liegt, diese Datenschutzrichtlinie regelm\u00e4\u00dfig zu \u00fcberpr\u00fcfen und sich \u00fcber etwaige \u00c4nderungen zu informieren.<\/p>\n\n<h2 class=\"wp-block-heading\">Ihre Rechte in Bezug auf Ihre pers\u00f6nlichen Daten<\/h2>\n\n<p>Wenn Sie mit dieser Politik nicht einverstanden sind, benutzen Sie diese Website bitte nicht. Was die \u00fcber die Funktion &#8222;E-Mail senden&#8220; \u00fcbermittelten personenbezogenen Daten betrifft, so k\u00f6nnen Sie Ihre Zustimmung jederzeit widerrufen oder Ihre per E-Mail \u00fcbermittelten personenbezogenen Daten \u00e4ndern, indem Sie uns eine E-Mail an<em> erasmus@s-b-h.de senden.<\/em><\/p>\n\n<p><strong>Kontaktaufnahme mit uns<\/strong><\/p>\n\n<p>Wenn Sie Fragen zu dieser Datenschutzrichtlinie, den Praktiken dieser Website oder Ihrem Umgang mit dieser Website haben, kontaktieren Sie uns bitte unter <em>erasmus@s-b-h.de.<\/em><\/p>\n\n<h2 class=\"wp-block-heading\">Wie wir Ihre Daten sch\u00fctzen<\/h2>\n\n<p>Wir wenden angemessene Verfahren zur Datenerfassung, -speicherung und -verarbeitung sowie Sicherheitsma\u00dfnahmen an, um Ihre pers\u00f6nlichen Daten, Ihren Benutzernamen, Ihr Passwort, Ihre Transaktionsdaten und die auf der Website gespeicherten Daten vor unbefugtem Zugriff, Ver\u00e4nderung, Offenlegung oder Zerst\u00f6rung zu sch\u00fctzen.<\/p>\n\n<p>Dar\u00fcber hinaus stellen wir den Schutz personenbezogener Daten bereits bei der Entwicklung oder Auswahl von Hardware, Software und Verfahren nach dem Prinzip des Datenschutzes, durch Technikgestaltung und durch datenschutzfreundliche Voreinstellungen sicher.<\/p>\n\n<p>Zus\u00e4tzlich verwenden wir eine IP-Adressk\u00fcrzung und SSL-Verschl\u00fcsselung. Sie erkennen solche verschl\u00fcsselten Verbindungen an dem Pr\u00e4fix https:\/\/ in der Adresszeile Ihres Browsers.<\/p>\n","protected":false},"excerpt":{"rendered":"<p>Wer wir sind Wir sind das G2VET-Projekt bei der Stiftung Bildung &amp; Handwerk, Forum des Handwerks 1, 33098 Paderborn I Deutschland. Sie k\u00f6nnen uns kontaktieren \u00fcber: erasmus@s-b-h.de Unsere Datenschutzrichtlinie Mit dieser Datenschutzerkl\u00e4rung m\u00f6chten wir Sie dar\u00fcber informieren, welche Arten von personenbezogenen Daten (im Folgenden auch &#8222;Daten&#8220; genannt) wir, die Stiftung Bildung &amp; Handwerk mit ihren Projektpartnern, von Ihnen, den Nutzern [&hellip;]<\/p>\n","protected":false},"author":5,"featured_media":0,"parent":0,"menu_order":0,"comment_status":"closed","ping_status":"closed","template":"","meta":{"footnotes":""},"class_list":["post-2459","page","type-page","status-publish","hentry"],"_links":{"self":[{"href":"https:\/\/g2vet.eu\/de\/wp-json\/wp\/v2\/pages\/2459","targetHints":{"allow":["GET"]}}],"collection":[{"href":"https:\/\/g2vet.eu\/de\/wp-json\/wp\/v2\/pages"}],"about":[{"href":"https:\/\/g2vet.eu\/de\/wp-json\/wp\/v2\/types\/page"}],"author":[{"embeddable":true,"href":"https:\/\/g2vet.eu\/de\/wp-json\/wp\/v2\/users\/5"}],"replies":[{"embeddable":true,"href":"https:\/\/g2vet.eu\/de\/wp-json\/wp\/v2\/comments?post=2459"}],"version-history":[{"count":2,"href":"https:\/\/g2vet.eu\/de\/wp-json\/wp\/v2\/pages\/2459\/revisions"}],"predecessor-version":[{"id":2779,"href":"https:\/\/g2vet.eu\/de\/wp-json\/wp\/v2\/pages\/2459\/revisions\/2779"}],"wp:attachment":[{"href":"https:\/\/g2vet.eu\/de\/wp-json\/wp\/v2\/media?parent=2459"}],"curies":[{"name":"wp","href":"https:\/\/api.w.org\/{rel}","templated":true}]}}