{"id":2484,"date":"2023-03-15T20:58:26","date_gmt":"2023-03-15T19:58:26","guid":{"rendered":"https:\/\/g2vet.eu\/nachhaltigkeit-beim-tierarzt\/"},"modified":"2024-04-29T09:08:18","modified_gmt":"2024-04-29T08:08:18","slug":"nachhaltigkeit-beim-tierarzt","status":"publish","type":"page","link":"https:\/\/g2vet.eu\/de\/nachhaltigkeit-beim-tierarzt\/","title":{"rendered":"NACHHALTIGKEIT IN DER BERUFLICHEN BILDUNG"},"content":{"rendered":"\n<div class=\"wp-block-columns is-layout-flex wp-container-core-columns-is-layout-9d6595d7 wp-block-columns-is-layout-flex\">\n<div class=\"wp-block-column is-layout-flow wp-block-column-is-layout-flow\">\n<figure class=\"wp-block-image size-large\"><img loading=\"lazy\" decoding=\"async\" width=\"1024\" height=\"621\" src=\"https:\/\/g2vet.eu\/wp-content\/uploads\/2023\/03\/puzzle-last-part-joining-together-3223941-1024x621.jpg\" alt=\"Puzzle, letzter Teil, Zusammenf&#xFC;gen-3223941.jpg\" class=\"wp-image-1640\" srcset=\"https:\/\/g2vet.eu\/wp-content\/uploads\/2023\/03\/puzzle-last-part-joining-together-3223941-1024x621.jpg 1024w, https:\/\/g2vet.eu\/wp-content\/uploads\/2023\/03\/puzzle-last-part-joining-together-3223941-300x182.jpg 300w, https:\/\/g2vet.eu\/wp-content\/uploads\/2023\/03\/puzzle-last-part-joining-together-3223941-768x466.jpg 768w, https:\/\/g2vet.eu\/wp-content\/uploads\/2023\/03\/puzzle-last-part-joining-together-3223941.jpg 1280w\" sizes=\"auto, (max-width: 1024px) 100vw, 1024px\" \/><\/figure><\/div>\n\n\n\n<div class=\"wp-block-column is-layout-flow wp-block-column-is-layout-flow\">\n<p>Bildung f\u00fcr nachhaltige Entwicklung (BNE) ist ein wichtiger Schwerpunkt der Europ\u00e4ischen Union (EU) zur F\u00f6rderung der Nachhaltigkeit. Die EU hat BNE in ihre Politik integriert, um die Menschen mit dem Wissen, den F\u00e4higkeiten und den Werten auszustatten, die sie brauchen, um den Planeten zu sch\u00fctzen und die Ziele f\u00fcr nachhaltige Entwicklung voranzubringen.<\/p>\n\n\n\n<p>Die berufliche Aus- und Weiterbildung (VET) spielt eine entscheidende Rolle bei der BNE, indem sie Nachhaltigkeitsprinzipien in Bildungsprogramme integriert, die darauf abzielen, das Wissen, die F\u00e4higkeiten und die Einstellungen zu entwickeln, die f\u00fcr nachhaltige Praktiken zuk\u00fcnftiger Fachkr\u00e4fte notwendig sind. Durch die Einbeziehung von BNE in die Berufsbildung werden die Menschen darauf vorbereitet, in verschiedenen Sektoren nachhaltig zu denken und zu handeln, einschlie\u00dflich der Wirtschaft, der Industrie und der Arbeitskr\u00e4fte, die eine Kultur der Umweltverantwortung und die F\u00f6rderung nachhaltiger Praktiken in Organisationen unterst\u00fctzen.<\/p>\n<\/div>\n<\/div>\n\n<h2 class=\"wp-block-heading\">Wie kann man Nachhaltigkeit lehren?<\/h2>\n\n<div class=\"wp-block-columns is-layout-flex wp-container-core-columns-is-layout-9d6595d7 wp-block-columns-is-layout-flex\">\n<div class=\"wp-block-column is-layout-flow wp-block-column-is-layout-flow\"><div class=\"h5p-iframe-wrapper\"><iframe id=\"h5p-iframe-32\" class=\"h5p-iframe\" data-content-id=\"32\" style=\"height:1px\" src=\"about:blank\" frameBorder=\"0\" scrolling=\"no\" title=\"LifeHack No. 20_EU GreenComp at a Glance\"><\/iframe><\/div>\n<\/div>\n\n\n\n<div class=\"wp-block-column is-layout-flow wp-block-column-is-layout-flow\">\n<p>Hier spielt der Gr\u00fcne Kompetenzrahmen der EU (GreenComp) eine entscheidende Rolle bei der F\u00f6rderung von Umweltbildung und nachhaltiger Entwicklung.<\/p>\n\n\n\n<p>Machen Sie sich mit dem Inhalt des Europ\u00e4ischen Kompetenzrahmens f\u00fcr Nachhaltigkeit vertraut und finden Sie heraus, welche Kompetenzen zur Nachhaltigkeit geh\u00f6ren und wie sie sich aus Wissen, F\u00e4higkeiten und Einstellungen zusammensetzen.<\/p>\n<\/div>\n<\/div>\n\n<p><strong>Nachhaltigkeit als Pflichtfach f\u00fcr zuk\u00fcnftige Fachkr\u00e4fte in Finnland<\/strong><br\/>Wie das funktioniert, k\u00f6nnen Sie in dem Blogbeitrag unserer finnischen Projektpartner von Kpedu nachlesen.<\/p>\n\n<p><a href=\"https:\/\/g2vet.eu\/recommended-by-us\/ecosocially-educated-professionals-for-a-sustainable-future\/\">https:\/\/g2vet.eu\/recommended-by-us\/ecosocially-educated-professionals-for-a-sustainable-future\/<\/a><br\/><\/p>\n","protected":false},"excerpt":{"rendered":"<p>Bildung f\u00fcr nachhaltige Entwicklung (BNE) ist ein wichtiger Schwerpunkt der Europ\u00e4ischen Union (EU) zur F\u00f6rderung der Nachhaltigkeit. Die EU hat BNE in ihre Politik integriert, um die Menschen mit dem Wissen, den F\u00e4higkeiten und den Werten auszustatten, die sie brauchen, um den Planeten zu sch\u00fctzen und die Ziele f\u00fcr nachhaltige Entwicklung voranzubringen. Die berufliche Aus- und Weiterbildung (VET) spielt eine [&hellip;]<\/p>\n","protected":false},"author":5,"featured_media":0,"parent":0,"menu_order":0,"comment_status":"closed","ping_status":"closed","template":"","meta":{"footnotes":""},"class_list":["post-2484","page","type-page","status-publish","hentry"],"_links":{"self":[{"href":"https:\/\/g2vet.eu\/de\/wp-json\/wp\/v2\/pages\/2484","targetHints":{"allow":["GET"]}}],"collection":[{"href":"https:\/\/g2vet.eu\/de\/wp-json\/wp\/v2\/pages"}],"about":[{"href":"https:\/\/g2vet.eu\/de\/wp-json\/wp\/v2\/types\/page"}],"author":[{"embeddable":true,"href":"https:\/\/g2vet.eu\/de\/wp-json\/wp\/v2\/users\/5"}],"replies":[{"embeddable":true,"href":"https:\/\/g2vet.eu\/de\/wp-json\/wp\/v2\/comments?post=2484"}],"version-history":[{"count":7,"href":"https:\/\/g2vet.eu\/de\/wp-json\/wp\/v2\/pages\/2484\/revisions"}],"predecessor-version":[{"id":3693,"href":"https:\/\/g2vet.eu\/de\/wp-json\/wp\/v2\/pages\/2484\/revisions\/3693"}],"wp:attachment":[{"href":"https:\/\/g2vet.eu\/de\/wp-json\/wp\/v2\/media?parent=2484"}],"curies":[{"name":"wp","href":"https:\/\/api.w.org\/{rel}","templated":true}]}}