{"id":2429,"date":"2023-03-10T08:51:41","date_gmt":"2023-03-10T07:51:41","guid":{"rendered":"https:\/\/g2vet.eu\/contacte-con\/"},"modified":"2024-04-29T13:12:17","modified_gmt":"2024-04-29T12:12:17","slug":"contacte-con","status":"publish","type":"page","link":"https:\/\/g2vet.eu\/es\/contacte-con\/","title":{"rendered":"Contacte con"},"content":{"rendered":"\n<p>Se trata de una p\u00e1gina con la informaci\u00f3n de contacto habitual, como la direcci\u00f3n y el n\u00famero de tel\u00e9fono. Tambi\u00e9n puede utilizar un plugin para crear un formulario de contacto.<\/p>\n","protected":false},"excerpt":{"rendered":"<p>Se trata de una p\u00e1gina con la informaci\u00f3n de contacto habitual, como la direcci\u00f3n y el n\u00famero de tel\u00e9fono. Tambi\u00e9n puede utilizar un plugin para crear un formulario de contacto.<\/p>\n","protected":false},"author":3,"featured_media":0,"parent":0,"menu_order":3,"comment_status":"closed","ping_status":"closed","template":"","meta":{"footnotes":""},"class_list":["post-2429","page","type-page","status-publish","hentry"],"_links":{"self":[{"href":"https:\/\/g2vet.eu\/es\/wp-json\/wp\/v2\/pages\/2429","targetHints":{"allow":["GET"]}}],"collection":[{"href":"https:\/\/g2vet.eu\/es\/wp-json\/wp\/v2\/pages"}],"about":[{"href":"https:\/\/g2vet.eu\/es\/wp-json\/wp\/v2\/types\/page"}],"author":[{"embeddable":true,"href":"https:\/\/g2vet.eu\/es\/wp-json\/wp\/v2\/users\/3"}],"replies":[{"embeddable":true,"href":"https:\/\/g2vet.eu\/es\/wp-json\/wp\/v2\/comments?post=2429"}],"version-history":[{"count":3,"href":"https:\/\/g2vet.eu\/es\/wp-json\/wp\/v2\/pages\/2429\/revisions"}],"predecessor-version":[{"id":3765,"href":"https:\/\/g2vet.eu\/es\/wp-json\/wp\/v2\/pages\/2429\/revisions\/3765"}],"wp:attachment":[{"href":"https:\/\/g2vet.eu\/es\/wp-json\/wp\/v2\/media?parent=2429"}],"curies":[{"name":"wp","href":"https:\/\/api.w.org\/{rel}","templated":true}]}}