{"id":2434,"date":"2021-11-21T15:14:44","date_gmt":"2021-11-21T14:14:44","guid":{"rendered":"https:\/\/g2vet.eu\/contacte-con-2\/"},"modified":"2024-09-10T08:21:01","modified_gmt":"2024-09-10T07:21:01","slug":"contacte-con-2","status":"publish","type":"page","link":"https:\/\/g2vet.eu\/es\/contacte-con-2\/","title":{"rendered":"CONTACTE CON"},"content":{"rendered":"<h2>Pong\u00e1monos en contacto.<\/h2>\n<h4><strong>Conozca al equipo del proyecto y comparta con nosotros sus ideas, preguntas y sugerencias<\/strong><\/h4>\n\n<figure class=\"wp-block-image\"><img loading=\"lazy\" decoding=\"async\" width=\"1074\" height=\"570\" src=\"https:\/\/g2vet.eu\/wp-content\/uploads\/2023\/06\/01-02-2023_internationale_Gaeste_01.jpg\" alt=\"\" class=\"wp-image-2170\" srcset=\"https:\/\/g2vet.eu\/wp-content\/uploads\/2023\/06\/01-02-2023_internationale_Gaeste_01.jpg 1074w, https:\/\/g2vet.eu\/wp-content\/uploads\/2023\/06\/01-02-2023_internationale_Gaeste_01-300x159.jpg 300w, https:\/\/g2vet.eu\/wp-content\/uploads\/2023\/06\/01-02-2023_internationale_Gaeste_01-1024x543.jpg 1024w, https:\/\/g2vet.eu\/wp-content\/uploads\/2023\/06\/01-02-2023_internationale_Gaeste_01-768x408.jpg 768w\" sizes=\"auto, (max-width: 1074px) 100vw, 1074px\" \/><\/figure>\n<p class=\"has-small-font-size\">Los miembros del equipo del proyecto recibidos por Aloys Buschk\u00fchl, representante de la Junta de Stiftung Bildung &amp; Handwerk (SBH), durante la primera reuni\u00f3n en enero de 2023 en Paderborn I Alemania. &#8211; De izquierda a derecha: Ingrid Pammer, BBRZ (AT), Angela Bender, SBH (DE), Gabriele Stampa, SBH (DE), Agust\u00edn Francisco Sig\u00fcenza Molina, JCYL (ES), Aloys Buschk\u00fchl, SBH (DE), Mar\u00eda Altamira Hernando Lara, JCYL (ES), Daniela Schmiedrathner (AT), Tanja Yli-Tokola (FI), Leena Laine (FI)<\/p>\n\n<p>Su contacto por pa\u00eds<\/p>\n\n<figure class=\"wp-block-table\"><table><tbody><tr><td>Austria I BBRZ<\/td><td>Ingrid Pammer<\/td><td>Ingrid.Pammer@bbrz.at<\/td><\/tr><tr><td>Finlandia I KPEDU<\/td><td>Tanja Yli-Tokola<\/td><td>Tanja.Yli-Tokola@kpedu.fi<\/td><\/tr><tr><td>Alemania I SBH<\/td><td>Angela Bender<\/td><td>Angela.Bender@s-b-h.de<\/td><\/tr><tr><td>Espa\u00f1a I JCYL<\/td><td>Mar\u00eda Altamira Hernando Lara<\/td><td>Maltamira.Hernando@jcyl.es<\/td><\/tr><\/tbody><\/table><\/figure>\n<hr class=\"wp-block-separator has-alpha-channel-opacity\"\/>\n\n<div class=\"wp-block-columns is-layout-flex wp-container-core-columns-is-layout-9d6595d7 wp-block-columns-is-layout-flex\">\n<div class=\"wp-block-column is-layout-flow wp-block-column-is-layout-flow\">\n<figure class=\"wp-block-image size-large\"><img loading=\"lazy\" decoding=\"async\" width=\"1024\" height=\"215\" src=\"https:\/\/g2vet.eu\/wp-content\/uploads\/2023\/03\/EN-Co-Funded-by-the-EU_BLACK-Outline-1024x215.png\" alt=\"\" class=\"wp-image-1879\" srcset=\"https:\/\/g2vet.eu\/wp-content\/uploads\/2023\/03\/EN-Co-Funded-by-the-EU_BLACK-Outline-1024x215.png 1024w, https:\/\/g2vet.eu\/wp-content\/uploads\/2023\/03\/EN-Co-Funded-by-the-EU_BLACK-Outline-300x63.png 300w, https:\/\/g2vet.eu\/wp-content\/uploads\/2023\/03\/EN-Co-Funded-by-the-EU_BLACK-Outline-768x161.png 768w, https:\/\/g2vet.eu\/wp-content\/uploads\/2023\/03\/EN-Co-Funded-by-the-EU_BLACK-Outline-1536x322.png 1536w, https:\/\/g2vet.eu\/wp-content\/uploads\/2023\/03\/EN-Co-Funded-by-the-EU_BLACK-Outline-2048x430.png 2048w\" sizes=\"auto, (max-width: 1024px) 100vw, 1024px\" \/><\/figure><\/div>\n\n\n\n<div class=\"wp-block-column is-layout-flow wp-block-column-is-layout-flow\">\n<p>Financiado por la Uni\u00f3n Europea. No obstante, los puntos de vista y opiniones expresados son exclusivamente los del autor o autores y no reflejan necesariamente los de la Uni\u00f3n Europea ni los de la Agencia Ejecutiva en el \u00e1mbito Educativo y Cultural Europeo (EACEA). Ni la Uni\u00f3n Europea ni la EACEA pueden considerarse responsables de ellos.<\/p>\n<\/div>\n<\/div>\n","protected":false},"excerpt":{"rendered":"<p>Pong\u00e1monos en contacto. Conozca al equipo del proyecto y comparta con nosotros sus ideas, preguntas y sugerencias Los miembros del equipo del proyecto recibidos por Aloys Buschk\u00fchl, representante de la Junta de Stiftung Bildung &amp; Handwerk (SBH), durante la primera reuni\u00f3n en enero de 2023 en Paderborn I Alemania. &#8211; De izquierda a derecha: Ingrid Pammer, BBRZ (AT), Angela Bender, [&hellip;]<\/p>\n","protected":false},"author":5,"featured_media":0,"parent":0,"menu_order":0,"comment_status":"closed","ping_status":"closed","template":"","meta":{"footnotes":""},"class_list":["post-2434","page","type-page","status-publish","hentry"],"_links":{"self":[{"href":"https:\/\/g2vet.eu\/es\/wp-json\/wp\/v2\/pages\/2434","targetHints":{"allow":["GET"]}}],"collection":[{"href":"https:\/\/g2vet.eu\/es\/wp-json\/wp\/v2\/pages"}],"about":[{"href":"https:\/\/g2vet.eu\/es\/wp-json\/wp\/v2\/types\/page"}],"author":[{"embeddable":true,"href":"https:\/\/g2vet.eu\/es\/wp-json\/wp\/v2\/users\/5"}],"replies":[{"embeddable":true,"href":"https:\/\/g2vet.eu\/es\/wp-json\/wp\/v2\/comments?post=2434"}],"version-history":[{"count":8,"href":"https:\/\/g2vet.eu\/es\/wp-json\/wp\/v2\/pages\/2434\/revisions"}],"predecessor-version":[{"id":4345,"href":"https:\/\/g2vet.eu\/es\/wp-json\/wp\/v2\/pages\/2434\/revisions\/4345"}],"wp:attachment":[{"href":"https:\/\/g2vet.eu\/es\/wp-json\/wp\/v2\/media?parent=2434"}],"curies":[{"name":"wp","href":"https:\/\/api.w.org\/{rel}","templated":true}]}}