{"id":2435,"date":"2021-11-21T15:12:46","date_gmt":"2021-11-21T14:12:46","guid":{"rendered":"https:\/\/g2vet.eu\/inicio\/"},"modified":"2024-09-09T08:28:31","modified_gmt":"2024-09-09T07:28:31","slug":"inicio","status":"publish","type":"page","link":"https:\/\/g2vet.eu\/es\/","title":{"rendered":"INICIO"},"content":{"rendered":"\n<div class=\"wp-block-columns is-layout-flex wp-container-core-columns-is-layout-9d6595d7 wp-block-columns-is-layout-flex\">\n<div class=\"wp-block-column is-layout-flow wp-block-column-is-layout-flow\"><div class=\"wp-block-image\">\n<figure class=\"aligncenter size-full is-resized\"><img loading=\"lazy\" decoding=\"async\" width=\"250\" height=\"200\" src=\"https:\/\/g2vet.eu\/wp-content\/uploads\/2023\/05\/Community_Icon.png\" alt=\"\" class=\"wp-image-2100\" style=\"width:123px;height:98px\"\/><\/figure><\/div>\n\n\n<p class=\"has-text-align-left\">G2VET desea desarrollar la comprensi\u00f3n de las dimensiones del t\u00e9rmino \u00absostenibilidad\u00bb y crear una comunidad en el \u00e1mbito de la sostenibilidad en el trabajo diario en las instituciones educativas. Por eso queremos establecer formas avanzadas de comunicaci\u00f3n entre los socios y de concienciaci\u00f3n aprendiendo unos con otros y unos de otros. El objetivo es animarnos a nosotros mismos y a la comunidad a implicarnos en el tema de la \u00absostenibilidad\u00bb.<\/p>\n<\/div>\n\n\n\n<div class=\"wp-block-column is-layout-flow wp-block-column-is-layout-flow\"><div class=\"wp-block-image\">\n<figure class=\"aligncenter size-full is-resized\"><img loading=\"lazy\" decoding=\"async\" width=\"250\" height=\"200\" src=\"https:\/\/g2vet.eu\/wp-content\/uploads\/2023\/05\/Blog_Icon.png\" alt=\"\" class=\"wp-image-2104\" style=\"width:124px;height:98px\"\/><\/figure><\/div>\n\n\n<p class=\"has-text-align-left\">Para ello estamos creando un blog con las conclusiones y el proceso del proyecto (working-out-loud), con potencial para el desarrollo comunitario. Desarrollaremos peque\u00f1as pepitas de aprendizaje (lifehacks) sobre los temas tratados y crearemos una colecci\u00f3n de ellas como parte de una caja de herramientas de \u00abpeque\u00f1os pasos\u00bb que cualquiera puede poner en pr\u00e1ctica. Las lecciones m\u00e1s importantes se publicar\u00e1n en forma de gu\u00eda.<\/p>\n<\/div>\n\n\n\n<div class=\"wp-block-column is-layout-flow wp-block-column-is-layout-flow\"><div class=\"wp-block-image\">\n<figure class=\"aligncenter size-full is-resized\"><img loading=\"lazy\" decoding=\"async\" width=\"250\" height=\"200\" src=\"https:\/\/g2vet.eu\/wp-content\/uploads\/2023\/05\/Ziel_Reise_Icon.png\" alt=\"\" class=\"wp-image-2106\" style=\"width:124px;height:98px\"\/><\/figure><\/div>\n\n\n<p class=\"has-text-align-left\">G2VET pretende que el personal de las instituciones participantes conozca los lifehacks y pueda aplicarlos utilizando los recursos digitales pertinentes. Los miembros del personal implicados en las organizaciones y departamentos est\u00e1n familiarizados con el modelo europeo GreenComp y pueden evaluar sus competencias. El propio consorcio del proyecto asume el papel de alumno. Documentamos nuestros viajes de aprendizaje y los ponemos a disposici\u00f3n como experiencia.<\/p>\n<\/div>\n<\/div>\n\n<hr class=\"wp-block-separator has-alpha-channel-opacity\"\/>\n\n<div class=\"wp-block-columns is-layout-flex wp-container-core-columns-is-layout-9d6595d7 wp-block-columns-is-layout-flex\">\n<div class=\"wp-block-column is-layout-flow wp-block-column-is-layout-flow\">\n<figure class=\"wp-block-image size-large\"><img loading=\"lazy\" decoding=\"async\" width=\"1024\" height=\"215\" src=\"https:\/\/g2vet.eu\/wp-content\/uploads\/2023\/03\/EN-Co-Funded-by-the-EU_BLACK-Outline-1024x215.png\" alt=\"\" class=\"wp-image-1879\" srcset=\"https:\/\/g2vet.eu\/wp-content\/uploads\/2023\/03\/EN-Co-Funded-by-the-EU_BLACK-Outline-1024x215.png 1024w, https:\/\/g2vet.eu\/wp-content\/uploads\/2023\/03\/EN-Co-Funded-by-the-EU_BLACK-Outline-300x63.png 300w, https:\/\/g2vet.eu\/wp-content\/uploads\/2023\/03\/EN-Co-Funded-by-the-EU_BLACK-Outline-768x161.png 768w, https:\/\/g2vet.eu\/wp-content\/uploads\/2023\/03\/EN-Co-Funded-by-the-EU_BLACK-Outline-1536x322.png 1536w, https:\/\/g2vet.eu\/wp-content\/uploads\/2023\/03\/EN-Co-Funded-by-the-EU_BLACK-Outline-2048x430.png 2048w\" sizes=\"auto, (max-width: 1024px) 100vw, 1024px\" \/><\/figure><\/div>\n\n\n\n<div class=\"wp-block-column is-layout-flow wp-block-column-is-layout-flow\">\n<p>Financiado por la Uni\u00f3n Europea. No obstante, los puntos de vista y opiniones expresados son exclusivamente los del autor o autores y no reflejan necesariamente los de la Uni\u00f3n Europea ni los de la Agencia Ejecutiva en el \u00e1mbito Educativo y Cultural Europeo (EACEA). Ni la Uni\u00f3n Europea ni la EACEA pueden considerarse responsables de ellos.<\/p>\n<\/div>\n<\/div>\n\n<div style=\"height:100px\" aria-hidden=\"true\" class=\"wp-block-spacer\"><\/div>\n","protected":false},"excerpt":{"rendered":"<p>G2VET desea desarrollar la comprensi\u00f3n de las dimensiones del t\u00e9rmino \u00absostenibilidad\u00bb y crear una comunidad en el \u00e1mbito de la sostenibilidad en el trabajo diario en las instituciones educativas. Por eso queremos establecer formas avanzadas de comunicaci\u00f3n entre los socios y de concienciaci\u00f3n aprendiendo unos con otros y unos de otros. El objetivo es animarnos a nosotros mismos y a [&hellip;]<\/p>\n","protected":false},"author":5,"featured_media":0,"parent":0,"menu_order":0,"comment_status":"closed","ping_status":"closed","template":"page-templates\/full-width-container.php","meta":{"footnotes":""},"class_list":["post-2435","page","type-page","status-publish","hentry"],"_links":{"self":[{"href":"https:\/\/g2vet.eu\/es\/wp-json\/wp\/v2\/pages\/2435","targetHints":{"allow":["GET"]}}],"collection":[{"href":"https:\/\/g2vet.eu\/es\/wp-json\/wp\/v2\/pages"}],"about":[{"href":"https:\/\/g2vet.eu\/es\/wp-json\/wp\/v2\/types\/page"}],"author":[{"embeddable":true,"href":"https:\/\/g2vet.eu\/es\/wp-json\/wp\/v2\/users\/5"}],"replies":[{"embeddable":true,"href":"https:\/\/g2vet.eu\/es\/wp-json\/wp\/v2\/comments?post=2435"}],"version-history":[{"count":3,"href":"https:\/\/g2vet.eu\/es\/wp-json\/wp\/v2\/pages\/2435\/revisions"}],"predecessor-version":[{"id":4335,"href":"https:\/\/g2vet.eu\/es\/wp-json\/wp\/v2\/pages\/2435\/revisions\/4335"}],"wp:attachment":[{"href":"https:\/\/g2vet.eu\/es\/wp-json\/wp\/v2\/media?parent=2435"}],"curies":[{"name":"wp","href":"https:\/\/api.w.org\/{rel}","templated":true}]}}