{"id":2449,"date":"2023-03-15T20:55:30","date_gmt":"2023-03-15T19:55:30","guid":{"rendered":"https:\/\/g2vet.eu\/sostenibilidad\/"},"modified":"2024-09-10T10:12:21","modified_gmt":"2024-09-10T09:12:21","slug":"sostenibilidad","status":"publish","type":"page","link":"https:\/\/g2vet.eu\/es\/sostenibilidad\/","title":{"rendered":"Biblioteca del educador"},"content":{"rendered":"\n<div class=\"wp-block-columns is-layout-flex wp-container-core-columns-is-layout-9d6595d7 wp-block-columns-is-layout-flex\">\n<div class=\"wp-block-column is-layout-flow wp-block-column-is-layout-flow\" style=\"flex-basis:33.33%\">\n<figure class=\"wp-block-image size-large\"><img loading=\"lazy\" decoding=\"async\" width=\"410\" height=\"1024\" src=\"https:\/\/g2vet.eu\/wp-content\/uploads\/2023\/05\/G2VET_Aims-410x1024.png\" alt=\"\" class=\"wp-image-2114\" srcset=\"https:\/\/g2vet.eu\/wp-content\/uploads\/2023\/05\/G2VET_Aims-410x1024.png 410w, https:\/\/g2vet.eu\/wp-content\/uploads\/2023\/05\/G2VET_Aims-120x300.png 120w, https:\/\/g2vet.eu\/wp-content\/uploads\/2023\/05\/G2VET_Aims-768x1920.png 768w, https:\/\/g2vet.eu\/wp-content\/uploads\/2023\/05\/G2VET_Aims-819x2048.png 819w, https:\/\/g2vet.eu\/wp-content\/uploads\/2023\/05\/G2VET_Aims.png 1000w\" sizes=\"auto, (max-width: 410px) 100vw, 410px\" \/><\/figure><\/div>\n\n\n\n<div class=\"wp-block-column is-layout-flow wp-block-column-is-layout-flow\" style=\"flex-basis:66.66%\">\n<h2 class=\"wp-block-heading\">Sostenibilidad y Educaci\u00f3n para el Desarrollo Sostenible (EDS) en la EFP<\/h2>\n\n\n\n<p>La sostenibilidad es un concepto complejo con diversas interpretaciones.\nAunque las definiciones pueden diferir, existe un amplio consenso en que la sostenibilidad es relevante para todos los aspectos del trabajo y la vida cotidiana, lo que hace necesaria su integraci\u00f3n en todas las \u00e1reas educativas.<br\/>Como asociaci\u00f3n de la UE, nos remitimos al Marco de Referencia de la UE para las Competencias Verdes (GreenComp), que define la sostenibilidad como: <\/p>\n\n\n\n<p><\/p>\n\n\n\n<blockquote class=\"wp-block-quote is-layout-flow wp-block-quote-is-layout-flow\">\n<p>\u00abDar prioridad a las necesidades de todas las formas de vida y del planeta, garantizando que la actividad humana no sobrepase los l\u00edmites planetarios\u00bb.<\/p>\n<\/blockquote>\n\n\n\n<p>El<strong> marco GreenComp de la UE<\/strong> identifica un conjunto de competencias para la sostenibilidad que pueden integrarse en los programas educativos, ayudando a los alumnos a desarrollar los conocimientos, habilidades y actitudes necesarios para las pr\u00e1cticas sostenibles.<\/p>\n\n\n\n<p>Puedes descargar el marco GreenComp <a href=\"https:\/\/publications.jrc.ec.europa.eu\/repository\/handle\/JRC128040\">aqu\u00ed<\/a>.<\/p>\n\n\n\n<p>La Uni\u00f3n Europea hace hincapi\u00e9 en la Educaci\u00f3n para el Desarrollo Sostenible (EDS) en sus pol\u00edticas, con el objetivo de dotar a las personas de los conocimientos, habilidades y valores necesarios para proteger el planeta y avanzar en los 17 Objetivos de Desarrollo Sostenible de la ONU.<\/p>\n<\/div>\n<\/div>\n\n<h2 class=\"wp-block-heading\">Sostenibilidad en la Educaci\u00f3n y Formaci\u00f3n Profesionales (EFP)<\/h2>\n\n<p>La EFP desempe\u00f1a un papel crucial en la EDS al integrar los principios de sostenibilidad en los programas educativos.\nEsto prepara a los futuros profesionales para pensar y actuar de forma sostenible en diversos sectores, fomentando la responsabilidad medioambiental y promoviendo pr\u00e1cticas sostenibles en las organizaciones. <\/p>\n\n<p><\/p>\n\n<h2 class=\"wp-block-heading\">Recursos para profesores y educadores de FP<\/h2>\n\n<p>Para apoyar las actividades de ense\u00f1anza y formaci\u00f3n en Educaci\u00f3n y Formaci\u00f3n Profesionales, el Proyecto G2VET ofrece en este lugar material de apoyo como resumen de nuestro proyecto y recomendaciones sobre c\u00f3mo utilizar nuestros materiales y resultados:<\/p>\n\n<ul class=\"wp-block-list\">\n<li><strong>Recomendaciones para evaluar la competencia en sostenibilidad:<\/strong> Este documento ofrece orientaciones para evaluar los conocimientos, actitudes y valores relacionados con la sostenibilidad en entornos de FP.<\/li>\n\n\n\n<li><strong>La Gu\u00eda de Transferencia de G2VET: <\/strong>Esta gu\u00eda ofrece recomendaciones sobre c\u00f3mo utilizar eficazmente los materiales (Lifehacks y Blog) del Proyecto G2VET en tu pr\u00e1ctica docente.<\/li>\n<\/ul>\n\n<h2 class=\"wp-block-heading\"><\/h2>\n\n<p>Estos recursos est\u00e1n dise\u00f1ados para ayudar a los educadores de FP a integrar los conceptos de sostenibilidad en sus planes de estudios y a evaluar el progreso de los estudiantes en el desarrollo de competencias sostenibles.<\/p>\n\n<div class=\"wp-block-columns is-layout-flex wp-container-core-columns-is-layout-9d6595d7 wp-block-columns-is-layout-flex\">\n<div class=\"wp-block-column is-layout-flow wp-block-column-is-layout-flow\">\n<p>Recomendaciones para evaluar la competencia en materia de sostenibilidad<br\/><em>English Version<\/em><\/p>\n\n\n\n<div data-wp-interactive=\"core\/file\" class=\"wp-block-file\"><object data-wp-bind--hidden=\"!state.hasPdfPreview\" hidden class=\"wp-block-file__embed\" data=\"https:\/\/g2vet.eu\/wp-content\/uploads\/2024\/08\/G2VET-Assessing-Sustainability-Competence_EN.pdf\" type=\"application\/pdf\" style=\"width:100%;height:470px\" aria-label=\"Incrustado de G2VET Assessing Sustainability Competence_EN.\"><\/object><a id=\"wp-block-file--media-cce50d70-818b-4abe-8237-da1012bc0a67\" href=\"https:\/\/g2vet.eu\/wp-content\/uploads\/2024\/08\/G2VET-Assessing-Sustainability-Competence_EN.pdf\">G2VET Evaluar la competencia en sostenibilidad_ES<\/a><a href=\"https:\/\/g2vet.eu\/wp-content\/uploads\/2024\/08\/G2VET-Assessing-Sustainability-Competence_EN.pdf\" class=\"wp-block-file__button wp-element-button\" download=\"\" aria-describedby=\"wp-block-file--media-cce50d70-818b-4abe-8237-da1012bc0a67\">Descarga<\/a><\/div>\n<\/div>\n\n\n\n<div class=\"wp-block-column is-layout-flow wp-block-column-is-layout-flow\">\n<p>Recomendaciones para evaluar la competencia en materia de sostenibilidad<br\/><em>Versi\u00f3n alemana<\/em><\/p>\n\n\n\n<div data-wp-interactive=\"core\/file\" class=\"wp-block-file\"><object data-wp-bind--hidden=\"!state.hasPdfPreview\" hidden class=\"wp-block-file__embed\" data=\"https:\/\/g2vet.eu\/wp-content\/uploads\/2024\/08\/G2VET-Bewertung-von-Nachhaltigkeitskompetenz_DE.pdf\" type=\"application\/pdf\" style=\"width:100%;height:470px\" aria-label=\"Incrustado de G2VET Bewertung von Nachhaltigkeitskompetenz_DE.\"><\/object><a id=\"wp-block-file--media-ed40b63d-cd52-4e1b-b227-d4e0f45b85fd\" href=\"https:\/\/g2vet.eu\/wp-content\/uploads\/2024\/08\/G2VET-Bewertung-von-Nachhaltigkeitskompetenz_DE.pdf\">G2VET Evaluaci\u00f3n de la competencia en materia de responsabilidad social_DE<\/a><a href=\"https:\/\/g2vet.eu\/wp-content\/uploads\/2024\/08\/G2VET-Bewertung-von-Nachhaltigkeitskompetenz_DE.pdf\" class=\"wp-block-file__button wp-element-button\" download=\"\" aria-describedby=\"wp-block-file--media-ed40b63d-cd52-4e1b-b227-d4e0f45b85fd\">Descarga<\/a><\/div>\n<\/div>\n\n\n\n<div class=\"wp-block-column is-layout-flow wp-block-column-is-layout-flow\">\n<p>Recomendaciones para evaluar la competencia en materia de sostenibilidad<br\/><em>Versi\u00f3n espa\u00f1ola<\/em><\/p>\n\n\n\n<div data-wp-interactive=\"core\/file\" class=\"wp-block-file\"><object data-wp-bind--hidden=\"!state.hasPdfPreview\" hidden class=\"wp-block-file__embed\" data=\"https:\/\/g2vet.eu\/wp-content\/uploads\/2024\/08\/G2VET-Evaluacion-de-la-Competencia-de-Sostenibilidad_ES.pdf\" type=\"application\/pdf\" style=\"width:100%;height:470px\" aria-label=\"Incrustado de G2VET Evaluaci\u00f3n de la Competencia de Sostenibilidad_ES.\"><\/object><a id=\"wp-block-file--media-46a4823b-edc6-4aaa-b2d0-69672f1ac284\" href=\"https:\/\/g2vet.eu\/wp-content\/uploads\/2024\/08\/G2VET-Evaluacion-de-la-Competencia-de-Sostenibilidad_ES.pdf\">G2VET Evaluaci\u00f3n de la Competencia de Sostenibilidad_ES<\/a><a href=\"https:\/\/g2vet.eu\/wp-content\/uploads\/2024\/08\/G2VET-Evaluacion-de-la-Competencia-de-Sostenibilidad_ES.pdf\" class=\"wp-block-file__button wp-element-button\" download=\"\" aria-describedby=\"wp-block-file--media-46a4823b-edc6-4aaa-b2d0-69672f1ac284\">Descarga<\/a><\/div>\n<\/div>\n<\/div>\n\n<div class=\"wp-block-columns is-layout-flex wp-container-core-columns-is-layout-9d6595d7 wp-block-columns-is-layout-flex\">\n<div class=\"wp-block-column is-layout-flow wp-block-column-is-layout-flow\">\n<p>TransferGuide \u00abC\u00f3mo integrar los materiales de G2VET en tu pr\u00e1ctica\u00bb<\/p>\n\n\n\n<div data-wp-interactive=\"core\/file\" class=\"wp-block-file\"><object data-wp-bind--hidden=\"!state.hasPdfPreview\" hidden class=\"wp-block-file__embed\" data=\"https:\/\/g2vet.eu\/wp-content\/uploads\/2024\/08\/G2VET_Transfer-Guide_EN.pdf\" type=\"application\/pdf\" style=\"width:100%;height:470px\" aria-label=\"Incrustado de G2VET_Transfer Guide_EN.\"><\/object><a id=\"wp-block-file--media-18e31740-261f-4517-9349-771af690ae1b\" href=\"https:\/\/g2vet.eu\/wp-content\/uploads\/2024\/08\/G2VET_Transfer-Guide_EN.pdf\">G2VET_Gu\u00eda de transferencia_ES<\/a><a href=\"https:\/\/g2vet.eu\/wp-content\/uploads\/2024\/08\/G2VET_Transfer-Guide_EN.pdf\" class=\"wp-block-file__button wp-element-button\" download=\"\" aria-describedby=\"wp-block-file--media-18e31740-261f-4517-9349-771af690ae1b\">Descarga<\/a><\/div>\n<\/div>\n\n\n\n<div class=\"wp-block-column is-layout-flow wp-block-column-is-layout-flow\">\n<p>TransferGuide \u00abIntegration der G2VET-Ergebnisse und Materialien in die Praxis\u00bb (Gu\u00eda de transferencia \u00abIntegraci\u00f3n de los resultados y materiales de G2VET en la pr\u00e1ctica\u00bb)<\/p>\n\n\n\n<div data-wp-interactive=\"core\/file\" class=\"wp-block-file\"><object data-wp-bind--hidden=\"!state.hasPdfPreview\" hidden class=\"wp-block-file__embed\" data=\"https:\/\/g2vet.eu\/wp-content\/uploads\/2024\/08\/G2VET_Transfer-Guide_DE-1.pdf\" type=\"application\/pdf\" style=\"width:100%;height:470px\" aria-label=\"Incrustado de G2VET_Transfer Guide_DE.\"><\/object><a id=\"wp-block-file--media-31d29601-198e-463a-81ec-01d73a9b1bc1\" href=\"https:\/\/g2vet.eu\/wp-content\/uploads\/2024\/08\/G2VET_Transfer-Guide_DE-1.pdf\">G2VET_Gu\u00eda de transferencia_DE<\/a><a href=\"https:\/\/g2vet.eu\/wp-content\/uploads\/2024\/08\/G2VET_Transfer-Guide_DE-1.pdf\" class=\"wp-block-file__button wp-element-button\" download=\"\" aria-describedby=\"wp-block-file--media-31d29601-198e-463a-81ec-01d73a9b1bc1\">Descarga<\/a><\/div>\n<\/div>\n\n\n\n<div class=\"wp-block-column is-layout-flow wp-block-column-is-layout-flow\">\n<p>Gu\u00eda de transferencia \u00abIntegraci\u00f3n de los resultados y recursos de G2VET en la pr\u00e1ctica\u00bb<\/p>\n\n\n\n<div data-wp-interactive=\"core\/file\" class=\"wp-block-file\"><object data-wp-bind--hidden=\"!state.hasPdfPreview\" hidden class=\"wp-block-file__embed\" data=\"https:\/\/g2vet.eu\/wp-content\/uploads\/2024\/08\/G2VET_Transfer-Guide_ES.pdf\" type=\"application\/pdf\" style=\"width:100%;height:470px\" aria-label=\"Incrustado de G2VET_Transfer Guide_ES.\"><\/object><a id=\"wp-block-file--media-f641a599-5a08-4469-a476-1ecd7ed074c6\" href=\"https:\/\/g2vet.eu\/wp-content\/uploads\/2024\/08\/G2VET_Transfer-Guide_ES.pdf\">G2VET_Gu\u00eda de transferencia_ES<\/a><a href=\"https:\/\/g2vet.eu\/wp-content\/uploads\/2024\/08\/G2VET_Transfer-Guide_ES.pdf\" class=\"wp-block-file__button wp-element-button\" download=\"\" aria-describedby=\"wp-block-file--media-f641a599-5a08-4469-a476-1ecd7ed074c6\">Descarga<\/a><\/div>\n<\/div>\n<\/div>\n","protected":false},"excerpt":{"rendered":"<p>Sostenibilidad y Educaci\u00f3n para el Desarrollo Sostenible (EDS) en la EFP La sostenibilidad es un concepto complejo con diversas interpretaciones. Aunque las definiciones pueden diferir, existe un amplio consenso en que la sostenibilidad es relevante para todos los aspectos del trabajo y la vida cotidiana, lo que hace necesaria su integraci\u00f3n en todas las \u00e1reas educativas.Como asociaci\u00f3n de la UE, [&hellip;]<\/p>\n","protected":false},"author":5,"featured_media":0,"parent":0,"menu_order":0,"comment_status":"closed","ping_status":"closed","template":"","meta":{"footnotes":""},"class_list":["post-2449","page","type-page","status-publish","hentry"],"_links":{"self":[{"href":"https:\/\/g2vet.eu\/es\/wp-json\/wp\/v2\/pages\/2449","targetHints":{"allow":["GET"]}}],"collection":[{"href":"https:\/\/g2vet.eu\/es\/wp-json\/wp\/v2\/pages"}],"about":[{"href":"https:\/\/g2vet.eu\/es\/wp-json\/wp\/v2\/types\/page"}],"author":[{"embeddable":true,"href":"https:\/\/g2vet.eu\/es\/wp-json\/wp\/v2\/users\/5"}],"replies":[{"embeddable":true,"href":"https:\/\/g2vet.eu\/es\/wp-json\/wp\/v2\/comments?post=2449"}],"version-history":[{"count":10,"href":"https:\/\/g2vet.eu\/es\/wp-json\/wp\/v2\/pages\/2449\/revisions"}],"predecessor-version":[{"id":4361,"href":"https:\/\/g2vet.eu\/es\/wp-json\/wp\/v2\/pages\/2449\/revisions\/4361"}],"wp:attachment":[{"href":"https:\/\/g2vet.eu\/es\/wp-json\/wp\/v2\/media?parent=2449"}],"curies":[{"name":"wp","href":"https:\/\/api.w.org\/{rel}","templated":true}]}}