{"id":2450,"date":"2023-03-10T08:51:41","date_gmt":"2023-03-10T07:51:41","guid":{"rendered":"https:\/\/g2vet.eu\/sobre-nosotros\/"},"modified":"2024-04-29T13:02:52","modified_gmt":"2024-04-29T12:02:52","slug":"sobre-nosotros","status":"publish","type":"page","link":"https:\/\/g2vet.eu\/es\/sobre-nosotros\/","title":{"rendered":"SOBRE NOSOTROS"},"content":{"rendered":"\n<p>G2VET es una asociaci\u00f3n ERASMUS+ KA2 entre instituciones del sector de la FP (Educaci\u00f3n y Formaci\u00f3n Profesional) de Austria, Finlandia, Espa\u00f1a y Alemania.<br\/>Juntos queremos dar impulsos para crear una \u00abcultura verde\u00bb en nuestras instituciones y animar a una amplia comunidad a implicarse en el tema, para luego activarse a s\u00ed mismos y a los dem\u00e1s y seguir desarrollando el proceso de forma consecuente.<\/p>\n\n<p>Estamos convencidos de que la educaci\u00f3n desempe\u00f1a un papel fundamental para alcanzar los objetivos clim\u00e1ticos de la UE. Con la educaci\u00f3n se puede llegar a personas en diferentes etapas de la vida, con diferentes antecedentes socioecon\u00f3micos y en diferentes zonas geogr\u00e1ficas. La educaci\u00f3n puede lograr que los ciudadanos act\u00faen como trabajadores responsables en sus lugares de trabajo y\/o en la vida privada en materia de cambio clim\u00e1tico y a favor del desarrollo sostenible.<\/p>\n\n<p>Para conseguirlo a gran escala, todos los que trabajan en el \u00e1mbito de la formaci\u00f3n profesional, especialmente los formadores, deben comprender en primer lugar la complejidad del tema, encontrar una definici\u00f3n adecuada y someterse a un proceso de sensibilizaci\u00f3n y adquisici\u00f3n de nuevos conocimientos y competencias. Por ah\u00ed quiere empezar la asociaci\u00f3n \u00abG2VET\u00bb.<\/p>\n\n<p>El proyecto pretende sensibilizar, modificar actitudes y crear acci\u00f3n entre los empleados. El objetivo es mostrar, con pasos sencillos y peque\u00f1os, formas en las que cada persona puede actuar de forma sostenible en el contexto de su trabajo.<\/p>\n\n<p><br\/>Duraci\u00f3n del proyecto: 12\/2022 &#8211; 06\/2024<br\/>N\u00famero de proyecto: 2022-1-DE02-KA220-VET-000086891<br\/><\/p>\n\n<figure class=\"wp-block-image size-large is-resized\"><img loading=\"lazy\" decoding=\"async\" src=\"https:\/\/g2vet.eu\/wp-content\/uploads\/2023\/03\/EN-Co-Funded-by-the-EU_BLACK-Outline-1024x215.png\" alt=\"\" class=\"wp-image-1879\" width=\"320\" height=\"67\" srcset=\"https:\/\/g2vet.eu\/wp-content\/uploads\/2023\/03\/EN-Co-Funded-by-the-EU_BLACK-Outline-1024x215.png 1024w, https:\/\/g2vet.eu\/wp-content\/uploads\/2023\/03\/EN-Co-Funded-by-the-EU_BLACK-Outline-300x63.png 300w, https:\/\/g2vet.eu\/wp-content\/uploads\/2023\/03\/EN-Co-Funded-by-the-EU_BLACK-Outline-768x161.png 768w, https:\/\/g2vet.eu\/wp-content\/uploads\/2023\/03\/EN-Co-Funded-by-the-EU_BLACK-Outline-1536x322.png 1536w, https:\/\/g2vet.eu\/wp-content\/uploads\/2023\/03\/EN-Co-Funded-by-the-EU_BLACK-Outline-2048x430.png 2048w\" sizes=\"auto, (max-width: 320px) 100vw, 320px\" \/><\/figure>\n<figure class=\"wp-block-table\"><table><tbody><tr><td><\/td><td>Financiado por la Uni\u00f3n Europea. No obstante, los puntos de vista y opiniones expresados son exclusivamente los del autor o autores y no reflejan necesariamente los de la Uni\u00f3n Europea ni los de la Agencia Ejecutiva en el \u00e1mbito Educativo y Cultural Europeo (EACEA). Ni la Uni\u00f3n Europea ni la EACEA pueden considerarse responsables de ellos.<\/td><\/tr><\/tbody><\/table><\/figure>","protected":false},"excerpt":{"rendered":"<p>G2VET es una asociaci\u00f3n ERASMUS+ KA2 entre instituciones del sector de la FP (Educaci\u00f3n y Formaci\u00f3n Profesional) de Austria, Finlandia, Espa\u00f1a y Alemania.Juntos queremos dar impulsos para crear una \u00abcultura verde\u00bb en nuestras instituciones y animar a una amplia comunidad a implicarse en el tema, para luego activarse a s\u00ed mismos y a los dem\u00e1s y seguir desarrollando el proceso [&hellip;]<\/p>\n","protected":false},"author":3,"featured_media":0,"parent":0,"menu_order":2,"comment_status":"closed","ping_status":"closed","template":"","meta":{"footnotes":""},"class_list":["post-2450","page","type-page","status-publish","hentry"],"_links":{"self":[{"href":"https:\/\/g2vet.eu\/es\/wp-json\/wp\/v2\/pages\/2450","targetHints":{"allow":["GET"]}}],"collection":[{"href":"https:\/\/g2vet.eu\/es\/wp-json\/wp\/v2\/pages"}],"about":[{"href":"https:\/\/g2vet.eu\/es\/wp-json\/wp\/v2\/types\/page"}],"author":[{"embeddable":true,"href":"https:\/\/g2vet.eu\/es\/wp-json\/wp\/v2\/users\/3"}],"replies":[{"embeddable":true,"href":"https:\/\/g2vet.eu\/es\/wp-json\/wp\/v2\/comments?post=2450"}],"version-history":[{"count":4,"href":"https:\/\/g2vet.eu\/es\/wp-json\/wp\/v2\/pages\/2450\/revisions"}],"predecessor-version":[{"id":3754,"href":"https:\/\/g2vet.eu\/es\/wp-json\/wp\/v2\/pages\/2450\/revisions\/3754"}],"wp:attachment":[{"href":"https:\/\/g2vet.eu\/es\/wp-json\/wp\/v2\/media?parent=2450"}],"curies":[{"name":"wp","href":"https:\/\/api.w.org\/{rel}","templated":true}]}}