{"id":2456,"date":"2023-03-15T20:55:30","date_gmt":"2023-03-15T19:55:30","guid":{"rendered":"https:\/\/g2vet.eu\/socios-del-proyecto\/"},"modified":"2024-06-19T13:30:52","modified_gmt":"2024-06-19T12:30:52","slug":"socios-del-proyecto","status":"publish","type":"page","link":"https:\/\/g2vet.eu\/es\/socios-del-proyecto\/","title":{"rendered":"SOCIOS DEL PROYECTO"},"content":{"rendered":"<p><style>\/*! elementor - v3.12.1 - 02-04-2023 *\/<br \/>.elementor-widget-divider{--divider-border-style:none;--divider-border-width:1px;--divider-color:#0c0d0e;--divider-icon-size:20px;--divider-element-spacing:10px;--divider-pattern-height:24px;--divider-pattern-size:20px;--divider-pattern-url:none;--divider-pattern-repeat:repeat-x}.elementor-widget-divider .elementor-divider{display:flex}.elementor-widget-divider .elementor-divider__text{font-size:15px;line-height:1;max-width:95%}.elementor-widget-divider .elementor-divider__element{margin:0 var(--divider-element-spacing);flex-shrink:0}.elementor-widget-divider .elementor-icon{font-size:var(--divider-icon-size)}.elementor-widget-divider .elementor-divider-separator{display:flex;margin:0;direction:ltr}.elementor-widget-divider--view-line_icon .elementor-divider-separator,.elementor-widget-divider--view-line_text .elementor-divider-separator{align-items:center}.elementor-widget-divider--view-line_icon .elementor-divider-separator:after,.elementor-widget-divider--view-line_icon .elementor-divider-separator:before,.elementor-widget-divider--view-line_text .elementor-divider-separator:after,.elementor-widget-divider--view-line_text .elementor-divider-separator:before{display:block;content:\"\";border-bottom:0;flex-grow:1;border-top:var(--divider-border-width) var(--divider-border-style) var(--divider-color)}.elementor-widget-divider--element-align-left .elementor-divider .elementor-divider-separator>.elementor-divider__svg:first-of-type{flex-grow:0;flex-shrink:100}.elementor-widget-divider--element-align-left .elementor-divider-separator:before{content:none}.elementor-widget-divider--element-align-left .elementor-divider__element{margin-left:0}.elementor-widget-divider--element-align-right .elementor-divider .elementor-divider-separator>.elementor-divider__svg:last-of-type{flex-grow:0;flex-shrink:100}.elementor-widget-divider--element-align-right .elementor-divider-separator:after{content:none}.elementor-widget-divider--element-align-right .elementor-divider__element{margin-right:0}.elementor-widget-divider:not(.elementor-widget-divider--view-line_text):not(.elementor-widget-divider--view-line_icon) .elementor-divider-separator{border-top:var(--divider-border-width) var(--divider-border-style) var(--divider-color)}.elementor-widget-divider--separator-type-pattern{--divider-border-style:none}.elementor-widget-divider--separator-type-pattern.elementor-widget-divider--view-line .elementor-divider-separator,.elementor-widget-divider--separator-type-pattern:not(.elementor-widget-divider--view-line) .elementor-divider-separator:after,.elementor-widget-divider--separator-type-pattern:not(.elementor-widget-divider--view-line) .elementor-divider-separator:before,.elementor-widget-divider--separator-type-pattern:not([class*=elementor-widget-divider--view]) .elementor-divider-separator{width:100%;min-height:var(--divider-pattern-height);-webkit-mask-size:var(--divider-pattern-size) 100%;mask-size:var(--divider-pattern-size) 100%;-webkit-mask-repeat:var(--divider-pattern-repeat);mask-repeat:var(--divider-pattern-repeat);background-color:var(--divider-color);-webkit-mask-image:var(--divider-pattern-url);mask-image:var(--divider-pattern-url)}.elementor-widget-divider--no-spacing{--divider-pattern-size:auto}.elementor-widget-divider--bg-round{--divider-pattern-repeat:round}.rtl .elementor-widget-divider .elementor-divider__text{direction:rtl}.e-con-inner>.elementor-widget-divider,.e-con>.elementor-widget-divider{width:var(--container-widget-width,100%);--flex-grow:var(--container-widget-flex-grow)}<\/style>\n<\/p>\n\n\n<div style=\"height:100px\" aria-hidden=\"true\" class=\"wp-block-spacer\"><\/div>\n\n\n\n<div class=\"wp-block-columns is-layout-flex wp-container-core-columns-is-layout-9d6595d7 wp-block-columns-is-layout-flex\">\n<div class=\"wp-block-column is-layout-flow wp-block-column-is-layout-flow\" style=\"flex-basis:33.33%\"><div class=\"wp-block-image\">\n<figure class=\"aligncenter size-large is-resized\"><a href=\"https:\/\/stiftung-bildung-handwerk.de\/\"><img loading=\"lazy\" decoding=\"async\" width=\"1024\" height=\"243\" src=\"https:\/\/g2vet.eu\/wp-content\/uploads\/2023\/03\/Stiftung_Bildung__Handwerk-1024x243.jpg\" alt=\"\" class=\"wp-image-1651\" style=\"width:268px;height:63px\" srcset=\"https:\/\/g2vet.eu\/wp-content\/uploads\/2023\/03\/Stiftung_Bildung__Handwerk-1024x243.jpg 1024w, https:\/\/g2vet.eu\/wp-content\/uploads\/2023\/03\/Stiftung_Bildung__Handwerk-300x71.jpg 300w, https:\/\/g2vet.eu\/wp-content\/uploads\/2023\/03\/Stiftung_Bildung__Handwerk-768x182.jpg 768w, https:\/\/g2vet.eu\/wp-content\/uploads\/2023\/03\/Stiftung_Bildung__Handwerk-1536x365.jpg 1536w, https:\/\/g2vet.eu\/wp-content\/uploads\/2023\/03\/Stiftung_Bildung__Handwerk-2048x486.jpg 2048w\" sizes=\"auto, (max-width: 1024px) 100vw, 1024px\" \/><\/a><\/figure>\n<\/div><\/div>\n\n\n\n<div class=\"wp-block-column is-layout-flow wp-block-column-is-layout-flow\" style=\"flex-basis:66.66%\">\n<h2 class=\"wp-block-heading\">STIFTUNG BILDUNG &amp; HANDWERK I ALEMANIA<\/h2>\n\n\n\n<p>La Fundaci\u00f3n Educaci\u00f3n y Formaci\u00f3n Profesional, con sede en Paderborn (Alemania), est\u00e1 comprometida con la igualdad de acceso a la educaci\u00f3n y el empleo como requisito previo para la igualdad de oportunidades en la sociedad. Fue creada como organizaci\u00f3n sin \u00e1nimo de lucro en 2001 por el Gremio de Artesan\u00eda del Distrito de Paderborn, que desde su fundaci\u00f3n se ha comprometido no s\u00f3lo con los intereses econ\u00f3micos y pol\u00edticos del sector regional de la artesan\u00eda, sino tambi\u00e9n con la formaci\u00f3n y la educaci\u00f3n continua sostenibles y actualizadas.<\/p>\n\n\n\n<p>Invertimos en la calidad de nuestro trabajo y lo reconducimos al fomento de una educaci\u00f3n orientada al futuro. Para ello, est\u00e1 estrechamente vinculada a la red de la Fundaci\u00f3n, que incluye ocho empresas educativas, as\u00ed como una universidad y tres escuelas en el extranjero. Rendimiento, fuerza innovadora y un alto sentido de la responsabilidad para con las personas y el medio ambiente son nuestras aspiraciones. Actuamos de forma sostenible y orientada a los recursos.<\/p>\n<\/div>\n<\/div>\n\n\n\n<hr class=\"wp-block-separator has-alpha-channel-opacity is-style-wide\"\/>\n\n\n\n<div class=\"wp-block-columns is-layout-flex wp-container-core-columns-is-layout-9d6595d7 wp-block-columns-is-layout-flex\">\n<div class=\"wp-block-column is-layout-flow wp-block-column-is-layout-flow\" style=\"flex-basis:33.33%\"><div class=\"wp-block-image\">\n<figure class=\"aligncenter size-full\"><a href=\"https:\/\/www.kpedu.fi\/\" target=\"_blank\" rel=\"noreferrer noopener\"><img loading=\"lazy\" decoding=\"async\" width=\"765\" height=\"217\" src=\"https:\/\/g2vet.eu\/wp-content\/uploads\/2023\/03\/kpedu_logo.png\" alt=\"\" class=\"wp-image-1652\" srcset=\"https:\/\/g2vet.eu\/wp-content\/uploads\/2023\/03\/kpedu_logo.png 765w, https:\/\/g2vet.eu\/wp-content\/uploads\/2023\/03\/kpedu_logo-300x85.png 300w\" sizes=\"auto, (max-width: 765px) 100vw, 765px\" \/><\/a><\/figure>\n<\/div><\/div>\n\n\n\n<div class=\"wp-block-column is-layout-flow wp-block-column-is-layout-flow\" style=\"flex-basis:66.66%\">\n<h2 class=\"wp-block-heading\">FEDERACI\u00d3N DE EDUCACI\u00d3N DE OSTROBOTNIA CENTRAL (KPEDU) Y FINLANDIA<\/h2>\n\n\n\n<p>Kpedu es una organizaci\u00f3n educativa multidisciplinar y en activo desarrollo que ofrece educaci\u00f3n secundaria, formaci\u00f3n profesional, educaci\u00f3n preparatoria, formaci\u00f3n de aprendices y educaci\u00f3n secundaria.<\/p>\n\n\n\n<p>De acuerdo con nuestra estrategia de crecimiento sostenible 2021-2025, estamos comprometidos con principios y pr\u00e1cticas de desarrollo sostenible basados en el principio de mejora continua. Nuestro objetivo es actuar de forma innovadora, orientada al cliente (tanto estudiantes como vida laboral) y producir conocimientos especializados que promuevan el pensamiento y la acci\u00f3n de acuerdo con el desarrollo sostenible en diversos campos profesionales.<\/p>\n\n\n\n<p>En nuestra zona est\u00e1n en auge los clusters del hidr\u00f3geno, la energ\u00eda e\u00f3lica y las bater\u00edas, que crean nuevas necesidades educativas para los expertos del ma\u00f1ana en la transferencia verde. Nuestra responsabilidad social construye el futuro sobre soluciones sostenibles desde el punto de vista econ\u00f3mico, ecol\u00f3gico, social y cultural. El objetivo es promover el bienestar integral de los estudiantes, el personal, la vida laboral, el medio ambiente y la zona de influencia.<\/p>\n<\/div>\n<\/div>\n\n\n\n<hr class=\"wp-block-separator has-alpha-channel-opacity is-style-wide\"\/>\n\n\n\n<div class=\"wp-block-columns is-layout-flex wp-container-core-columns-is-layout-9d6595d7 wp-block-columns-is-layout-flex\">\n<div class=\"wp-block-column is-layout-flow wp-block-column-is-layout-flow\" style=\"flex-basis:33.33%\"><div class=\"wp-block-image\">\n<figure class=\"aligncenter size-full\"><a href=\"https:\/\/www.bbrz.at\/de\/bbrz\"><img loading=\"lazy\" decoding=\"async\" width=\"676\" height=\"125\" src=\"https:\/\/g2vet.eu\/wp-content\/uploads\/2023\/03\/Logo-BBRZ.png\" alt=\"\" class=\"wp-image-1920\" srcset=\"https:\/\/g2vet.eu\/wp-content\/uploads\/2023\/03\/Logo-BBRZ.png 676w, https:\/\/g2vet.eu\/wp-content\/uploads\/2023\/03\/Logo-BBRZ-300x55.png 300w\" sizes=\"auto, (max-width: 676px) 100vw, 676px\" \/><\/a><\/figure>\n<\/div><\/div>\n\n\n\n<div class=\"wp-block-column is-layout-flow wp-block-column-is-layout-flow\" style=\"flex-basis:66.66%\">\n<h2 class=\"wp-block-heading\">BERUFLICHES BILDUNGS- UND REHABILITATIONSZENTRUM \u00d6STERREICH (BBRZ-\u00d6) I AUSTRIA<\/h2>\n\n\n\n<p>BBRZ (Centro de Formaci\u00f3n y Rehabilitaci\u00f3n Profesional) es uno de los mayores especialistas austriacos en formaci\u00f3n y rehabilitaci\u00f3n profesional. Desde 1975, nuestra misi\u00f3n es apoyar, animar y acompa\u00f1ar al mayor n\u00famero posible de personas en edad de trabajar para que desarrollen y aprovechen sus oportunidades profesionales y sociales. Por lo tanto, apoyamos a las personas que ya no pueden ejercer su profesi\u00f3n anterior debido a una enfermedad f\u00edsica o mental o a un accidente en su reincorporaci\u00f3n a la vida laboral. Adem\u00e1s, ofrecemos servicios especializados para discapacitados visuales, personas del espectro autista o con lesiones cerebrales o enfermedades neurol\u00f3gicas. Apoyamos activamente a nuestros clientes y trabajamos con ellos para desarrollar un plan de rehabilitaci\u00f3n para su futuro. Todos nuestros servicios est\u00e1n orientados a la consecuci\u00f3n de nuestro objetivo, que es la integraci\u00f3n sostenible de nuestros clientes en el mercado laboral abierto. Nuestros clientes son dise\u00f1adores activos de su propio proceso de rehabilitaci\u00f3n profesional. Les acompa\u00f1amos poni\u00e9ndonos en su piel, con un enfoque hol\u00edstico y depositamos nuestra confianza en sus capacidades y puntos fuertes.<\/p>\n<\/div>\n<\/div>\n\n\n\n<hr class=\"wp-block-separator has-alpha-channel-opacity is-style-wide\"\/>\n\n\n\n<div class=\"wp-block-columns is-layout-flex wp-container-core-columns-is-layout-9d6595d7 wp-block-columns-is-layout-flex\">\n<div class=\"wp-block-column is-layout-flow wp-block-column-is-layout-flow\" style=\"flex-basis:33.33%\"><div class=\"wp-block-image\">\n<figure class=\"aligncenter size-full is-resized\"><a href=\"https:\/\/www.jcyl.es\/web\/jcyl\/Portada\/es\/Home\/1246890364336\/_\/_\/_\"><img loading=\"lazy\" decoding=\"async\" width=\"112\" height=\"67\" src=\"https:\/\/g2vet.eu\/wp-content\/uploads\/2023\/03\/logo-jcyl-1.png\" alt=\"\" class=\"wp-image-1659\" style=\"width:219px;height:131px\"\/><\/a><\/figure>\n<\/div>\n\n\n<p><\/p>\n<\/div>\n\n\n\n<div class=\"wp-block-column is-layout-flow wp-block-column-is-layout-flow\" style=\"flex-basis:66.66%\">\n<h2 class=\"wp-block-heading\">CONSEJER\u00cdA DE EDUCACI\u00d3N DE LA JUNTA DE CASTILLA Y LE\u00d3N (JCYL) I ESPA\u00d1A<\/h2>\n\n\n\n<p>CONSEJER\u00cdA DE EDUCACI\u00d3N DE LA JUNTA DE CASTILLA Y LE\u00d3N es la autoridad educativa de la Comunidad Aut\u00f3noma con competencias ejecutivas y administrativas para la gesti\u00f3n del sistema educativo en el territorio. Tiene las competencias en materia de FP, gestionadas a trav\u00e9s de la Direcci\u00f3n General de Educaci\u00f3n y Formaci\u00f3n Profesional. Los aspectos pedag\u00f3gicos b\u00e1sicos, los objetivos, las competencias b\u00e1sicas, los resultados del aprendizaje, los contenidos y los criterios de evaluaci\u00f3n, junto con la validez de los t\u00edtulos, se encuentran entre las competencias del Departamento. Las principales tareas incluyen la planificaci\u00f3n de la organizaci\u00f3n acad\u00e9mica y el dise\u00f1o curricular, as\u00ed como el desarrollo de la cooperaci\u00f3n y la gesti\u00f3n de redes. As\u00ed pues, el Departamento est\u00e1 comprometido con la internacionalizaci\u00f3n en la FP y la investigaci\u00f3n sobre la aplicaci\u00f3n de temas sociales y educativos relevantes en la educaci\u00f3n. La JCYL participa en un amplio abanico de organizaciones educativas y es un gran colaborador en la creaci\u00f3n de redes de excelencia educativa.<\/p>\n<\/div>\n<\/div>\n","protected":false},"excerpt":{"rendered":"<p>STIFTUNG BILDUNG &amp; HANDWERK I ALEMANIA La Fundaci\u00f3n Educaci\u00f3n y Formaci\u00f3n Profesional, con sede en Paderborn (Alemania), est\u00e1 comprometida con la igualdad de acceso a la educaci\u00f3n y el empleo como requisito previo para la igualdad de oportunidades en la sociedad. Fue creada como organizaci\u00f3n sin \u00e1nimo de lucro en 2001 por el Gremio de Artesan\u00eda del Distrito de Paderborn, [&hellip;]<\/p>\n","protected":false},"author":5,"featured_media":0,"parent":0,"menu_order":0,"comment_status":"closed","ping_status":"closed","template":"","meta":{"footnotes":""},"class_list":["post-2456","page","type-page","status-publish","hentry"],"_links":{"self":[{"href":"https:\/\/g2vet.eu\/es\/wp-json\/wp\/v2\/pages\/2456","targetHints":{"allow":["GET"]}}],"collection":[{"href":"https:\/\/g2vet.eu\/es\/wp-json\/wp\/v2\/pages"}],"about":[{"href":"https:\/\/g2vet.eu\/es\/wp-json\/wp\/v2\/types\/page"}],"author":[{"embeddable":true,"href":"https:\/\/g2vet.eu\/es\/wp-json\/wp\/v2\/users\/5"}],"replies":[{"embeddable":true,"href":"https:\/\/g2vet.eu\/es\/wp-json\/wp\/v2\/comments?post=2456"}],"version-history":[{"count":5,"href":"https:\/\/g2vet.eu\/es\/wp-json\/wp\/v2\/pages\/2456\/revisions"}],"predecessor-version":[{"id":3935,"href":"https:\/\/g2vet.eu\/es\/wp-json\/wp\/v2\/pages\/2456\/revisions\/3935"}],"wp:attachment":[{"href":"https:\/\/g2vet.eu\/es\/wp-json\/wp\/v2\/media?parent=2456"}],"curies":[{"name":"wp","href":"https:\/\/api.w.org\/{rel}","templated":true}]}}