{"id":2457,"date":"2023-03-15T20:58:26","date_gmt":"2023-03-15T19:58:26","guid":{"rendered":"https:\/\/g2vet.eu\/sostenibilidad-en-veterinaria\/"},"modified":"2024-04-29T10:32:52","modified_gmt":"2024-04-29T09:32:52","slug":"sostenibilidad-en-veterinaria","status":"publish","type":"page","link":"https:\/\/g2vet.eu\/es\/sostenibilidad-en-veterinaria\/","title":{"rendered":"SOSTENIBILIDAD EN LA EDUCACI\u00d3N Y FORMACI\u00d3N PROFESIONAL"},"content":{"rendered":"\n<div class=\"wp-block-columns is-layout-flex wp-container-core-columns-is-layout-9d6595d7 wp-block-columns-is-layout-flex\">\n<div class=\"wp-block-column is-layout-flow wp-block-column-is-layout-flow\">\n<figure class=\"wp-block-image size-large\"><img loading=\"lazy\" decoding=\"async\" width=\"1024\" height=\"621\" src=\"https:\/\/g2vet.eu\/wp-content\/uploads\/2023\/03\/puzzle-last-part-joining-together-3223941-1024x621.jpg\" alt=\"puzzle, ultima parte, uniendo-3223941.jpg\" class=\"wp-image-1640\" srcset=\"https:\/\/g2vet.eu\/wp-content\/uploads\/2023\/03\/puzzle-last-part-joining-together-3223941-1024x621.jpg 1024w, https:\/\/g2vet.eu\/wp-content\/uploads\/2023\/03\/puzzle-last-part-joining-together-3223941-300x182.jpg 300w, https:\/\/g2vet.eu\/wp-content\/uploads\/2023\/03\/puzzle-last-part-joining-together-3223941-768x466.jpg 768w, https:\/\/g2vet.eu\/wp-content\/uploads\/2023\/03\/puzzle-last-part-joining-together-3223941.jpg 1280w\" sizes=\"auto, (max-width: 1024px) 100vw, 1024px\" \/><\/figure><\/div>\n\n\n\n<div class=\"wp-block-column is-layout-flow wp-block-column-is-layout-flow\">\n<p>La Educaci\u00f3n para el Desarrollo Sostenible (EDS) es un objetivo importante de la Uni\u00f3n Europea (UE). La UE ha integrado la EDS en sus pol\u00edticas para dotar a las personas de los conocimientos, capacidades y valores que necesitan para proteger el planeta y avanzar hacia los Objetivos de Desarrollo Sostenible.<\/p>\n\n\n\n<p>La Educaci\u00f3n y Formaci\u00f3n Profesional (EFP) desempe\u00f1a un papel crucial en la EDS al integrar los principios de sostenibilidad en los programas educativos destinados a desarrollar los conocimientos, habilidades y actitudes necesarios para las pr\u00e1cticas sostenibles de los futuros profesionales. Al incorporar la EDS a la EFP, se prepara a las personas para que piensen y act\u00faen de forma sostenible en diversos sectores, como el empresarial, el industrial y el laboral, fomentando una cultura de responsabilidad medioambiental y promoviendo pr\u00e1cticas sostenibles dentro de las organizaciones.<\/p>\n<\/div>\n<\/div>\n\n<h2 class=\"wp-block-heading\">\u00bfC\u00f3mo ense\u00f1ar Sostenibilidad?<\/h2>\n\n<div class=\"wp-block-columns is-layout-flex wp-container-core-columns-is-layout-9d6595d7 wp-block-columns-is-layout-flex\">\n<div class=\"wp-block-column is-layout-flow wp-block-column-is-layout-flow\"><div class=\"h5p-iframe-wrapper\"><iframe id=\"h5p-iframe-32\" class=\"h5p-iframe\" data-content-id=\"32\" style=\"height:1px\" src=\"about:blank\" frameBorder=\"0\" scrolling=\"no\" title=\"LifeHack No. 20_EU GreenComp at a Glance\"><\/iframe><\/div>\n<\/div>\n\n\n\n<div class=\"wp-block-column is-layout-flow wp-block-column-is-layout-flow\">\n<p>Aqu\u00ed, el Marco de Competencia Verde de la UE (GreenComp) desempe\u00f1a un papel crucial en el fomento de la educaci\u00f3n medioambiental y el desarrollo sostenible.<\/p>\n\n\n\n<p>Familiar\u00edzate con el contenido del Marco Europeo de Competencias para la Sostenibilidad y averigua qu\u00e9 competencias pertenecen a la sostenibilidad y c\u00f3mo se componen de conocimientos, habilidades y actitudes.<\/p>\n<\/div>\n<\/div>\n\n<p><strong>La sostenibilidad como asignatura obligatoria para los futuros profesionales en Finlandia<\/strong><br\/>Puedes leer c\u00f3mo funciona en la entrada del blog de nuestros socios finlandeses del proyecto Kpedu.<\/p>\n\n<p><a href=\"https:\/\/g2vet.eu\/recommended-by-us\/ecosocially-educated-professionals-for-a-sustainable-future\/\">https:\/\/g2vet.eu\/recommended-by-us\/ecosocially-educated-professionals-for-a-sustainable-future\/<\/a><br\/><\/p>\n","protected":false},"excerpt":{"rendered":"<p>La Educaci\u00f3n para el Desarrollo Sostenible (EDS) es un objetivo importante de la Uni\u00f3n Europea (UE). La UE ha integrado la EDS en sus pol\u00edticas para dotar a las personas de los conocimientos, capacidades y valores que necesitan para proteger el planeta y avanzar hacia los Objetivos de Desarrollo Sostenible. La Educaci\u00f3n y Formaci\u00f3n Profesional (EFP) desempe\u00f1a un papel crucial [&hellip;]<\/p>\n","protected":false},"author":5,"featured_media":0,"parent":0,"menu_order":0,"comment_status":"closed","ping_status":"closed","template":"","meta":{"footnotes":""},"class_list":["post-2457","page","type-page","status-publish","hentry"],"_links":{"self":[{"href":"https:\/\/g2vet.eu\/es\/wp-json\/wp\/v2\/pages\/2457","targetHints":{"allow":["GET"]}}],"collection":[{"href":"https:\/\/g2vet.eu\/es\/wp-json\/wp\/v2\/pages"}],"about":[{"href":"https:\/\/g2vet.eu\/es\/wp-json\/wp\/v2\/types\/page"}],"author":[{"embeddable":true,"href":"https:\/\/g2vet.eu\/es\/wp-json\/wp\/v2\/users\/5"}],"replies":[{"embeddable":true,"href":"https:\/\/g2vet.eu\/es\/wp-json\/wp\/v2\/comments?post=2457"}],"version-history":[{"count":11,"href":"https:\/\/g2vet.eu\/es\/wp-json\/wp\/v2\/pages\/2457\/revisions"}],"predecessor-version":[{"id":3716,"href":"https:\/\/g2vet.eu\/es\/wp-json\/wp\/v2\/pages\/2457\/revisions\/3716"}],"wp:attachment":[{"href":"https:\/\/g2vet.eu\/es\/wp-json\/wp\/v2\/media?parent=2457"}],"curies":[{"name":"wp","href":"https:\/\/api.w.org\/{rel}","templated":true}]}}