{"id":2462,"date":"2023-03-15T20:57:14","date_gmt":"2023-03-15T19:57:14","guid":{"rendered":"https:\/\/g2vet.eu\/objetivos-del-proyecto-2\/"},"modified":"2024-04-29T13:10:51","modified_gmt":"2024-04-29T12:10:51","slug":"objetivos-del-proyecto-2","status":"publish","type":"page","link":"https:\/\/g2vet.eu\/es\/objetivos-del-proyecto-2\/","title":{"rendered":"OBJETIVOS DEL PROYECTO"},"content":{"rendered":"\n<div class=\"wp-block-columns is-layout-flex wp-container-core-columns-is-layout-9d6595d7 wp-block-columns-is-layout-flex\">\n<div class=\"wp-block-column is-layout-flow wp-block-column-is-layout-flow\" style=\"flex-basis:33.33%\">\n<figure class=\"wp-block-image size-large is-resized\"><img loading=\"lazy\" decoding=\"async\" src=\"https:\/\/g2vet.eu\/wp-content\/uploads\/2023\/05\/G2VET_Nachhaltigkeithoch-edited-768x1024.png\" alt=\"\" class=\"wp-image-2094\" width=\"304\" height=\"405\" srcset=\"https:\/\/g2vet.eu\/wp-content\/uploads\/2023\/05\/G2VET_Nachhaltigkeithoch-edited-768x1024.png 768w, https:\/\/g2vet.eu\/wp-content\/uploads\/2023\/05\/G2VET_Nachhaltigkeithoch-edited-225x300.png 225w, https:\/\/g2vet.eu\/wp-content\/uploads\/2023\/05\/G2VET_Nachhaltigkeithoch-edited.png 1000w\" sizes=\"auto, (max-width: 304px) 100vw, 304px\" \/><\/figure><\/div>\n\n\n\n<div class=\"wp-block-column is-layout-flow wp-block-column-is-layout-flow\" style=\"flex-basis:66.66%\">\n<p>G2VET desea desarrollar la comprensi\u00f3n de las dimensiones del t\u00e9rmino \u00absostenibilidad\u00bb y crear una comunidad en el \u00e1mbito de la sostenibilidad en el trabajo diario.<\/p>\n\n\n\n<p>Por eso queremos establecer formas avanzadas de comunicaci\u00f3n entre los socios y de concienciaci\u00f3n aprendiendo unos con otros y unos de otros. El objetivo es animarnos a nosotros mismos y a la comunidad a implicarnos en el tema de la \u00absostenibilidad\u00bb.<\/p>\n\n\n\n<p>Para ello estamos creando un blog con las conclusiones y el proceso del proyecto (working-out-loud), con potencial para el desarrollo comunitario.<\/p>\n\n\n\n<p>Desarrollaremos peque\u00f1as p\u00edldoras de aprendizaje (life hacks) sobre los temas abordados y crearemos una colecci\u00f3n de ellas como parte de una caja de herramientas de \u00abpeque\u00f1os pasos\u00bb que cualquiera puede poner en pr\u00e1ctica. Las lecciones m\u00e1s importantes se publicar\u00e1n en forma de gu\u00eda.<\/p>\n\n\n\n<p>G2VET pretende que el personal de las instituciones participantes conozca los lifehacks y pueda aplicarlos utilizando los recursos digitales pertinentes. Los miembros del personal implicados en las organizaciones y departamentos est\u00e1n familiarizados con el modelo europeo GreenComp y pueden evaluar sus competencias.<\/p>\n\n\n\n<p>El propio consorcio del proyecto asume el papel de alumno. Documentamos nuestros viajes de aprendizaje y los ponemos a disposici\u00f3n como experiencia. Adem\u00e1s, celebraremos una conferencia multiplicadora para apoyar la transferencia.<\/p>\n<\/div>\n<\/div>\n","protected":false},"excerpt":{"rendered":"<p>G2VET desea desarrollar la comprensi\u00f3n de las dimensiones del t\u00e9rmino \u00absostenibilidad\u00bb y crear una comunidad en el \u00e1mbito de la sostenibilidad en el trabajo diario. Por eso queremos establecer formas avanzadas de comunicaci\u00f3n entre los socios y de concienciaci\u00f3n aprendiendo unos con otros y unos de otros. El objetivo es animarnos a nosotros mismos y a la comunidad a implicarnos [&hellip;]<\/p>\n","protected":false},"author":5,"featured_media":0,"parent":0,"menu_order":0,"comment_status":"closed","ping_status":"closed","template":"","meta":{"footnotes":""},"class_list":["post-2462","page","type-page","status-publish","hentry"],"_links":{"self":[{"href":"https:\/\/g2vet.eu\/es\/wp-json\/wp\/v2\/pages\/2462","targetHints":{"allow":["GET"]}}],"collection":[{"href":"https:\/\/g2vet.eu\/es\/wp-json\/wp\/v2\/pages"}],"about":[{"href":"https:\/\/g2vet.eu\/es\/wp-json\/wp\/v2\/types\/page"}],"author":[{"embeddable":true,"href":"https:\/\/g2vet.eu\/es\/wp-json\/wp\/v2\/users\/5"}],"replies":[{"embeddable":true,"href":"https:\/\/g2vet.eu\/es\/wp-json\/wp\/v2\/comments?post=2462"}],"version-history":[{"count":3,"href":"https:\/\/g2vet.eu\/es\/wp-json\/wp\/v2\/pages\/2462\/revisions"}],"predecessor-version":[{"id":3762,"href":"https:\/\/g2vet.eu\/es\/wp-json\/wp\/v2\/pages\/2462\/revisions\/3762"}],"wp:attachment":[{"href":"https:\/\/g2vet.eu\/es\/wp-json\/wp\/v2\/media?parent=2462"}],"curies":[{"name":"wp","href":"https:\/\/api.w.org\/{rel}","templated":true}]}}