{"id":2463,"date":"2023-03-17T13:39:35","date_gmt":"2023-03-17T12:39:35","guid":{"rendered":"https:\/\/g2vet.eu\/politica-de-privacidad\/"},"modified":"2024-04-29T13:00:20","modified_gmt":"2024-04-29T12:00:20","slug":"politica-de-privacidad","status":"publish","type":"page","link":"https:\/\/g2vet.eu\/es\/politica-de-privacidad\/","title":{"rendered":"Pol\u00edtica de privacidad"},"content":{"rendered":"\n<h2 class=\"wp-block-heading\">Qui\u00e9nes somos<\/h2>\n\n<p>Somos el <strong>proyecto G2VET<\/strong> en Stiftung Bildung &amp; Handwerk, Forum des Handwerks 1, 33098 Paderborn I Alemania. <\/p>\n\n<p>Puedes contactanos a trav\u00e9s de: erasmus@s-b-h.de<\/p>\n\n<h2 class=\"wp-block-heading\">Nuestra pol\u00edtica de privacidad<\/h2>\n\n<p>Con esta Pol\u00edtica de Privacidad nos gustar\u00eda informarle sobre los tipos de datos personales (en lo sucesivo tambi\u00e9n denominados \u00abdatos\u00bb) que nosotros, Stiftung Bildung &amp; Handwerk, con nuestros socios de proyecto, recopilamos, utilizamos, mantenemos y revelamos de usted, los usuarios (cada uno, un \u00abUsuario\u00bb) del <em>www. https:\/\/g2vet.eu<\/em> (\u00abSitio web\u00bb).<\/p>\n\n<h2 class=\"wp-block-heading\">Qu\u00e9 datos recogemos <\/h2>\n\n<p>Los datos personales son datos que pueden utilizarse para identificarle personalmente. Esta pol\u00edtica de privacidad explica qu\u00e9 datos recogemos y para qu\u00e9 los utilizamos.<\/p>\n\n<p>Recogemos los siguientes tipos de datos de nuestros usuarios, que pueden ser visitantes del sitio web, usuarios o socios de comunicaci\u00f3n,<\/p>\n\n<ul class=\"wp-block-list\">\n<li>datos personales y de contacto, como nombre, direcci\u00f3n de correo electr\u00f3nico, ubicaci\u00f3n<\/li>\n\n\n\n<li>datos de contenido, como entradas de texto, fotograf\u00edas o v\u00eddeos, <\/li>\n\n\n\n<li>meta\/datos de comunicaci\u00f3n, como informaci\u00f3n sobre dispositivos, direcciones IP, <\/li>\n\n\n\n<li>datos de uso, como p\u00e1ginas web visitadas, inter\u00e9s por el contenido, horas de acceso,<\/li>\n\n\n\n<li>datos t\u00e9cnicos, como informaci\u00f3n sobre cookies.<\/li>\n<\/ul>\n\n<h2 class=\"wp-block-heading\">Por qu\u00e9 recogemos sus datos<\/h2>\n\n<p>Los datos se utilizar\u00e1n para la comunicaci\u00f3n con el proyecto y con fines estad\u00edsticos dentro de la gesti\u00f3n del proyecto, en concreto pueden ser para <\/p>\n\n<ul class=\"wp-block-list\">\n<li>prestaci\u00f3n de nuestra oferta en l\u00ednea y facilidad de uso,<\/li>\n\n\n\n<li>evaluar las acciones de los visitantes de nuestro sitio web,<\/li>\n\n\n\n<li>opiniones (por ejemplo, recopilando opiniones a trav\u00e9s de un formulario en l\u00ednea),<\/li>\n\n\n\n<li>solicitudes de contacto y comunicaci\u00f3n,<\/li>\n\n\n\n<li>profiling (creaci\u00f3n de perfiles de usuario),<\/li>\n\n\n\n<li>medici\u00f3n del alcance (por ejemplo, estad\u00edsticas de acceso, reconocimiento de visitantes recurrentes),<\/li>\n\n\n\n<li>medidas de seguridad,<\/li>\n\n\n\n<li>seguimiento (por ejemplo, perfiles de inter\u00e9s\/comportamiento, uso de cookies,<\/li>\n\n\n\n<li>administraci\u00f3n y respuesta a las consultas.<\/li>\n<\/ul>\n\n<p>Los datos personales no s\u00f3lo se generan por su interacci\u00f3n con nuestro sitio web. Los procesos t\u00e9cnicos como formularios de contacto, comentarios, cookies, an\u00e1lisis y plugins tambi\u00e9n generan estos datos.<\/p>\n\n<h2 class=\"wp-block-heading\">Plugins<\/h2>\n\n<p><code><div class=\"h5p-iframe-wrapper\"><iframe id=\"h5p-iframe-7\" class=\"h5p-iframe\" data-content-id=\"7\" style=\"height:1px\" src=\"about:blank\" frameBorder=\"0\" scrolling=\"no\" title=\"Plugins-Privacy\"><\/iframe><\/div><\/code><\/p>\n\n<h2 class=\"wp-block-heading\">Comentarios<\/h2>\n\n<p>Cuando deja comentarios en el sitio, recogemos los datos que aparecen en el formulario de comentarios, as\u00ed como la direcci\u00f3n IP del visitante y la cadena de agentes de usuario del navegador para ayudar a la detecci\u00f3n de spam.<\/p>\n\n<h2 class=\"wp-block-heading\">Cookies<\/h2>\n\n<p><strong>\u00bfQu\u00e9 son las cookies?<\/strong><\/p>\n\n<p>Las \u00abcookies\u00bb son peque\u00f1os conjuntos de datos que contienen informaci\u00f3n de los sitios web o dominios que ha visitado y que se almacenan en su dispositivo. Bas\u00e1ndose en las cookies, puede ser reconocido en una visita posterior al sitio web correspondiente.<\/p>\n\n<p>Se distingue entre diferentes tipos de cookies:<\/p>\n\n<ul class=\"wp-block-list\">\n<li>temporal o permanente<\/li>\n\n\n\n<li>cookies propias o de terceros<\/li>\n\n\n\n<li>cookies esenciales (necesarias) y de personalizaci\u00f3n.<\/li>\n<\/ul>\n\n<p><code><div class=\"h5p-iframe-wrapper\"><iframe id=\"h5p-iframe-8\" class=\"h5p-iframe\" data-content-id=\"8\" style=\"height:1px\" src=\"about:blank\" frameBorder=\"0\" scrolling=\"no\" title=\"Types of Cookies\"><\/iframe><\/div><\/code><\/p>\n\n<p>Este sitio web utiliza una cookie de Borlabs, que establece una cookie t\u00e9cnicamente necesaria (borlabs-cookie) para almacenar sus preferencias de cookies.<\/p>\n\n<p>Borlabs Cookie no recoge ning\u00fan dato personal.<\/p>\n\n<p><strong>Tratamiento de datos de cookies sobre la base del consentimiento<\/strong><\/p>\n\n<p>Antes de procesar o hacer procesar datos en el contexto del uso de cookies, solicitamos a los usuarios su consentimiento, que puede ser revocado en cualquier momento.<\/p>\n\n<p>La cookie <em>borlabs-cookie<\/em> almacena el consentimiento que ha dado al entrar en el sitio web. Si desea revocar estos consentimientos, simplemente borre la cookie de su navegador. Si vuelve a entrar\/recargar el sitio web, se le pedir\u00e1 de nuevo su consentimiento para el uso de cookies.<\/p>\n\n<p><strong>Gesti\u00f3n de cookies<\/strong><\/p>\n\n<p>Puede desactivar las cookies en su PC en cualquier momento descargando el programa Ghostery (https:\/\/www.ghostery.com) y desactivando cada cookie en su navegador. Tambi\u00e9n es posible utilizar la modalidad de \u00abnavegaci\u00f3n an\u00f3nima\u00bb. As\u00ed no dejar\u00e1 ning\u00fan rastro. Esta funci\u00f3n s\u00f3lo permite borrar los datos de navegaci\u00f3n. Tambi\u00e9n es posible desactivar\/eliminar las cookies en la barra de configuraci\u00f3n de su navegador.<\/p>\n\n<h2 class=\"wp-block-heading\">Medios de comunicaci\u00f3n <\/h2>\n\n<p><strong>Im\u00e1genes de perfil de Gravatar<\/strong><br\/>Gravatar es un servicio en el que los usuarios pueden registrarse y dejar fotos de perfil y sus direcciones de correo electr\u00f3nico. Si los usuarios dejan mensajes o comentarios en otras presencias en l\u00ednea (especialmente blogs) con la direcci\u00f3n de correo electr\u00f3nico correspondiente, sus fotos de perfil pueden aparecer junto a los mensajes o comentarios. Para ello, la direcci\u00f3n de correo electr\u00f3nico facilitada por los usuarios se transmite a Gravatar de forma cifrada con el fin de comprobar si existe un perfil almacenado para ella. Esta es la \u00fanica finalidad de la transmisi\u00f3n de la direcci\u00f3n de correo electr\u00f3nico. No se utiliza para otros fines, sino que se elimina posteriormente.<\/p>\n\n<p>El uso de Gravatar se basa en nuestros intereses leg\u00edtimos, ya que utilizamos Gravatar para ofrecer a los autores de entradas y comentarios la oportunidad de personalizar sus entradas con una imagen de perfil.<\/p>\n\n<p>Si no desea que en los comentarios aparezca una imagen de usuario vinculada a su direcci\u00f3n de correo electr\u00f3nico de Gravatar, debe utilizar una direcci\u00f3n de correo electr\u00f3nico que no est\u00e9 registrada en Gravatar para comentar. Asimismo, se\u00f1alamos que tambi\u00e9n es posible utilizar una direcci\u00f3n de correo electr\u00f3nico an\u00f3nima o ninguna direcci\u00f3n de correo electr\u00f3nico si los usuarios no desean que su direcci\u00f3n de correo electr\u00f3nico se env\u00ede a Gravatar. Los usuarios pueden evitar completamente la transmisi\u00f3n de datos no utilizando nuestro sistema de comentarios.<\/p>\n\n<p>Proveedor de servicios: Automattic Inc., 60 29th Street #343, San Francisco, CA 94110, EE.UU.; Sitio web: <a rel=\"noreferrer noopener\" href=\"https:\/\/automattic.com\" target=\"_blank\">https:\/\/automattic.com;<\/a> Pol\u00edtica de privacidad: <a rel=\"noreferrer noopener\" href=\"https:\/\/automattic.com\/privacy\" target=\"_blank\">https:\/\/automattic.com\/privacy.<\/a><\/p>\n\n<p><strong>Medios y contenidos de otros sitios web<\/strong> <\/p>\n\n<p>En el sitio web encontrar\u00e1 enlaces a los sitios web de todos los socios del proyecto. La Stiftung Bildung &amp; Handwerk, como coordinadora del proyecto, no tiene control alguno sobre el contenido o los enlaces que aparecen en las p\u00e1ginas web de los socios y no se hace responsable de las pr\u00e1cticas empleadas por p\u00e1ginas web ajenas a la nuestra, enlazadas a o desde la p\u00e1gina web.<\/p>\n\n<p>Los art\u00edculos de este sitio pueden incluir contenido incrustado (por ejemplo, v\u00eddeos, im\u00e1genes, art\u00edculos, etc.). Los contenidos incrustados de otros sitios web se comportan exactamente igual que si el visitante hubiera visitado el otro sitio web. Estos sitios web pueden recopilar datos sobre usted, utilizar cookies, incrustar seguimiento adicional de terceros y supervisar su interacci\u00f3n con ese contenido incrustado, incluido el seguimiento de su interacci\u00f3n con el contenido incrustado. La navegaci\u00f3n y la interacci\u00f3n en cualquier otro sitio web, incluidos los sitios web que tienen un enlace al Sitio web, est\u00e1n sujetas a las condiciones y pol\u00edticas propias de ese sitio web.<\/p>\n\n<h2 class=\"wp-block-heading\">Con qui\u00e9n compartimos sus datos<\/h2>\n\n<p>No vendemos, comerciamos ni alquilamos a terceros los datos de identificaci\u00f3n personal de los usuarios. Podemos compartir informaci\u00f3n demogr\u00e1fica general agregada de los usuarios que no est\u00e9 vinculada a informaci\u00f3n de identificaci\u00f3n personal sobre visitantes y usuarios con nuestros socios comerciales como parte del proyecto para los fines antes mencionados.<\/p>\n\n<p>Los comentarios de los visitantes pueden ser comprobados a trav\u00e9s de un servicio automatizado de detecci\u00f3n de spam (Antispam Bee).<\/p>\n\n<h2 class=\"wp-block-heading\">Cu\u00e1nto tiempo conservamos sus datos<\/h2>\n\n<p>El proyecto G2VET recoge y procesa informaci\u00f3n personal de los usuarios que env\u00edan un correo electr\u00f3nico a las direcciones de contacto de los socios del proyecto. Los buzones son gestionados por cada socio del proyecto. Los usuarios tambi\u00e9n pueden utilizar la funci\u00f3n de comentarios del blog. Este buz\u00f3n est\u00e1 gestionado por Stiftung Bildung &amp; Handwerk. Para enviar un mensaje desde el sitio web, el usuario debe facilitar su nombre y direcci\u00f3n de correo electr\u00f3nico. Estos datos se utilizar\u00e1n para proporcionar al Usuario la informaci\u00f3n solicitada y no se almacenar\u00e1n m\u00e1s all\u00e1 del<sup>30 <\/sup>de diciembre de 2029, de acuerdo con la normativa sobre documentaci\u00f3n de proyectos en Erasmus+.<\/p>\n\n<h2 class=\"wp-block-heading\">Cambios en esta pol\u00edtica de privacidad<\/h2>\n\n<p>El G2VET Project se reserva el derecho de actualizar esta pol\u00edtica de privacidad en cualquier momento para reflejar la evoluci\u00f3n de nuestro sitio web en esta pol\u00edtica. <br\/>Le animamos a que, como usuario, compruebe peri\u00f3dicamente si se han producido cambios en esta p\u00e1gina para mantenerse informado sobre c\u00f3mo protegemos la informaci\u00f3n personal que recopilamos. Usted reconoce y acepta que es su responsabilidad revisar esta Pol\u00edtica de Privacidad peri\u00f3dicamente y estar al tanto de cualquier cambio.<\/p>\n\n<h2 class=\"wp-block-heading\">Sus derechos en relaci\u00f3n con sus datos personales<\/h2>\n\n<p>Si no est\u00e1 de acuerdo con esta pol\u00edtica, no utilice este sitio web. En cuanto a los datos personales enviados a trav\u00e9s de la funcionalidad \u00abEnviar un correo electr\u00f3nico\u00bb, puede retirar su consentimiento o modificar sus datos personales enviados por correo electr\u00f3nico en cualquier momento envi\u00e1ndonos un correo electr\u00f3nico a<em> erasmus@s-b-h.de.<\/em><\/p>\n\n<p><strong>Contacto<\/strong><\/p>\n\n<p>Si tiene alguna pregunta sobre esta Pol\u00edtica de privacidad, las pr\u00e1cticas de este sitio o sus relaciones con el mismo, p\u00f3ngase en contacto con nosotros en <em>erasmus@s-b-h.de.<\/em><\/p>\n\n<h2 class=\"wp-block-heading\">C\u00f3mo protegemos sus datos<\/h2>\n\n<p>Adoptamos pr\u00e1cticas adecuadas de recopilaci\u00f3n, almacenamiento y procesamiento de datos, as\u00ed como medidas de seguridad para proteger contra el acceso no autorizado, la alteraci\u00f3n, divulgaci\u00f3n o destrucci\u00f3n de su informaci\u00f3n personal, nombre de usuario, contrase\u00f1a, informaci\u00f3n de transacciones y datos almacenados en el Sitio Web.<\/p>\n\n<p>Adem\u00e1s, garantizamos la protecci\u00f3n de los datos personales ya durante el desarrollo o la selecci\u00f3n de hardware, software y procesos de acuerdo con el principio de protecci\u00f3n de datos, mediante el dise\u00f1o de la tecnolog\u00eda y a trav\u00e9s de configuraciones predeterminadas respetuosas con la protecci\u00f3n de datos.<\/p>\n\n<p>Adem\u00e1s, utilizamos un acortador de direcciones IP y cifrado SSL. Puede reconocer estas conexiones cifradas por el prefijo https:\/\/ en la barra de direcciones de su navegador.<\/p>\n","protected":false},"excerpt":{"rendered":"<p>Qui\u00e9nes somos Somos el proyecto G2VET en Stiftung Bildung &amp; Handwerk, Forum des Handwerks 1, 33098 Paderborn I Alemania. Puedes contactanos a trav\u00e9s de: erasmus@s-b-h.de Nuestra pol\u00edtica de privacidad Con esta Pol\u00edtica de Privacidad nos gustar\u00eda informarle sobre los tipos de datos personales (en lo sucesivo tambi\u00e9n denominados \u00abdatos\u00bb) que nosotros, Stiftung Bildung &amp; Handwerk, con nuestros socios de proyecto, [&hellip;]<\/p>\n","protected":false},"author":5,"featured_media":0,"parent":0,"menu_order":0,"comment_status":"closed","ping_status":"closed","template":"","meta":{"footnotes":""},"class_list":["post-2463","page","type-page","status-publish","hentry"],"_links":{"self":[{"href":"https:\/\/g2vet.eu\/es\/wp-json\/wp\/v2\/pages\/2463","targetHints":{"allow":["GET"]}}],"collection":[{"href":"https:\/\/g2vet.eu\/es\/wp-json\/wp\/v2\/pages"}],"about":[{"href":"https:\/\/g2vet.eu\/es\/wp-json\/wp\/v2\/types\/page"}],"author":[{"embeddable":true,"href":"https:\/\/g2vet.eu\/es\/wp-json\/wp\/v2\/users\/5"}],"replies":[{"embeddable":true,"href":"https:\/\/g2vet.eu\/es\/wp-json\/wp\/v2\/comments?post=2463"}],"version-history":[{"count":4,"href":"https:\/\/g2vet.eu\/es\/wp-json\/wp\/v2\/pages\/2463\/revisions"}],"predecessor-version":[{"id":3752,"href":"https:\/\/g2vet.eu\/es\/wp-json\/wp\/v2\/pages\/2463\/revisions\/3752"}],"wp:attachment":[{"href":"https:\/\/g2vet.eu\/es\/wp-json\/wp\/v2\/media?parent=2463"}],"curies":[{"name":"wp","href":"https:\/\/api.w.org\/{rel}","templated":true}]}}