{"id":2467,"date":"2023-03-17T13:39:35","date_gmt":"2023-03-17T12:39:35","guid":{"rendered":"https:\/\/g2vet.eu\/terminos-y-condiciones\/"},"modified":"2024-04-29T10:36:25","modified_gmt":"2024-04-29T09:36:25","slug":"terminos-y-condiciones","status":"publish","type":"page","link":"https:\/\/g2vet.eu\/es\/terminos-y-condiciones\/","title":{"rendered":"T\u00e9rminos y condiciones"},"content":{"rendered":"\n<p>Informaci\u00f3n seg\u00fan \u00a7 5 TMG I Alemania<br\/>Fundaci\u00f3n Bildung &amp; Handwerk<br\/>Foro de Formaci\u00f3n Profesional 1<br\/>33098 Paderborn I Alemania<br\/>Representado por:<br\/>Michael H. Lutter<br\/>Contacte con<br\/>Tel\u00e9fono: +495251700999<br\/>fax: +495251700349<br\/>Correo electr\u00f3nico: erasmus@s-b-h.de<br\/>N\u00famero de identificaci\u00f3n fiscal seg\u00fan el \u00a7 27 a de la Ley del Impuesto sobre el Valor A\u00f1adido:<br\/>CIF DE212798426<br\/>Editorialmente responsable<br\/>Proyecto G2VET, Coordinador del Proyecto: Stiftung Bildung &amp; Handwerk <br\/>33098 Paderborn I Alemania<br\/><\/p>\n\n<p>Resoluci\u00f3n de litigios en materia de consumo\/organismo de arbitraje universal<br\/>No estamos obligados a participar en procedimientos de resoluci\u00f3n de litigios ante una<br\/>junta arbitral de consumo.<\/p>\n\n<p>Fuente:<br\/>e-recht24.de<br\/><\/p>\n\n<p><\/p>\n","protected":false},"excerpt":{"rendered":"<p>Informaci\u00f3n seg\u00fan \u00a7 5 TMG I AlemaniaFundaci\u00f3n Bildung &amp; HandwerkForo de Formaci\u00f3n Profesional 133098 Paderborn I AlemaniaRepresentado por:Michael H. LutterContacte conTel\u00e9fono: +495251700999fax: +495251700349Correo electr\u00f3nico: erasmus@s-b-h.deN\u00famero de identificaci\u00f3n fiscal seg\u00fan el \u00a7 27 a de la Ley del Impuesto sobre el Valor A\u00f1adido:CIF DE212798426Editorialmente responsableProyecto G2VET, Coordinador del Proyecto: Stiftung Bildung &amp; Handwerk 33098 Paderborn I Alemania Resoluci\u00f3n de litigios en [&hellip;]<\/p>\n","protected":false},"author":5,"featured_media":0,"parent":0,"menu_order":0,"comment_status":"closed","ping_status":"closed","template":"","meta":{"footnotes":""},"class_list":["post-2467","page","type-page","status-publish","hentry"],"_links":{"self":[{"href":"https:\/\/g2vet.eu\/es\/wp-json\/wp\/v2\/pages\/2467","targetHints":{"allow":["GET"]}}],"collection":[{"href":"https:\/\/g2vet.eu\/es\/wp-json\/wp\/v2\/pages"}],"about":[{"href":"https:\/\/g2vet.eu\/es\/wp-json\/wp\/v2\/types\/page"}],"author":[{"embeddable":true,"href":"https:\/\/g2vet.eu\/es\/wp-json\/wp\/v2\/users\/5"}],"replies":[{"embeddable":true,"href":"https:\/\/g2vet.eu\/es\/wp-json\/wp\/v2\/comments?post=2467"}],"version-history":[{"count":4,"href":"https:\/\/g2vet.eu\/es\/wp-json\/wp\/v2\/pages\/2467\/revisions"}],"predecessor-version":[{"id":3720,"href":"https:\/\/g2vet.eu\/es\/wp-json\/wp\/v2\/pages\/2467\/revisions\/3720"}],"wp:attachment":[{"href":"https:\/\/g2vet.eu\/es\/wp-json\/wp\/v2\/media?parent=2467"}],"curies":[{"name":"wp","href":"https:\/\/api.w.org\/{rel}","templated":true}]}}