{"id":3024,"date":"2023-11-30T12:45:48","date_gmt":"2023-11-30T11:45:48","guid":{"rendered":"https:\/\/g2vet.eu\/calendario-de-adviento\/"},"modified":"2024-08-19T12:44:04","modified_gmt":"2024-08-19T11:44:04","slug":"calendario-de-adviento","status":"publish","type":"page","link":"https:\/\/g2vet.eu\/es\/lifehacks\/calendario-de-adviento\/","title":{"rendered":"Calendario de Adviento"},"content":{"rendered":"\n<p><strong>\u00a1Por fin es Navidad!<\/strong><\/p>\n\n<p>Cada d\u00eda compartimos contigo una idea que esperamos convierta las Navidades en un tiempo de calidad m\u00e1s sostenible: pasar tiempo con la gente, ser conscientes al planificar la decoraci\u00f3n, los regalos y las comidas, conectar con la naturaleza.<\/p>\n\n<p>Comparta con nosotros su ilusi\u00f3n por esta \u00e9poca tan especial del a\u00f1o.<\/p>\n\n<p><code><div class=\"h5p-iframe-wrapper\"><iframe id=\"h5p-iframe-11\" class=\"h5p-iframe\" data-content-id=\"11\" style=\"height:1px\" src=\"about:blank\" frameBorder=\"0\" scrolling=\"no\" title=\"G2VET Advent Calendar\"><\/iframe><\/div><\/code><\/p>\n","protected":false},"excerpt":{"rendered":"<p>\u00a1Por fin es Navidad! Cada d\u00eda compartimos contigo una idea que esperamos convierta las Navidades en un tiempo de calidad m\u00e1s sostenible: pasar tiempo con la gente, ser conscientes al planificar la decoraci\u00f3n, los regalos y las comidas, conectar con la naturaleza. Comparta con nosotros su ilusi\u00f3n por esta \u00e9poca tan especial del a\u00f1o.<\/p>\n","protected":false},"author":2,"featured_media":0,"parent":2466,"menu_order":0,"comment_status":"closed","ping_status":"closed","template":"","meta":{"footnotes":""},"class_list":["post-3024","page","type-page","status-publish","hentry"],"_links":{"self":[{"href":"https:\/\/g2vet.eu\/es\/wp-json\/wp\/v2\/pages\/3024","targetHints":{"allow":["GET"]}}],"collection":[{"href":"https:\/\/g2vet.eu\/es\/wp-json\/wp\/v2\/pages"}],"about":[{"href":"https:\/\/g2vet.eu\/es\/wp-json\/wp\/v2\/types\/page"}],"author":[{"embeddable":true,"href":"https:\/\/g2vet.eu\/es\/wp-json\/wp\/v2\/users\/2"}],"replies":[{"embeddable":true,"href":"https:\/\/g2vet.eu\/es\/wp-json\/wp\/v2\/comments?post=3024"}],"version-history":[{"count":1,"href":"https:\/\/g2vet.eu\/es\/wp-json\/wp\/v2\/pages\/3024\/revisions"}],"predecessor-version":[{"id":3030,"href":"https:\/\/g2vet.eu\/es\/wp-json\/wp\/v2\/pages\/3024\/revisions\/3030"}],"up":[{"embeddable":true,"href":"https:\/\/g2vet.eu\/es\/wp-json\/wp\/v2\/pages\/2466"}],"wp:attachment":[{"href":"https:\/\/g2vet.eu\/es\/wp-json\/wp\/v2\/media?parent=3024"}],"curies":[{"name":"wp","href":"https:\/\/api.w.org\/{rel}","templated":true}]}}