{"id":2729,"date":"2023-03-10T08:51:41","date_gmt":"2023-03-10T07:51:41","guid":{"rendered":"https:\/\/g2vet.eu\/meista\/"},"modified":"2024-04-10T14:41:00","modified_gmt":"2024-04-10T13:41:00","slug":"meista","status":"publish","type":"page","link":"https:\/\/g2vet.eu\/fi\/meista\/","title":{"rendered":"MEIST\u00c4"},"content":{"rendered":"\n<p>G2VET on ERASMUS+ KA2-kumppanuus, johon osallistuvat ammatillisen koulutuksen alan oppilaitokset It\u00e4vallasta, Suomesta, Espanjasta ja Saksasta.<br\/>Haluamme yhdess\u00e4 antaa virikkeit\u00e4 &#8221;vihre\u00e4n kulttuurin&#8221; luomiseksi oppilaitoksissamme ja rohkaista laajaa yhteis\u00f6\u00e4 osallistumaan aiheeseen, aktivoimaan itse\u00e4\u00e4n ja muita ja kehitt\u00e4m\u00e4\u00e4n prosessia johdonmukaisesti eteenp\u00e4in.<\/p>\n\n<p>Olemme vakuuttuneita siit\u00e4, ett\u00e4 koulutuksella on keskeinen rooli EU:n ilmastotavoitteiden saavuttamisessa. Koulutuksen avulla voidaan tavoittaa eri el\u00e4m\u00e4nvaiheissa olevia ihmisi\u00e4, joilla on erilainen sosioekonominen tausta ja jotka asuvat eri maantieteellisill\u00e4 alueilla. Koulutuksella voidaan saada kansalaiset toimimaan vastuullisina ty\u00f6ntekij\u00f6in\u00e4 ty\u00f6paikoillaan ja\/tai yksityisel\u00e4m\u00e4ss\u00e4\u00e4n ilmastonmuutoksen ja kest\u00e4v\u00e4n kehityksen suhteen.<\/p>\n\n<p>Jotta t\u00e4m\u00e4 voitaisiin saavuttaa laajassa mittakaavassa, kaikkien ammatillisen koulutuksen alalla ty\u00f6skentelevien, erityisesti kouluttajien, olisi ensin ymm\u00e4rrett\u00e4v\u00e4 aiheen monimutkaisuus, l\u00f6ydett\u00e4v\u00e4 sopiva m\u00e4\u00e4ritelm\u00e4, kehitett\u00e4v\u00e4 tietoisuutta ja hankittava uusia tietoja ja taitoja. T\u00e4st\u00e4 kumppanuus &#8221;G2VET&#8221; haluaa aloittaa.<\/p>\n\n<p>Hankkeen tavoitteena on lis\u00e4t\u00e4 tietoisuutta, muuttaa asenteita ja saada ty\u00f6ntekij\u00e4t toimimaan. Tavoitteena on osoittaa yksinkertaisin ja pienin askelin, miten jokainen ty\u00f6ntekij\u00e4 voi toimia kest\u00e4v\u00e4sti ty\u00f6ss\u00e4\u00e4n.<\/p>\n\n<p><br\/>Hankkeen kesto: 12\/2022 &#8211; 06\/2024<br\/>Hankkeen numero: 2022-1-DE02-KA220-VET-000086891<br\/><\/p>\n\n<figure class=\"wp-block-image size-large is-resized\"><img loading=\"lazy\" decoding=\"async\" src=\"https:\/\/g2vet.eu\/wp-content\/uploads\/2023\/03\/EN-Co-Funded-by-the-EU_BLACK-Outline-1024x215.png\" alt=\"\" class=\"wp-image-1879\" width=\"320\" height=\"67\" srcset=\"https:\/\/g2vet.eu\/wp-content\/uploads\/2023\/03\/EN-Co-Funded-by-the-EU_BLACK-Outline-1024x215.png 1024w, https:\/\/g2vet.eu\/wp-content\/uploads\/2023\/03\/EN-Co-Funded-by-the-EU_BLACK-Outline-300x63.png 300w, https:\/\/g2vet.eu\/wp-content\/uploads\/2023\/03\/EN-Co-Funded-by-the-EU_BLACK-Outline-768x161.png 768w, https:\/\/g2vet.eu\/wp-content\/uploads\/2023\/03\/EN-Co-Funded-by-the-EU_BLACK-Outline-1536x322.png 1536w, https:\/\/g2vet.eu\/wp-content\/uploads\/2023\/03\/EN-Co-Funded-by-the-EU_BLACK-Outline-2048x430.png 2048w\" sizes=\"auto, (max-width: 320px) 100vw, 320px\" \/><\/figure>\n<figure class=\"wp-block-table\"><table><tbody><tr><td><\/td><td>Euroopan unionin rahoittama. Esitetyt n\u00e4kemykset ja mielipiteet ovat kuitenkin vain kirjoittajan (kirjoittajien) omia eiv\u00e4tk\u00e4 v\u00e4ltt\u00e4m\u00e4tt\u00e4 vastaa Euroopan unionin tai Euroopan koulutuksen ja kulttuurin toimeenpanoviraston (EACEA) n\u00e4kemyksi\u00e4 ja mielipiteit\u00e4. Euroopan unionia tai EACEAa ei voida pit\u00e4\u00e4 niist\u00e4 vastuussa.<\/td><\/tr><\/tbody><\/table><\/figure>","protected":false},"excerpt":{"rendered":"<p>G2VET on ERASMUS+ KA2-kumppanuus, johon osallistuvat ammatillisen koulutuksen alan oppilaitokset It\u00e4vallasta, Suomesta, Espanjasta ja Saksasta.Haluamme yhdess\u00e4 antaa virikkeit\u00e4 &#8221;vihre\u00e4n kulttuurin&#8221; luomiseksi oppilaitoksissamme ja rohkaista laajaa yhteis\u00f6\u00e4 osallistumaan aiheeseen, aktivoimaan itse\u00e4\u00e4n ja muita ja kehitt\u00e4m\u00e4\u00e4n prosessia johdonmukaisesti eteenp\u00e4in. Olemme vakuuttuneita siit\u00e4, ett\u00e4 koulutuksella on keskeinen rooli EU:n ilmastotavoitteiden saavuttamisessa. Koulutuksen avulla voidaan tavoittaa eri el\u00e4m\u00e4nvaiheissa olevia ihmisi\u00e4, joilla on erilainen sosioekonominen [&hellip;]<\/p>\n","protected":false},"author":3,"featured_media":0,"parent":0,"menu_order":2,"comment_status":"closed","ping_status":"closed","template":"","meta":{"footnotes":""},"class_list":["post-2729","page","type-page","status-publish","hentry"],"_links":{"self":[{"href":"https:\/\/g2vet.eu\/fi\/wp-json\/wp\/v2\/pages\/2729","targetHints":{"allow":["GET"]}}],"collection":[{"href":"https:\/\/g2vet.eu\/fi\/wp-json\/wp\/v2\/pages"}],"about":[{"href":"https:\/\/g2vet.eu\/fi\/wp-json\/wp\/v2\/types\/page"}],"author":[{"embeddable":true,"href":"https:\/\/g2vet.eu\/fi\/wp-json\/wp\/v2\/users\/3"}],"replies":[{"embeddable":true,"href":"https:\/\/g2vet.eu\/fi\/wp-json\/wp\/v2\/comments?post=2729"}],"version-history":[{"count":1,"href":"https:\/\/g2vet.eu\/fi\/wp-json\/wp\/v2\/pages\/2729\/revisions"}],"predecessor-version":[{"id":2732,"href":"https:\/\/g2vet.eu\/fi\/wp-json\/wp\/v2\/pages\/2729\/revisions\/2732"}],"wp:attachment":[{"href":"https:\/\/g2vet.eu\/fi\/wp-json\/wp\/v2\/media?parent=2729"}],"curies":[{"name":"wp","href":"https:\/\/api.w.org\/{rel}","templated":true}]}}