{"id":2730,"date":"2023-03-15T20:55:30","date_gmt":"2023-03-15T19:55:30","guid":{"rendered":"https:\/\/g2vet.eu\/kestavyys\/"},"modified":"2024-08-19T12:49:07","modified_gmt":"2024-08-19T11:49:07","slug":"kestavyys","status":"publish","type":"page","link":"https:\/\/g2vet.eu\/fi\/kestavyys\/","title":{"rendered":"Opettajan kirjasto"},"content":{"rendered":"\n<div class=\"wp-block-columns is-layout-flex wp-container-core-columns-is-layout-9d6595d7 wp-block-columns-is-layout-flex\">\n<div class=\"wp-block-column is-layout-flow wp-block-column-is-layout-flow\" style=\"flex-basis:33.33%\">\n<figure class=\"wp-block-image size-large\"><img loading=\"lazy\" decoding=\"async\" width=\"410\" height=\"1024\" src=\"https:\/\/g2vet.eu\/wp-content\/uploads\/2023\/05\/G2VET_Aims-410x1024.png\" alt=\"\" class=\"wp-image-2114\" srcset=\"https:\/\/g2vet.eu\/wp-content\/uploads\/2023\/05\/G2VET_Aims-410x1024.png 410w, https:\/\/g2vet.eu\/wp-content\/uploads\/2023\/05\/G2VET_Aims-120x300.png 120w, https:\/\/g2vet.eu\/wp-content\/uploads\/2023\/05\/G2VET_Aims-768x1920.png 768w, https:\/\/g2vet.eu\/wp-content\/uploads\/2023\/05\/G2VET_Aims-819x2048.png 819w, https:\/\/g2vet.eu\/wp-content\/uploads\/2023\/05\/G2VET_Aims.png 1000w\" sizes=\"auto, (max-width: 410px) 100vw, 410px\" \/><\/figure>\n<\/div>\n\n\n\n<div class=\"wp-block-column is-layout-flow wp-block-column-is-layout-flow\" style=\"flex-basis:66.66%\">\n<h2 class=\"wp-block-heading\">Kest\u00e4v\u00e4 kehitys ja kest\u00e4v\u00e4n kehityksen koulutus ammatillisessa koulutuksessa (ESD)<\/h2>\n\n\n\n<p>Kest\u00e4v\u00e4 kehitys on monimutkainen k\u00e4site, jolla on erilaisia tulkintoja. Vaikka m\u00e4\u00e4ritelm\u00e4t voivat vaihdella, vallitsee laaja yksimielisyys siit\u00e4, ett\u00e4 kest\u00e4vyys on merkityksellinen kaikilla ty\u00f6n ja jokap\u00e4iv\u00e4isen el\u00e4m\u00e4n osa-alueilla, mik\u00e4 edellytt\u00e4\u00e4 sen sis\u00e4llytt\u00e4mist\u00e4 kaikkiin koulutusaloihin.<br>EU-kumppanuutena viittaamme EU:n vihre\u00e4n osaamisen viitekehykseen (GreenComp), jossa kest\u00e4vyys m\u00e4\u00e4ritell\u00e4\u00e4n seuraavasti:<\/p>\n\n\n\n<p><\/p>\n\n\n\n<blockquote class=\"wp-block-quote is-layout-flow wp-block-quote-is-layout-flow\">\n<p>&#8221;Kaikkien el\u00e4m\u00e4nmuotojen ja planeetan tarpeiden asettaminen etusijalle varmistamalla, ett\u00e4 ihmisen toiminta ei ylit\u00e4 planeettamme rajoja.&#8221;<\/p>\n<\/blockquote>\n\n\n\n<p><strong> EU:n GreenComp-kehyksess\u00e4<\/strong> m\u00e4\u00e4ritell\u00e4\u00e4n joukko kest\u00e4v\u00e4n kehityksen taitoja, jotka voidaan sis\u00e4llytt\u00e4\u00e4 koulutusohjelmiin ja jotka auttavat oppijoita kehitt\u00e4m\u00e4\u00e4n kest\u00e4v\u00e4n kehityksen mukaisiin k\u00e4yt\u00e4nt\u00f6ihin tarvittavia tietoja, taitoja ja asenteita.<\/p>\n\n\n\n<p>Voit ladata GreenComp-puitteet <a href=\"https:\/\/publications.jrc.ec.europa.eu\/repository\/handle\/JRC128040\">t\u00e4\u00e4lt\u00e4<\/a>.<\/p>\n\n\n\n<p>Euroopan unioni painottaa politiikassaan kest\u00e4v\u00e4n kehityksen koulutusta, jonka tavoitteena on antaa ihmisille tiedot, taidot ja arvot, joita tarvitaan maapallon suojelemiseksi ja kest\u00e4v\u00e4n kehityksen tavoitteiden saavuttamiseksi.<\/p>\n<\/div>\n<\/div>\n\n\n\n<h2 class=\"wp-block-heading\">Kest\u00e4v\u00e4 kehitys ammatillisessa koulutuksessa (VET)<\/h2>\n\n\n\n<p>Ammatillisella koulutuksella on ratkaiseva rooli ESD:ss\u00e4, sill\u00e4 se sis\u00e4llytt\u00e4\u00e4 kest\u00e4v\u00e4n kehityksen periaatteet koulutusohjelmiin. T\u00e4m\u00e4 valmistaa tulevia ammattilaisia ajattelemaan ja toimimaan kest\u00e4v\u00e4sti eri aloilla, edist\u00e4m\u00e4\u00e4n ymp\u00e4rist\u00f6vastuuta ja kest\u00e4vi\u00e4 k\u00e4yt\u00e4nt\u00f6j\u00e4 organisaatioissa.<\/p>\n\n\n\n<p><\/p>\n\n\n\n<h2 class=\"wp-block-heading\">Resurssit ammatillisen koulutuksen opettajille ja kasvattajille<\/h2>\n\n\n\n<p>Ammatillisen koulutuksen opetus- ja koulutustoiminnan tueksi G2VET-hanke tarjoaa t\u00e4ss\u00e4 yhteydess\u00e4 tukimateriaalia, joka sis\u00e4lt\u00e4\u00e4 yhteenvedon hankkeestamme ja suosituksia materiaaliemme ja tulostemme k\u00e4yt\u00f6st\u00e4:<\/p>\n\n\n\n<ul class=\"wp-block-list\">\n<li><strong>Suositukset kest\u00e4v\u00e4n osaamisen arvioimiseksi:<\/strong> T\u00e4ss\u00e4 asiakirjassa annetaan ohjeita kest\u00e4v\u00e4\u00e4n kehitykseen liittyvien taitojen ja tietojen arvioinnista ammatillisessa koulutuksessa.<\/li>\n\n\n\n<li><strong>TransferGuide: <\/strong>T\u00e4m\u00e4 opas tarjoaa suosituksia siit\u00e4, miten voit hy\u00f6dynt\u00e4\u00e4 tehokkaasti G2VET-hankkeen materiaaleja (Lifehacks ja blogi) opetusk\u00e4yt\u00f6ss\u00e4si.<\/li>\n<\/ul>\n\n\n\n<h2 class=\"wp-block-heading\"><\/h2>\n\n\n\n<p>N\u00e4m\u00e4 resurssit on suunniteltu auttamaan ammatillisen koulutuksen opettajia sis\u00e4llytt\u00e4m\u00e4\u00e4n kest\u00e4v\u00e4n kehityksen k\u00e4sitteit\u00e4 opetussuunnitelmiinsa ja arvioimaan opiskelijoiden edistymist\u00e4 kest\u00e4v\u00e4n kehityksen taitojen kehitt\u00e4misess\u00e4.<\/p>\n\n\n\n<div class=\"wp-block-columns is-layout-flex wp-container-core-columns-is-layout-9d6595d7 wp-block-columns-is-layout-flex\">\n<div class=\"wp-block-column is-layout-flow wp-block-column-is-layout-flow\">\n<p>Suositukset kest\u00e4v\u00e4n osaamisen arvioimiseksi<br><em>Englanninkielinen versio<\/em><\/p>\n\n\n\n<div data-wp-interactive=\"core\/file\" class=\"wp-block-file\"><object data-wp-bind--hidden=\"!state.hasPdfPreview\" hidden class=\"wp-block-file__embed\" data=\"https:\/\/g2vet.eu\/wp-content\/uploads\/2024\/08\/G2VET-Assessing-Sustainability-Competence_EN.pdf\" type=\"application\/pdf\" style=\"width:100%;height:470px\" aria-label=\"Tiedoston G2VET Assessing Sustainability Competence_EN upotus.\"><\/object><a id=\"wp-block-file--media-cce50d70-818b-4abe-8237-da1012bc0a67\" href=\"https:\/\/g2vet.eu\/wp-content\/uploads\/2024\/08\/G2VET-Assessing-Sustainability-Competence_EN.pdf\">G2VET Kest\u00e4v\u00e4n kehityksen osaamisen arviointi_EN<\/a><a href=\"https:\/\/g2vet.eu\/wp-content\/uploads\/2024\/08\/G2VET-Assessing-Sustainability-Competence_EN.pdf\" class=\"wp-block-file__button wp-element-button\" download=\"\" aria-describedby=\"wp-block-file--media-cce50d70-818b-4abe-8237-da1012bc0a67\">Lataa<\/a><\/div>\n<\/div>\n\n\n\n<div class=\"wp-block-column is-layout-flow wp-block-column-is-layout-flow\">\n<p>Suositukset kest\u00e4v\u00e4n osaamisen arvioimiseksi<br><em>Saksankielinen versio<\/em><\/p>\n\n\n\n<div data-wp-interactive=\"core\/file\" class=\"wp-block-file\"><object data-wp-bind--hidden=\"!state.hasPdfPreview\" hidden class=\"wp-block-file__embed\" data=\"https:\/\/g2vet.eu\/wp-content\/uploads\/2024\/08\/G2VET-Bewertung-von-Nachhaltigkeitskompetenz_DE.pdf\" type=\"application\/pdf\" style=\"width:100%;height:470px\" aria-label=\"Tiedoston G2VET Bewertung von Nachhaltigkeitskompetenz_DE upotus.\"><\/object><a id=\"wp-block-file--media-ed40b63d-cd52-4e1b-b227-d4e0f45b85fd\" href=\"https:\/\/g2vet.eu\/wp-content\/uploads\/2024\/08\/G2VET-Bewertung-von-Nachhaltigkeitskompetenz_DE.pdf\">G2VET arviointi kest\u00e4vyysosaamisesta_DE<\/a><a href=\"https:\/\/g2vet.eu\/wp-content\/uploads\/2024\/08\/G2VET-Bewertung-von-Nachhaltigkeitskompetenz_DE.pdf\" class=\"wp-block-file__button wp-element-button\" download=\"\" aria-describedby=\"wp-block-file--media-ed40b63d-cd52-4e1b-b227-d4e0f45b85fd\">Lataa<\/a><\/div>\n<\/div>\n\n\n\n<div class=\"wp-block-column is-layout-flow wp-block-column-is-layout-flow\">\n<p>Kest\u00e4v\u00e4n osaamisen arviointia koskevat suositukset<br><em>Espanjankielinen versio<\/em><\/p>\n\n\n\n<div data-wp-interactive=\"core\/file\" class=\"wp-block-file\"><object data-wp-bind--hidden=\"!state.hasPdfPreview\" hidden class=\"wp-block-file__embed\" data=\"https:\/\/g2vet.eu\/wp-content\/uploads\/2024\/08\/G2VET-Evaluacion-de-la-Competencia-de-Sostenibilidad_ES.pdf\" type=\"application\/pdf\" style=\"width:100%;height:470px\" aria-label=\"Tiedoston G2VET Evaluaci\u00f3n de la Competencia de Sostenibilidad_ES upotus.\"><\/object><a id=\"wp-block-file--media-46a4823b-edc6-4aaa-b2d0-69672f1ac284\" href=\"https:\/\/g2vet.eu\/wp-content\/uploads\/2024\/08\/G2VET-Evaluacion-de-la-Competencia-de-Sostenibilidad_ES.pdf\">G2VET Evaluaci\u00f3n de la Competencia de Sostenibilidad_ES Arvioidaan kest\u00e4vyyskompetenssi_ES<\/a><a href=\"https:\/\/g2vet.eu\/wp-content\/uploads\/2024\/08\/G2VET-Evaluacion-de-la-Competencia-de-Sostenibilidad_ES.pdf\" class=\"wp-block-file__button wp-element-button\" download=\"\" aria-describedby=\"wp-block-file--media-46a4823b-edc6-4aaa-b2d0-69672f1ac284\">Lataa<\/a><\/div>\n<\/div>\n<\/div>\n\n\n\n<div class=\"wp-block-columns is-layout-flex wp-container-core-columns-is-layout-9d6595d7 wp-block-columns-is-layout-flex\">\n<div class=\"wp-block-column is-layout-flow wp-block-column-is-layout-flow\">\n<p><\/p>\n\n\n\n<p>TransferGuide &#8221;Kuinka integroida G2VET-materiaalit k\u00e4yt\u00e4nt\u00f6\u00f6n&#8221;<\/p>\n\n\n\n<p><\/p>\n\n\n\n<p><\/p>\n\n\n\n<p><\/p>\n\n\n\n<div data-wp-interactive=\"core\/file\" class=\"wp-block-file\"><object data-wp-bind--hidden=\"!state.hasPdfPreview\" hidden class=\"wp-block-file__embed\" data=\"https:\/\/g2vet.eu\/wp-content\/uploads\/2024\/08\/G2VET_Transfer-Guide_EN.pdf\" type=\"application\/pdf\" style=\"width:100%;height:470px\" aria-label=\"Tiedoston G2VET_Transfer Guide_EN upotus.\"><\/object><a id=\"wp-block-file--media-18e31740-261f-4517-9349-771af690ae1b\" href=\"https:\/\/g2vet.eu\/wp-content\/uploads\/2024\/08\/G2VET_Transfer-Guide_EN.pdf\">G2VET_Transfer Guide_EN<\/a><a href=\"https:\/\/g2vet.eu\/wp-content\/uploads\/2024\/08\/G2VET_Transfer-Guide_EN.pdf\" class=\"wp-block-file__button wp-element-button\" download aria-describedby=\"wp-block-file--media-18e31740-261f-4517-9349-771af690ae1b\">Lataa<\/a><\/div>\n<\/div>\n\n\n\n<div class=\"wp-block-column is-layout-flow wp-block-column-is-layout-flow\">\n<p>TransferGuide &#8221;Integration der G2VET-Ergebnisse und Materialien in die Praxis&#8221; (Integrointi G2VET-tulosten ja -materiaalien sis\u00e4llytt\u00e4minen k\u00e4yt\u00e4nt\u00f6\u00f6n).<\/p>\n\n\n\n<p><\/p>\n\n\n\n<div data-wp-interactive=\"core\/file\" class=\"wp-block-file\"><object data-wp-bind--hidden=\"!state.hasPdfPreview\" hidden class=\"wp-block-file__embed\" data=\"https:\/\/g2vet.eu\/wp-content\/uploads\/2024\/08\/G2VET_Transfer-Guide_DE-1.pdf\" type=\"application\/pdf\" style=\"width:100%;height:470px\" aria-label=\"Tiedoston G2VET_Transfer Guide_DE upotus.\"><\/object><a id=\"wp-block-file--media-31d29601-198e-463a-81ec-01d73a9b1bc1\" href=\"https:\/\/g2vet.eu\/wp-content\/uploads\/2024\/08\/G2VET_Transfer-Guide_DE-1.pdf\">G2VET_Transfer Guide_DE<\/a><a href=\"https:\/\/g2vet.eu\/wp-content\/uploads\/2024\/08\/G2VET_Transfer-Guide_DE-1.pdf\" class=\"wp-block-file__button wp-element-button\" download aria-describedby=\"wp-block-file--media-31d29601-198e-463a-81ec-01d73a9b1bc1\">Lataa<\/a><\/div>\n<\/div>\n\n\n\n<div class=\"wp-block-column is-layout-flow wp-block-column-is-layout-flow\"><\/div>\n<\/div>\n","protected":false},"excerpt":{"rendered":"<p>Kest\u00e4v\u00e4 kehitys ja kest\u00e4v\u00e4n kehityksen koulutus ammatillisessa koulutuksessa (ESD) Kest\u00e4v\u00e4 kehitys on monimutkainen k\u00e4site, jolla on erilaisia tulkintoja. Vaikka m\u00e4\u00e4ritelm\u00e4t voivat vaihdella, vallitsee laaja yksimielisyys siit\u00e4, ett\u00e4 kest\u00e4vyys on merkityksellinen kaikilla ty\u00f6n ja jokap\u00e4iv\u00e4isen el\u00e4m\u00e4n osa-alueilla, mik\u00e4 edellytt\u00e4\u00e4 sen sis\u00e4llytt\u00e4mist\u00e4 kaikkiin koulutusaloihin.EU-kumppanuutena viittaamme EU:n vihre\u00e4n osaamisen viitekehykseen (GreenComp), jossa kest\u00e4vyys m\u00e4\u00e4ritell\u00e4\u00e4n seuraavasti: &#8221;Kaikkien el\u00e4m\u00e4nmuotojen ja planeetan tarpeiden asettaminen etusijalle varmistamalla, [&hellip;]<\/p>\n","protected":false},"author":5,"featured_media":0,"parent":0,"menu_order":0,"comment_status":"closed","ping_status":"closed","template":"","meta":{"footnotes":""},"class_list":["post-2730","page","type-page","status-publish","hentry"],"_links":{"self":[{"href":"https:\/\/g2vet.eu\/fi\/wp-json\/wp\/v2\/pages\/2730","targetHints":{"allow":["GET"]}}],"collection":[{"href":"https:\/\/g2vet.eu\/fi\/wp-json\/wp\/v2\/pages"}],"about":[{"href":"https:\/\/g2vet.eu\/fi\/wp-json\/wp\/v2\/types\/page"}],"author":[{"embeddable":true,"href":"https:\/\/g2vet.eu\/fi\/wp-json\/wp\/v2\/users\/5"}],"replies":[{"embeddable":true,"href":"https:\/\/g2vet.eu\/fi\/wp-json\/wp\/v2\/comments?post=2730"}],"version-history":[{"count":5,"href":"https:\/\/g2vet.eu\/fi\/wp-json\/wp\/v2\/pages\/2730\/revisions"}],"predecessor-version":[{"id":4282,"href":"https:\/\/g2vet.eu\/fi\/wp-json\/wp\/v2\/pages\/2730\/revisions\/4282"}],"wp:attachment":[{"href":"https:\/\/g2vet.eu\/fi\/wp-json\/wp\/v2\/media?parent=2730"}],"curies":[{"name":"wp","href":"https:\/\/api.w.org\/{rel}","templated":true}]}}