{"id":2735,"date":"2023-03-15T20:55:30","date_gmt":"2023-03-15T19:55:30","guid":{"rendered":"https:\/\/g2vet.eu\/hankekumppanit\/"},"modified":"2024-06-19T13:31:40","modified_gmt":"2024-06-19T12:31:40","slug":"hankekumppanit","status":"publish","type":"page","link":"https:\/\/g2vet.eu\/fi\/hankekumppanit\/","title":{"rendered":"HANKEKUMPPANIT"},"content":{"rendered":"<p><style>\/*! elementor - v3.12.1 - 02-04-2023 *\/<br \/>.elementor-widget-divider{--divider-border-style:none;--divider-border-width:1px;--divider-color:#0c0d0e;--divider-icon-size:20px;--divider-element-spacing:10px;--divider-pattern-height:24px;--divider-pattern-size:20px;--divider-pattern-url:none;--divider-pattern-repeat:repeat-x}.elementor-widget-divider .elementor-divider{display:flex}.elementor-widget-divider .elementor-divider__text{font-size:15px;line-height:1;max-width:95%}.elementor-widget-divider .elementor-divider__element{margin:0 var(--divider-element-spacing);flex-shrink:0}.elementor-widget-divider .elementor-icon{font-size:var(--divider-icon-size)}.elementor-widget-divider .elementor-divider-separator{display:flex;margin:0;direction:ltr}.elementor-widget-divider--view-line_icon .elementor-divider-separator,.elementor-widget-divider--view-line_text .elementor-divider-separator{align-items:center}.elementor-widget-divider--view-line_icon .elementor-divider-separator:after,.elementor-widget-divider--view-line_icon .elementor-divider-separator:before,.elementor-widget-divider--view-line_text .elementor-divider-separator:after,.elementor-widget-divider--view-line_text .elementor-divider-separator:before{display:block;content:\"\";border-bottom:0;flex-grow:1;border-top:var(--divider-border-width) var(--divider-border-style) var(--divider-color)}.elementor-widget-divider--element-align-left .elementor-divider .elementor-divider-separator>.elementor-divider__svg:first-of-type{flex-grow:0;flex-shrink:100}.elementor-widget-divider--element-align-left .elementor-divider-separator:before{content:none}.elementor-widget-divider--element-align-left .elementor-divider__element{margin-left:0}.elementor-widget-divider--element-align-right .elementor-divider .elementor-divider-separator>.elementor-divider__svg:last-of-type{flex-grow:0;flex-shrink:100}.elementor-widget-divider--element-align-right .elementor-divider-separator:after{content:none}.elementor-widget-divider--element-align-right .elementor-divider__element{margin-right:0}.elementor-widget-divider:not(.elementor-widget-divider--view-line_text):not(.elementor-widget-divider--view-line_icon) .elementor-divider-separator{border-top:var(--divider-border-width) var(--divider-border-style) var(--divider-color)}.elementor-widget-divider--separator-type-pattern{--divider-border-style:none}.elementor-widget-divider--separator-type-pattern.elementor-widget-divider--view-line .elementor-divider-separator,.elementor-widget-divider--separator-type-pattern:not(.elementor-widget-divider--view-line) .elementor-divider-separator:after,.elementor-widget-divider--separator-type-pattern:not(.elementor-widget-divider--view-line) .elementor-divider-separator:before,.elementor-widget-divider--separator-type-pattern:not([class*=elementor-widget-divider--view]) .elementor-divider-separator{width:100%;min-height:var(--divider-pattern-height);-webkit-mask-size:var(--divider-pattern-size) 100%;mask-size:var(--divider-pattern-size) 100%;-webkit-mask-repeat:var(--divider-pattern-repeat);mask-repeat:var(--divider-pattern-repeat);background-color:var(--divider-color);-webkit-mask-image:var(--divider-pattern-url);mask-image:var(--divider-pattern-url)}.elementor-widget-divider--no-spacing{--divider-pattern-size:auto}.elementor-widget-divider--bg-round{--divider-pattern-repeat:round}.rtl .elementor-widget-divider .elementor-divider__text{direction:rtl}.e-con-inner>.elementor-widget-divider,.e-con>.elementor-widget-divider{width:var(--container-widget-width,100%);--flex-grow:var(--container-widget-flex-grow)}<\/style>\n<\/p>\n\n\n<div style=\"height:100px\" aria-hidden=\"true\" class=\"wp-block-spacer\"><\/div>\n\n\n\n<div class=\"wp-block-columns is-layout-flex wp-container-core-columns-is-layout-9d6595d7 wp-block-columns-is-layout-flex\">\n<div class=\"wp-block-column is-layout-flow wp-block-column-is-layout-flow\" style=\"flex-basis:33.33%\"><div class=\"wp-block-image\">\n<figure class=\"aligncenter size-large is-resized\"><a href=\"https:\/\/stiftung-bildung-handwerk.de\/\"><img loading=\"lazy\" decoding=\"async\" width=\"1024\" height=\"243\" src=\"https:\/\/g2vet.eu\/wp-content\/uploads\/2023\/03\/Stiftung_Bildung__Handwerk-1024x243.jpg\" alt=\"\" class=\"wp-image-1651\" style=\"width:268px;height:63px\" srcset=\"https:\/\/g2vet.eu\/wp-content\/uploads\/2023\/03\/Stiftung_Bildung__Handwerk-1024x243.jpg 1024w, https:\/\/g2vet.eu\/wp-content\/uploads\/2023\/03\/Stiftung_Bildung__Handwerk-300x71.jpg 300w, https:\/\/g2vet.eu\/wp-content\/uploads\/2023\/03\/Stiftung_Bildung__Handwerk-768x182.jpg 768w, https:\/\/g2vet.eu\/wp-content\/uploads\/2023\/03\/Stiftung_Bildung__Handwerk-1536x365.jpg 1536w, https:\/\/g2vet.eu\/wp-content\/uploads\/2023\/03\/Stiftung_Bildung__Handwerk-2048x486.jpg 2048w\" sizes=\"auto, (max-width: 1024px) 100vw, 1024px\" \/><\/a><\/figure>\n<\/div><\/div>\n\n\n\n<div class=\"wp-block-column is-layout-flow wp-block-column-is-layout-flow\" style=\"flex-basis:66.66%\">\n<h2 class=\"wp-block-heading\">STIFTUNG BILDUNG &amp; HANDWERK I GERMANY<\/h2>\n\n\n\n<p>Paderbornissa, Saksassa, sijaitseva Education &amp; Crafts Foundation on sitoutunut edist\u00e4m\u00e4\u00e4n yht\u00e4l\u00e4isi\u00e4 koulutus- ja ty\u00f6mahdollisuuksia, jotka ovat edellytys yht\u00e4l\u00e4isille mahdollisuuksille yhteiskunnassa. Paderbornin piirin k\u00e4sity\u00f6l\u00e4iskilta perusti sen vuonna 2001 voittoa tavoittelemattomana j\u00e4rjest\u00f6n\u00e4. Paderbornin piirin k\u00e4sity\u00f6l\u00e4iskilta on perustamisestaan l\u00e4htien ajanut paitsi alueellisen k\u00e4sity\u00f6l\u00e4isalan taloudellisia ja poliittisia etuja my\u00f6s kest\u00e4v\u00e4\u00e4 ja ajanmukaista koulutusta ja t\u00e4ydennyskoulutusta.<\/p>\n\n\n\n<p>Panostamme ty\u00f6mme laatuun ja johdamme sen takaisin tulevaisuuteen suuntautuvan koulutuksen edist\u00e4miseen. T\u00e4t\u00e4 varten s\u00e4\u00e4ti\u00f6 on tiiviisti yhteydess\u00e4 s\u00e4\u00e4ti\u00f6verkostoon, johon kuuluu kahdeksan koulutusyrityst\u00e4 sek\u00e4 yksi yliopisto ja kolme koulua ulkomailla. Tavoitteenamme ovat suorituskyky, innovatiivisuus ja korkea vastuuntunto ihmisist\u00e4 ja ymp\u00e4rist\u00f6st\u00e4. Toimimme kest\u00e4v\u00e4ll\u00e4 ja resurssisuuntautuneella tavalla.<\/p>\n<\/div>\n<\/div>\n\n\n\n<hr class=\"wp-block-separator has-alpha-channel-opacity is-style-wide\"\/>\n\n\n\n<div class=\"wp-block-columns is-layout-flex wp-container-core-columns-is-layout-9d6595d7 wp-block-columns-is-layout-flex\">\n<div class=\"wp-block-column is-layout-flow wp-block-column-is-layout-flow\" style=\"flex-basis:33.33%\"><div class=\"wp-block-image\">\n<figure class=\"aligncenter size-full\"><a href=\"https:\/\/www.kpedu.fi\/\" target=\"_blank\" rel=\"noreferrer noopener\"><img loading=\"lazy\" decoding=\"async\" width=\"765\" height=\"217\" src=\"https:\/\/g2vet.eu\/wp-content\/uploads\/2023\/03\/kpedu_logo.png\" alt=\"\" class=\"wp-image-1652\" srcset=\"https:\/\/g2vet.eu\/wp-content\/uploads\/2023\/03\/kpedu_logo.png 765w, https:\/\/g2vet.eu\/wp-content\/uploads\/2023\/03\/kpedu_logo-300x85.png 300w\" sizes=\"auto, (max-width: 765px) 100vw, 765px\" \/><\/a><\/figure>\n<\/div><\/div>\n\n\n\n<div class=\"wp-block-column is-layout-flow wp-block-column-is-layout-flow\" style=\"flex-basis:66.66%\">\n<h2 class=\"wp-block-heading\">KESKI-POHJANMAAN KOULUTUSLIITTO (KPEDU) I SUOMI<\/h2>\n\n\n\n<p>Kpedu on monialainen ja aktiivisesti kehittyv\u00e4 koulutusorganisaatio, joka j\u00e4rjest\u00e4\u00e4 ammatillista toisen asteen perus- ja lis\u00e4koulutusta, valmistavaa koulutusta, oppisopimuskoulutusta ja kansanopistokoulutusta.<\/p>\n\n\n\n<p>Kest\u00e4v\u00e4n kasvun strategiamme 2021-2025 mukaan olemme sitoutuneet kest\u00e4v\u00e4n kehityksen periaatteisiin ja k\u00e4yt\u00e4nt\u00f6ihin, jotka perustuvat jatkuvan parantamisen periaatteeseen. Tavoitteenamme on toimia innovatiivisesti, asiakasl\u00e4ht\u00f6isesti (sek\u00e4 opiskelijat ett\u00e4 ty\u00f6el\u00e4m\u00e4) ja tuottaa asiantuntemusta, joka edist\u00e4\u00e4 kest\u00e4v\u00e4n kehityksen mukaista ajattelua ja toimintaa eri ammattialoilla.<\/p>\n\n\n\n<p>Alueellamme vety-, tuulienergia- ja akkuklusteri kukoistavat ja luovat uusia koulutustarpeita tulevaisuuden osaamiselle vihre\u00e4n siirt\u00e4misen alalla. Yhteiskuntavastuumme rakentaa tulevaisuutta taloudellisesti, ekologisesti, sosiaalisesti ja kulttuurisesti kest\u00e4vien ratkaisujen varaan. Tavoitteena on edist\u00e4\u00e4 opiskelijoiden, henkil\u00f6st\u00f6n, ty\u00f6el\u00e4m\u00e4n, ymp\u00e4rist\u00f6n ja vaikutusalueen kokonaisvaltaista hyvinvointia.<\/p>\n<\/div>\n<\/div>\n\n\n\n<hr class=\"wp-block-separator has-alpha-channel-opacity is-style-wide\"\/>\n\n\n\n<div class=\"wp-block-columns is-layout-flex wp-container-core-columns-is-layout-9d6595d7 wp-block-columns-is-layout-flex\">\n<div class=\"wp-block-column is-layout-flow wp-block-column-is-layout-flow\" style=\"flex-basis:33.33%\"><div class=\"wp-block-image\">\n<figure class=\"aligncenter size-full\"><a href=\"https:\/\/www.bbrz.at\/de\/bbrz\"><img loading=\"lazy\" decoding=\"async\" width=\"676\" height=\"125\" src=\"https:\/\/g2vet.eu\/wp-content\/uploads\/2023\/03\/Logo-BBRZ.png\" alt=\"\" class=\"wp-image-1920\" srcset=\"https:\/\/g2vet.eu\/wp-content\/uploads\/2023\/03\/Logo-BBRZ.png 676w, https:\/\/g2vet.eu\/wp-content\/uploads\/2023\/03\/Logo-BBRZ-300x55.png 300w\" sizes=\"auto, (max-width: 676px) 100vw, 676px\" \/><\/a><\/figure>\n<\/div><\/div>\n\n\n\n<div class=\"wp-block-column is-layout-flow wp-block-column-is-layout-flow\" style=\"flex-basis:66.66%\">\n<h2 class=\"wp-block-heading\">BERUFLICHES BILDUNGS- UND REHABILITATIONSZENTRUM \u00d6STERREICH (BBRZ-\u00d6) I AUSTRIA<\/h2>\n\n\n\n<p>BBRZ (ammatillinen koulutus- ja kuntoutuskeskus) on yksi It\u00e4vallan suurimmista ammatillisen koulutuksen ja kuntoutuksen asiantuntijoista. Vuodesta 1975 l\u00e4htien teht\u00e4v\u00e4mme on ollut tukea, rohkaista ja tukea mahdollisimman monia ty\u00f6ik\u00e4isi\u00e4 ihmisi\u00e4 kehitt\u00e4m\u00e4\u00e4n ja hy\u00f6dynt\u00e4m\u00e4\u00e4n ammatillisia ja sosiaalisia mahdollisuuksiaan. Siksi tuemme ihmisi\u00e4, jotka eiv\u00e4t en\u00e4\u00e4 pysty harjoittamaan aiempaa ammattiaan fyysisen tai psyykkisen sairauden tai tapaturman vuoksi, paluumatkalla ty\u00f6el\u00e4m\u00e4\u00e4n. Lis\u00e4ksi tarjoamme erityispalveluja n\u00e4k\u00f6vammaisille, autismin kirjon henkil\u00f6ille tai henkil\u00f6ille, joilla on aivovammoja tai neurologisia sairauksia. Tuemme asiakkaitamme aktiivisesti ja kehit\u00e4mme yhdess\u00e4 heid\u00e4n kanssaan kuntoutussuunnitelman heid\u00e4n tulevaisuuttaan varten. Kaikki palvelumme t\u00e4ht\u00e4\u00e4v\u00e4t tavoitteeseemme, joka on asiakkaidemme kest\u00e4v\u00e4 integroituminen avoimille ty\u00f6markkinoille. Asiakkaamme ovat aktiivisia oman ammatillisen kuntoutusprosessinsa suunnittelijoita. Olemme mukana heid\u00e4n kanssaan silmien tasolla, noudatamme kokonaisvaltaista l\u00e4hestymistapaa ja luotamme heid\u00e4n kykyihins\u00e4 ja vahvuuksiinsa.<\/p>\n<\/div>\n<\/div>\n\n\n\n<hr class=\"wp-block-separator has-alpha-channel-opacity is-style-wide\"\/>\n\n\n\n<div class=\"wp-block-columns is-layout-flex wp-container-core-columns-is-layout-9d6595d7 wp-block-columns-is-layout-flex\">\n<div class=\"wp-block-column is-layout-flow wp-block-column-is-layout-flow\" style=\"flex-basis:33.33%\"><div class=\"wp-block-image\">\n<figure class=\"aligncenter size-full is-resized\"><a href=\"https:\/\/www.jcyl.es\/web\/jcyl\/Portada\/es\/Home\/1246890364336\/_\/_\/_\"><img loading=\"lazy\" decoding=\"async\" width=\"112\" height=\"67\" src=\"https:\/\/g2vet.eu\/wp-content\/uploads\/2023\/03\/logo-jcyl-1.png\" alt=\"\" class=\"wp-image-1659\" style=\"width:219px;height:131px\"\/><\/a><\/figure>\n<\/div>\n\n\n<p><\/p>\n<\/div>\n\n\n\n<div class=\"wp-block-column is-layout-flow wp-block-column-is-layout-flow\" style=\"flex-basis:66.66%\">\n<h2 class=\"wp-block-heading\">CONSEJER\u00cdA DE EDUCACI\u00d3N DE LA JUNTA DE CASTILLA Y LE\u00d3N (JCYL) I ESPANJA<\/h2>\n\n\n\n<p>CONSEJER\u00cdA DE EDUCACI\u00d3N DE LA JUNTA DE CASTILLA Y LE\u00d3N on autonomisen alueen opetusviranomainen, jolla on toimeenpano- ja hallintovalta alueen koulutusj\u00e4rjestelm\u00e4n hallinnoinnissa. Se vastaa ammatillisesta koulutuksesta, jota hallinnoi ammatillisen koulutuksen p\u00e4\u00e4osasto. Pedagogiset perusn\u00e4k\u00f6kohdat, tavoitteet, ydinosaaminen, oppimistulokset, sis\u00e4lt\u00f6 ja arviointikriteerit sek\u00e4 tutkintotodistusten p\u00e4tevyys kuuluvat osaston toimivaltaan. P\u00e4\u00e4teht\u00e4viin kuuluvat akateemisen organisaation ja opetussuunnitelmien suunnittelu sek\u00e4 yhteisty\u00f6n kehitt\u00e4minen ja verkostojen hallinnointi. Osasto on siis sitoutunut ammatillisen koulutuksen kansainv\u00e4listymiseen ja yhteiskunnallisesti ja kasvatuksellisesti merkitt\u00e4vien aiheiden toteuttamista koulutuksessa koskevaan tutkimukseen. JCYL on mukana monenlaisissa koulutusorganisaatioissa ja on vahva kumppani verkostoitumisessa.<\/p>\n<\/div>\n<\/div>\n","protected":false},"excerpt":{"rendered":"<p>STIFTUNG BILDUNG &amp; HANDWERK I GERMANY Paderbornissa, Saksassa, sijaitseva Education &amp; Crafts Foundation on sitoutunut edist\u00e4m\u00e4\u00e4n yht\u00e4l\u00e4isi\u00e4 koulutus- ja ty\u00f6mahdollisuuksia, jotka ovat edellytys yht\u00e4l\u00e4isille mahdollisuuksille yhteiskunnassa. Paderbornin piirin k\u00e4sity\u00f6l\u00e4iskilta perusti sen vuonna 2001 voittoa tavoittelemattomana j\u00e4rjest\u00f6n\u00e4. Paderbornin piirin k\u00e4sity\u00f6l\u00e4iskilta on perustamisestaan l\u00e4htien ajanut paitsi alueellisen k\u00e4sity\u00f6l\u00e4isalan taloudellisia ja poliittisia etuja my\u00f6s kest\u00e4v\u00e4\u00e4 ja ajanmukaista koulutusta ja t\u00e4ydennyskoulutusta. Panostamme ty\u00f6mme laatuun [&hellip;]<\/p>\n","protected":false},"author":5,"featured_media":0,"parent":0,"menu_order":0,"comment_status":"closed","ping_status":"closed","template":"","meta":{"footnotes":""},"class_list":["post-2735","page","type-page","status-publish","hentry"],"_links":{"self":[{"href":"https:\/\/g2vet.eu\/fi\/wp-json\/wp\/v2\/pages\/2735","targetHints":{"allow":["GET"]}}],"collection":[{"href":"https:\/\/g2vet.eu\/fi\/wp-json\/wp\/v2\/pages"}],"about":[{"href":"https:\/\/g2vet.eu\/fi\/wp-json\/wp\/v2\/types\/page"}],"author":[{"embeddable":true,"href":"https:\/\/g2vet.eu\/fi\/wp-json\/wp\/v2\/users\/5"}],"replies":[{"embeddable":true,"href":"https:\/\/g2vet.eu\/fi\/wp-json\/wp\/v2\/comments?post=2735"}],"version-history":[{"count":3,"href":"https:\/\/g2vet.eu\/fi\/wp-json\/wp\/v2\/pages\/2735\/revisions"}],"predecessor-version":[{"id":3936,"href":"https:\/\/g2vet.eu\/fi\/wp-json\/wp\/v2\/pages\/2735\/revisions\/3936"}],"wp:attachment":[{"href":"https:\/\/g2vet.eu\/fi\/wp-json\/wp\/v2\/media?parent=2735"}],"curies":[{"name":"wp","href":"https:\/\/api.w.org\/{rel}","templated":true}]}}