{"id":2739,"date":"2023-03-15T20:57:14","date_gmt":"2023-03-15T19:57:14","guid":{"rendered":"https:\/\/g2vet.eu\/projektin-tavoitteet\/"},"modified":"2023-08-03T12:39:07","modified_gmt":"2023-08-03T11:39:07","slug":"projektin-tavoitteet","status":"publish","type":"page","link":"https:\/\/g2vet.eu\/fi\/projektin-tavoitteet\/","title":{"rendered":"PROJEKTIN TAVOITTEET"},"content":{"rendered":"\n<div class=\"wp-block-columns is-layout-flex wp-container-core-columns-is-layout-9d6595d7 wp-block-columns-is-layout-flex\">\n<div class=\"wp-block-column is-layout-flow wp-block-column-is-layout-flow\" style=\"flex-basis:33.33%\">\n<figure class=\"wp-block-image size-large is-resized\"><img loading=\"lazy\" decoding=\"async\" src=\"https:\/\/g2vet.eu\/wp-content\/uploads\/2023\/05\/G2VET_Nachhaltigkeithoch-edited-768x1024.png\" alt=\"\" class=\"wp-image-2094\" width=\"304\" height=\"405\" srcset=\"https:\/\/g2vet.eu\/wp-content\/uploads\/2023\/05\/G2VET_Nachhaltigkeithoch-edited-768x1024.png 768w, https:\/\/g2vet.eu\/wp-content\/uploads\/2023\/05\/G2VET_Nachhaltigkeithoch-edited-225x300.png 225w, https:\/\/g2vet.eu\/wp-content\/uploads\/2023\/05\/G2VET_Nachhaltigkeithoch-edited.png 1000w\" sizes=\"auto, (max-width: 304px) 100vw, 304px\" \/><\/figure><\/div>\n\n\n\n<div class=\"wp-block-column is-layout-flow wp-block-column-is-layout-flow\" style=\"flex-basis:66.66%\">\n<p>G2VET haluaa kehitt\u00e4\u00e4 ymm\u00e4rryst\u00e4 termin &#8221;kest\u00e4v\u00e4 kehitys&#8221; ulottuvuuksista ja luoda yhteis\u00f6n kest\u00e4v\u00e4n kehityksen alalla jokap\u00e4iv\u00e4isess\u00e4 ty\u00f6ss\u00e4.<\/p>\n\n\n\n<p>Siksi haluamme luoda kehittyneit\u00e4 viestint\u00e4muotoja kumppaneiden v\u00e4lille ja lis\u00e4t\u00e4 tietoisuutta oppimalla toisiltamme ja toisiltamme. Tavoitteena on rohkaista itse\u00e4mme ja yhteis\u00f6\u00e4 osallistumaan kest\u00e4v\u00e4n kehityksen aiheeseen.<\/p>\n\n\n\n<p>T\u00e4t\u00e4 tarkoitusta varten perustamme blogin, jossa kerromme hankkeen tuloksista ja prosessista (working-out-loud) ja jossa on mahdollisuuksia yhteis\u00f6n kehitt\u00e4miseen.<\/p>\n\n\n\n<p>Kehit\u00e4mme pieni\u00e4 oppimisen ev\u00e4it\u00e4 (life hacks) k\u00e4sitellyist\u00e4 aiheista ja ker\u00e4\u00e4mme niist\u00e4 kokoelman, joka on osa &#8221;pienten askelten&#8221; ty\u00f6kalupakkia, jonka kuka tahansa voi toteuttaa. Julkaisemme olennaisimmat oppimiskohteet oppaan muodossa.<\/p>\n\n\n\n<p>G2VET:n tavoitteena on, ett\u00e4 osallistuvien oppilaitosten henkil\u00f6kunta tuntee lifehackit ja voi soveltaa niit\u00e4 k\u00e4ytt\u00e4m\u00e4ll\u00e4 asianmukaisia digitaalisia resursseja. Organisaatioiden ja osastojen henkil\u00f6st\u00f6 tuntee eurooppalaisen GreenComp-mallin ja osaa arvioida osaamistaan.<\/p>\n\n\n\n<p>Hankekonsortio toimii itse oppijan roolissa. Dokumentoimme oppimismatkamme ja annamme ne k\u00e4ytt\u00f6\u00f6n kokemuksena. Lis\u00e4ksi pid\u00e4mme siirtoa tukevan kerrannaiskonferenssin.<\/p>\n<\/div>\n<\/div>\n","protected":false},"excerpt":{"rendered":"<p>G2VET haluaa kehitt\u00e4\u00e4 ymm\u00e4rryst\u00e4 termin &#8221;kest\u00e4v\u00e4 kehitys&#8221; ulottuvuuksista ja luoda yhteis\u00f6n kest\u00e4v\u00e4n kehityksen alalla jokap\u00e4iv\u00e4isess\u00e4 ty\u00f6ss\u00e4. Siksi haluamme luoda kehittyneit\u00e4 viestint\u00e4muotoja kumppaneiden v\u00e4lille ja lis\u00e4t\u00e4 tietoisuutta oppimalla toisiltamme ja toisiltamme. Tavoitteena on rohkaista itse\u00e4mme ja yhteis\u00f6\u00e4 osallistumaan kest\u00e4v\u00e4n kehityksen aiheeseen. T\u00e4t\u00e4 tarkoitusta varten perustamme blogin, jossa kerromme hankkeen tuloksista ja prosessista (working-out-loud) ja jossa on mahdollisuuksia yhteis\u00f6n kehitt\u00e4miseen. Kehit\u00e4mme pieni\u00e4 [&hellip;]<\/p>\n","protected":false},"author":5,"featured_media":0,"parent":0,"menu_order":0,"comment_status":"closed","ping_status":"closed","template":"","meta":{"footnotes":""},"class_list":["post-2739","page","type-page","status-publish","hentry"],"_links":{"self":[{"href":"https:\/\/g2vet.eu\/fi\/wp-json\/wp\/v2\/pages\/2739","targetHints":{"allow":["GET"]}}],"collection":[{"href":"https:\/\/g2vet.eu\/fi\/wp-json\/wp\/v2\/pages"}],"about":[{"href":"https:\/\/g2vet.eu\/fi\/wp-json\/wp\/v2\/types\/page"}],"author":[{"embeddable":true,"href":"https:\/\/g2vet.eu\/fi\/wp-json\/wp\/v2\/users\/5"}],"replies":[{"embeddable":true,"href":"https:\/\/g2vet.eu\/fi\/wp-json\/wp\/v2\/comments?post=2739"}],"version-history":[{"count":1,"href":"https:\/\/g2vet.eu\/fi\/wp-json\/wp\/v2\/pages\/2739\/revisions"}],"predecessor-version":[{"id":2740,"href":"https:\/\/g2vet.eu\/fi\/wp-json\/wp\/v2\/pages\/2739\/revisions\/2740"}],"wp:attachment":[{"href":"https:\/\/g2vet.eu\/fi\/wp-json\/wp\/v2\/media?parent=2739"}],"curies":[{"name":"wp","href":"https:\/\/api.w.org\/{rel}","templated":true}]}}