{"id":2741,"date":"2021-11-21T15:12:46","date_gmt":"2021-11-21T14:12:46","guid":{"rendered":"https:\/\/g2vet.eu\/home\/"},"modified":"2024-09-09T08:28:29","modified_gmt":"2024-09-09T07:28:29","slug":"home","status":"publish","type":"page","link":"https:\/\/g2vet.eu\/fi\/","title":{"rendered":"HOME"},"content":{"rendered":"\n<div class=\"wp-block-columns is-layout-flex wp-container-core-columns-is-layout-9d6595d7 wp-block-columns-is-layout-flex\">\n<div class=\"wp-block-column is-layout-flow wp-block-column-is-layout-flow\"><div class=\"wp-block-image\">\n<figure class=\"aligncenter size-full is-resized\"><img loading=\"lazy\" decoding=\"async\" width=\"250\" height=\"200\" src=\"https:\/\/g2vet.eu\/wp-content\/uploads\/2023\/05\/Community_Icon.png\" alt=\"\" class=\"wp-image-2100\" style=\"width:123px;height:98px\"\/><\/figure><\/div>\n\n\n<p class=\"has-text-align-left\">G2VET haluaa kehitt\u00e4\u00e4 ymm\u00e4rryst\u00e4 termin &#8221;kest\u00e4v\u00e4 kehitys&#8221; ulottuvuuksista ja luoda yhteis\u00f6n kest\u00e4v\u00e4n kehityksen alalla oppilaitosten jokap\u00e4iv\u00e4isess\u00e4 ty\u00f6ss\u00e4. Siksi haluamme luoda kehittyneit\u00e4 viestint\u00e4muotoja kumppaneiden v\u00e4lille ja lis\u00e4t\u00e4 tietoisuutta oppimalla toisiltamme ja toisiltamme. Tavoitteena on rohkaista itse\u00e4mme ja yhteis\u00f6\u00e4 osallistumaan kest\u00e4v\u00e4n kehityksen aiheeseen.<\/p>\n<\/div>\n\n\n\n<div class=\"wp-block-column is-layout-flow wp-block-column-is-layout-flow\"><div class=\"wp-block-image\">\n<figure class=\"aligncenter size-full is-resized\"><img loading=\"lazy\" decoding=\"async\" width=\"250\" height=\"200\" src=\"https:\/\/g2vet.eu\/wp-content\/uploads\/2023\/05\/Blog_Icon.png\" alt=\"\" class=\"wp-image-2104\" style=\"width:124px;height:98px\"\/><\/figure><\/div>\n\n\n<p class=\"has-text-align-left\">T\u00e4t\u00e4 tarkoitusta varten perustamme blogin, jossa kerromme hankkeen tuloksista ja prosessista (working-out-loud) ja jossa on mahdollisuuksia yhteis\u00f6n kehitt\u00e4miseen. Kehit\u00e4mme pieni\u00e4 oppimisen ev\u00e4it\u00e4 (lifehackit) k\u00e4sitellyist\u00e4 aiheista ja ker\u00e4\u00e4mme niist\u00e4 kokoelman, joka on osa &#8221;pienten askelten&#8221; ty\u00f6kalupakkia, jonka kuka tahansa voi toteuttaa. Julkaisemme olennaisimmat oppimiskohteet oppaan muodossa.<\/p>\n<\/div>\n\n\n\n<div class=\"wp-block-column is-layout-flow wp-block-column-is-layout-flow\"><div class=\"wp-block-image\">\n<figure class=\"aligncenter size-full is-resized\"><img loading=\"lazy\" decoding=\"async\" width=\"250\" height=\"200\" src=\"https:\/\/g2vet.eu\/wp-content\/uploads\/2023\/05\/Ziel_Reise_Icon.png\" alt=\"\" class=\"wp-image-2106\" style=\"width:124px;height:98px\"\/><\/figure><\/div>\n\n\n<p class=\"has-text-align-left\">G2VET:n tavoitteena on, ett\u00e4 osallistuvien oppilaitosten henkil\u00f6kunta tuntee lifehackit ja voi soveltaa niit\u00e4 k\u00e4ytt\u00e4m\u00e4ll\u00e4 asianmukaisia digitaalisia resursseja. Organisaatioiden ja osastojen henkil\u00f6st\u00f6 tuntee eurooppalaisen GreenComp-mallin ja osaa arvioida osaamistaan. Hankekonsortio toimii itse oppijan roolissa. Dokumentoimme oppimismatkamme ja annamme ne k\u00e4ytt\u00f6\u00f6n kokemuksena.<\/p>\n<\/div>\n<\/div>\n\n<hr class=\"wp-block-separator has-alpha-channel-opacity\"\/>\n\n<div class=\"wp-block-columns is-layout-flex wp-container-core-columns-is-layout-9d6595d7 wp-block-columns-is-layout-flex\">\n<div class=\"wp-block-column is-layout-flow wp-block-column-is-layout-flow\">\n<figure class=\"wp-block-image size-large\"><img loading=\"lazy\" decoding=\"async\" width=\"1024\" height=\"215\" src=\"https:\/\/g2vet.eu\/wp-content\/uploads\/2023\/03\/EN-Co-Funded-by-the-EU_BLACK-Outline-1024x215.png\" alt=\"\" class=\"wp-image-1879\" srcset=\"https:\/\/g2vet.eu\/wp-content\/uploads\/2023\/03\/EN-Co-Funded-by-the-EU_BLACK-Outline-1024x215.png 1024w, https:\/\/g2vet.eu\/wp-content\/uploads\/2023\/03\/EN-Co-Funded-by-the-EU_BLACK-Outline-300x63.png 300w, https:\/\/g2vet.eu\/wp-content\/uploads\/2023\/03\/EN-Co-Funded-by-the-EU_BLACK-Outline-768x161.png 768w, https:\/\/g2vet.eu\/wp-content\/uploads\/2023\/03\/EN-Co-Funded-by-the-EU_BLACK-Outline-1536x322.png 1536w, https:\/\/g2vet.eu\/wp-content\/uploads\/2023\/03\/EN-Co-Funded-by-the-EU_BLACK-Outline-2048x430.png 2048w\" sizes=\"auto, (max-width: 1024px) 100vw, 1024px\" \/><\/figure><\/div>\n\n\n\n<div class=\"wp-block-column is-layout-flow wp-block-column-is-layout-flow\">\n<p>Euroopan unionin rahoittama. Esitetyt n\u00e4kemykset ja mielipiteet ovat kuitenkin vain kirjoittajan (kirjoittajien) omia eiv\u00e4tk\u00e4 v\u00e4ltt\u00e4m\u00e4tt\u00e4 vastaa Euroopan unionin tai Euroopan koulutuksen ja kulttuurin toimeenpanoviraston (EACEA) n\u00e4kemyksi\u00e4 ja mielipiteit\u00e4. Euroopan unionia tai EACEAa ei voida pit\u00e4\u00e4 niist\u00e4 vastuussa.<\/p>\n<\/div>\n<\/div>\n\n<div style=\"height:100px\" aria-hidden=\"true\" class=\"wp-block-spacer\"><\/div>\n","protected":false},"excerpt":{"rendered":"<p>G2VET haluaa kehitt\u00e4\u00e4 ymm\u00e4rryst\u00e4 termin &#8221;kest\u00e4v\u00e4 kehitys&#8221; ulottuvuuksista ja luoda yhteis\u00f6n kest\u00e4v\u00e4n kehityksen alalla oppilaitosten jokap\u00e4iv\u00e4isess\u00e4 ty\u00f6ss\u00e4. Siksi haluamme luoda kehittyneit\u00e4 viestint\u00e4muotoja kumppaneiden v\u00e4lille ja lis\u00e4t\u00e4 tietoisuutta oppimalla toisiltamme ja toisiltamme. Tavoitteena on rohkaista itse\u00e4mme ja yhteis\u00f6\u00e4 osallistumaan kest\u00e4v\u00e4n kehityksen aiheeseen. T\u00e4t\u00e4 tarkoitusta varten perustamme blogin, jossa kerromme hankkeen tuloksista ja prosessista (working-out-loud) ja jossa on mahdollisuuksia yhteis\u00f6n kehitt\u00e4miseen. Kehit\u00e4mme [&hellip;]<\/p>\n","protected":false},"author":5,"featured_media":0,"parent":0,"menu_order":0,"comment_status":"closed","ping_status":"closed","template":"page-templates\/full-width-container.php","meta":{"footnotes":""},"class_list":["post-2741","page","type-page","status-publish","hentry"],"_links":{"self":[{"href":"https:\/\/g2vet.eu\/fi\/wp-json\/wp\/v2\/pages\/2741","targetHints":{"allow":["GET"]}}],"collection":[{"href":"https:\/\/g2vet.eu\/fi\/wp-json\/wp\/v2\/pages"}],"about":[{"href":"https:\/\/g2vet.eu\/fi\/wp-json\/wp\/v2\/types\/page"}],"author":[{"embeddable":true,"href":"https:\/\/g2vet.eu\/fi\/wp-json\/wp\/v2\/users\/5"}],"replies":[{"embeddable":true,"href":"https:\/\/g2vet.eu\/fi\/wp-json\/wp\/v2\/comments?post=2741"}],"version-history":[{"count":2,"href":"https:\/\/g2vet.eu\/fi\/wp-json\/wp\/v2\/pages\/2741\/revisions"}],"predecessor-version":[{"id":4333,"href":"https:\/\/g2vet.eu\/fi\/wp-json\/wp\/v2\/pages\/2741\/revisions\/4333"}],"wp:attachment":[{"href":"https:\/\/g2vet.eu\/fi\/wp-json\/wp\/v2\/media?parent=2741"}],"curies":[{"name":"wp","href":"https:\/\/api.w.org\/{rel}","templated":true}]}}