{"id":2742,"date":"2023-03-15T20:58:26","date_gmt":"2023-03-15T19:58:26","guid":{"rendered":"https:\/\/g2vet.eu\/kestavyys-elainlaakarin-tyossa\/"},"modified":"2024-04-29T09:08:24","modified_gmt":"2024-04-29T08:08:24","slug":"kestavyys-elainlaakarin-tyossa","status":"publish","type":"page","link":"https:\/\/g2vet.eu\/fi\/kestavyys-elainlaakarin-tyossa\/","title":{"rendered":"KEST\u00c4VYYS EL\u00c4INL\u00c4\u00c4K\u00c4RIN TY\u00d6SS\u00c4"},"content":{"rendered":"\n<div class=\"wp-block-columns is-layout-flex wp-container-core-columns-is-layout-9d6595d7 wp-block-columns-is-layout-flex\">\n<div class=\"wp-block-column is-layout-flow wp-block-column-is-layout-flow\">\n<figure class=\"wp-block-image size-large\"><img loading=\"lazy\" decoding=\"async\" width=\"1024\" height=\"621\" src=\"https:\/\/g2vet.eu\/wp-content\/uploads\/2023\/03\/puzzle-last-part-joining-together-3223941-1024x621.jpg\" alt=\"palapeli, viimeinen osa, yhteenliitt&#xE4;minen-3223941.jpg\" class=\"wp-image-1640\" srcset=\"https:\/\/g2vet.eu\/wp-content\/uploads\/2023\/03\/puzzle-last-part-joining-together-3223941-1024x621.jpg 1024w, https:\/\/g2vet.eu\/wp-content\/uploads\/2023\/03\/puzzle-last-part-joining-together-3223941-300x182.jpg 300w, https:\/\/g2vet.eu\/wp-content\/uploads\/2023\/03\/puzzle-last-part-joining-together-3223941-768x466.jpg 768w, https:\/\/g2vet.eu\/wp-content\/uploads\/2023\/03\/puzzle-last-part-joining-together-3223941.jpg 1280w\" sizes=\"auto, (max-width: 1024px) 100vw, 1024px\" \/><\/figure><\/div>\n\n\n\n<div class=\"wp-block-column is-layout-flow wp-block-column-is-layout-flow\">\n<p>Kest\u00e4v\u00e4\u00e4 kehityst\u00e4 edist\u00e4v\u00e4 koulutus (ESD) on Euroopan unionin (EU) t\u00e4rke\u00e4 painopistealue kest\u00e4v\u00e4n kehityksen edist\u00e4misess\u00e4. EU on sis\u00e4llytt\u00e4nyt ESD:n politiikkoihinsa antaakseen ihmisille tiedot, taidot ja arvot, joita he tarvitsevat suojellakseen maapalloa ja edist\u00e4\u00e4kseen kest\u00e4v\u00e4n kehityksen tavoitteiden saavuttamista.<\/p>\n\n\n\n<p>Ammatillisella koulutuksella on ratkaiseva rooli ESD:ss\u00e4, sill\u00e4 se sis\u00e4llytt\u00e4\u00e4 kest\u00e4v\u00e4n kehityksen periaatteet koulutusohjelmiin, joilla pyrit\u00e4\u00e4n kehitt\u00e4m\u00e4\u00e4n tulevien ammattilaisten kest\u00e4viin k\u00e4yt\u00e4nt\u00f6ihin tarvittavia tietoja, taitoja ja asenteita. Sis\u00e4llytt\u00e4m\u00e4ll\u00e4 ESD osaksi ammatillista koulutusta yksil\u00f6t saavat valmiudet ajatella ja toimia kest\u00e4v\u00e4ll\u00e4 tavalla eri aloilla, kuten liike-el\u00e4m\u00e4ss\u00e4, teollisuudessa ja ty\u00f6el\u00e4m\u00e4ss\u00e4, edist\u00e4m\u00e4ll\u00e4 ymp\u00e4rist\u00f6vastuullisuuden kulttuuria ja kest\u00e4vi\u00e4 k\u00e4yt\u00e4nt\u00f6j\u00e4 organisaatioissa.<\/p>\n<\/div>\n<\/div>\n\n<h2 class=\"wp-block-heading\">Miten opettaa kest\u00e4v\u00e4\u00e4 kehityst\u00e4?<\/h2>\n\n<div class=\"wp-block-columns is-layout-flex wp-container-core-columns-is-layout-9d6595d7 wp-block-columns-is-layout-flex\">\n<div class=\"wp-block-column is-layout-flow wp-block-column-is-layout-flow\"><div class=\"h5p-iframe-wrapper\"><iframe id=\"h5p-iframe-32\" class=\"h5p-iframe\" data-content-id=\"32\" style=\"height:1px\" src=\"about:blank\" frameBorder=\"0\" scrolling=\"no\" title=\"LifeHack No. 20_EU GreenComp at a Glance\"><\/iframe><\/div>\n<\/div>\n\n\n\n<div class=\"wp-block-column is-layout-flow wp-block-column-is-layout-flow\">\n<p>EU:n vihre\u00e4n osaamisen viitekehyksell\u00e4 (GreenComp) on t\u00e4ss\u00e4 yhteydess\u00e4 keskeinen rooli ymp\u00e4rist\u00f6kasvatuksen ja kest\u00e4v\u00e4n kehityksen edist\u00e4misess\u00e4.<\/p>\n\n\n\n<p>Tutustu kest\u00e4v\u00e4n kehityksen eurooppalaisen osaamisperustan sis\u00e4lt\u00f6\u00f6n ja selvit\u00e4, mitk\u00e4 taidot kuuluvat kest\u00e4v\u00e4\u00e4n kehitykseen ja miten ne koostuvat tiedoista, taidoista ja asenteista.<\/p>\n<\/div>\n<\/div>\n\n<p><strong>Kest\u00e4v\u00e4 kehitys pakolliseksi kurssiksi tuleville ammattilaisille Suomessa<\/strong><br\/>Voit lukea, miten t\u00e4m\u00e4 toimii Kpedun suomalaisten hankekumppaneidemme blogikirjoituksesta.<\/p>\n\n<p><a href=\"https:\/\/g2vet.eu\/recommended-by-us\/ecosocially-educated-professionals-for-a-sustainable-future\/\">https:\/\/g2vet.eu\/recommended-by-us\/ecosocially-educated-professionals-for-a-sustainable-future\/<\/a><br\/><\/p>\n","protected":false},"excerpt":{"rendered":"<p>Kest\u00e4v\u00e4\u00e4 kehityst\u00e4 edist\u00e4v\u00e4 koulutus (ESD) on Euroopan unionin (EU) t\u00e4rke\u00e4 painopistealue kest\u00e4v\u00e4n kehityksen edist\u00e4misess\u00e4. EU on sis\u00e4llytt\u00e4nyt ESD:n politiikkoihinsa antaakseen ihmisille tiedot, taidot ja arvot, joita he tarvitsevat suojellakseen maapalloa ja edist\u00e4\u00e4kseen kest\u00e4v\u00e4n kehityksen tavoitteiden saavuttamista. Ammatillisella koulutuksella on ratkaiseva rooli ESD:ss\u00e4, sill\u00e4 se sis\u00e4llytt\u00e4\u00e4 kest\u00e4v\u00e4n kehityksen periaatteet koulutusohjelmiin, joilla pyrit\u00e4\u00e4n kehitt\u00e4m\u00e4\u00e4n tulevien ammattilaisten kest\u00e4viin k\u00e4yt\u00e4nt\u00f6ihin tarvittavia tietoja, taitoja ja [&hellip;]<\/p>\n","protected":false},"author":5,"featured_media":0,"parent":0,"menu_order":0,"comment_status":"closed","ping_status":"closed","template":"","meta":{"footnotes":""},"class_list":["post-2742","page","type-page","status-publish","hentry"],"_links":{"self":[{"href":"https:\/\/g2vet.eu\/fi\/wp-json\/wp\/v2\/pages\/2742","targetHints":{"allow":["GET"]}}],"collection":[{"href":"https:\/\/g2vet.eu\/fi\/wp-json\/wp\/v2\/pages"}],"about":[{"href":"https:\/\/g2vet.eu\/fi\/wp-json\/wp\/v2\/types\/page"}],"author":[{"embeddable":true,"href":"https:\/\/g2vet.eu\/fi\/wp-json\/wp\/v2\/users\/5"}],"replies":[{"embeddable":true,"href":"https:\/\/g2vet.eu\/fi\/wp-json\/wp\/v2\/comments?post=2742"}],"version-history":[{"count":4,"href":"https:\/\/g2vet.eu\/fi\/wp-json\/wp\/v2\/pages\/2742\/revisions"}],"predecessor-version":[{"id":3704,"href":"https:\/\/g2vet.eu\/fi\/wp-json\/wp\/v2\/pages\/2742\/revisions\/3704"}],"wp:attachment":[{"href":"https:\/\/g2vet.eu\/fi\/wp-json\/wp\/v2\/media?parent=2742"}],"curies":[{"name":"wp","href":"https:\/\/api.w.org\/{rel}","templated":true}]}}