{"id":2745,"date":"2021-11-21T15:14:44","date_gmt":"2021-11-21T14:14:44","guid":{"rendered":"https:\/\/g2vet.eu\/yhteystiedot\/"},"modified":"2024-09-10T08:21:01","modified_gmt":"2024-09-10T07:21:01","slug":"yhteystiedot","status":"publish","type":"page","link":"https:\/\/g2vet.eu\/fi\/yhteystiedot\/","title":{"rendered":"YHTEYSTIEDOT"},"content":{"rendered":"<h2>Otetaan yhteytt\u00e4!<\/h2>\n<h4><strong>Tapaa projektiryhm\u00e4 ja jaa ajatuksesi, kysymyksesi ja ehdotuksesi kanssamme.<\/strong><\/h4>\n\n<figure class=\"wp-block-image\"><img loading=\"lazy\" decoding=\"async\" width=\"1074\" height=\"570\" src=\"https:\/\/g2vet.eu\/wp-content\/uploads\/2023\/06\/01-02-2023_internationale_Gaeste_01.jpg\" alt=\"\" class=\"wp-image-2170\" srcset=\"https:\/\/g2vet.eu\/wp-content\/uploads\/2023\/06\/01-02-2023_internationale_Gaeste_01.jpg 1074w, https:\/\/g2vet.eu\/wp-content\/uploads\/2023\/06\/01-02-2023_internationale_Gaeste_01-300x159.jpg 300w, https:\/\/g2vet.eu\/wp-content\/uploads\/2023\/06\/01-02-2023_internationale_Gaeste_01-1024x543.jpg 1024w, https:\/\/g2vet.eu\/wp-content\/uploads\/2023\/06\/01-02-2023_internationale_Gaeste_01-768x408.jpg 768w\" sizes=\"auto, (max-width: 1074px) 100vw, 1074px\" \/><\/figure>\n<p class=\"has-small-font-size\">Stiftung Bildung &amp; Handwerkin (SBH) hallituksen edustaja Aloys Buschk\u00fchl toivotti hankeryhm\u00e4n j\u00e4senet tervetulleiksi ensimm\u00e4isess\u00e4 kokouksessa tammikuussa 2023 Paderbornissa I Saksassa. &#8211; Vasemmalta oikealle: Ingrid Pammer, BBRZ (AT), Angela Bender, SBH (DE), Gabriele Stampa, SBH (DE), Agust\u00edn Francisco Sig\u00fcenza Molina, JCYL (ES), Aloys Buschk\u00fchl, SBH (DE), Mar\u00eda Altamira Hernandez Lara, JCYL (ES), Daniela Schmiedrathner (AT), Tanja Yli-Tokola (FI), Leena Laine (FI).<\/p>\n\n<p>Yhteyshenkil\u00f6si maittain<\/p>\n\n<figure class=\"wp-block-table\"><table><tbody><tr><td>It\u00e4valta I BBRZ<\/td><td>Ingrid Pammer<\/td><td>Ingrid.Pammer@bbrz.at<\/td><\/tr><tr><td>Suomi I KPEDU<\/td><td>Tanja Yli-Tokola<\/td><td>Tanja.Yli-Tokola@kpedu.fi<\/td><\/tr><tr><td>Saksa I SBH<\/td><td>Angela Bender<\/td><td>Angela.Bender@s-b-h.de<\/td><\/tr><tr><td>Espanja I JCYL<\/td><td>Mar\u00eda Altamira Hernando Lara<\/td><td>Maltamira.Hernando@jcyl.es<\/td><\/tr><\/tbody><\/table><\/figure>\n<hr class=\"wp-block-separator has-alpha-channel-opacity\"\/>\n\n<div class=\"wp-block-columns is-layout-flex wp-container-core-columns-is-layout-9d6595d7 wp-block-columns-is-layout-flex\">\n<div class=\"wp-block-column is-layout-flow wp-block-column-is-layout-flow\">\n<figure class=\"wp-block-image size-large\"><img loading=\"lazy\" decoding=\"async\" width=\"1024\" height=\"215\" src=\"https:\/\/g2vet.eu\/wp-content\/uploads\/2023\/03\/EN-Co-Funded-by-the-EU_BLACK-Outline-1024x215.png\" alt=\"\" class=\"wp-image-1879\" srcset=\"https:\/\/g2vet.eu\/wp-content\/uploads\/2023\/03\/EN-Co-Funded-by-the-EU_BLACK-Outline-1024x215.png 1024w, https:\/\/g2vet.eu\/wp-content\/uploads\/2023\/03\/EN-Co-Funded-by-the-EU_BLACK-Outline-300x63.png 300w, https:\/\/g2vet.eu\/wp-content\/uploads\/2023\/03\/EN-Co-Funded-by-the-EU_BLACK-Outline-768x161.png 768w, https:\/\/g2vet.eu\/wp-content\/uploads\/2023\/03\/EN-Co-Funded-by-the-EU_BLACK-Outline-1536x322.png 1536w, https:\/\/g2vet.eu\/wp-content\/uploads\/2023\/03\/EN-Co-Funded-by-the-EU_BLACK-Outline-2048x430.png 2048w\" sizes=\"auto, (max-width: 1024px) 100vw, 1024px\" \/><\/figure><\/div>\n\n\n\n<div class=\"wp-block-column is-layout-flow wp-block-column-is-layout-flow\">\n<p>Euroopan unionin rahoittama. Esitetyt n\u00e4kemykset ja mielipiteet ovat kuitenkin vain kirjoittajan (kirjoittajien) omia eiv\u00e4tk\u00e4 v\u00e4ltt\u00e4m\u00e4tt\u00e4 vastaa Euroopan unionin tai Euroopan koulutuksen ja kulttuurin toimeenpanoviraston (EACEA) n\u00e4kemyksi\u00e4 ja mielipiteit\u00e4. Euroopan unionia tai EACEAa ei voida pit\u00e4\u00e4 niist\u00e4 vastuussa.<\/p>\n<\/div>\n<\/div>\n","protected":false},"excerpt":{"rendered":"<p>Otetaan yhteytt\u00e4! Tapaa projektiryhm\u00e4 ja jaa ajatuksesi, kysymyksesi ja ehdotuksesi kanssamme. Stiftung Bildung &amp; Handwerkin (SBH) hallituksen edustaja Aloys Buschk\u00fchl toivotti hankeryhm\u00e4n j\u00e4senet tervetulleiksi ensimm\u00e4isess\u00e4 kokouksessa tammikuussa 2023 Paderbornissa I Saksassa. &#8211; Vasemmalta oikealle: Ingrid Pammer, BBRZ (AT), Angela Bender, SBH (DE), Gabriele Stampa, SBH (DE), Agust\u00edn Francisco Sig\u00fcenza Molina, JCYL (ES), Aloys Buschk\u00fchl, SBH (DE), Mar\u00eda Altamira Hernandez Lara, [&hellip;]<\/p>\n","protected":false},"author":5,"featured_media":0,"parent":0,"menu_order":0,"comment_status":"closed","ping_status":"closed","template":"","meta":{"footnotes":""},"class_list":["post-2745","page","type-page","status-publish","hentry"],"_links":{"self":[{"href":"https:\/\/g2vet.eu\/fi\/wp-json\/wp\/v2\/pages\/2745","targetHints":{"allow":["GET"]}}],"collection":[{"href":"https:\/\/g2vet.eu\/fi\/wp-json\/wp\/v2\/pages"}],"about":[{"href":"https:\/\/g2vet.eu\/fi\/wp-json\/wp\/v2\/types\/page"}],"author":[{"embeddable":true,"href":"https:\/\/g2vet.eu\/fi\/wp-json\/wp\/v2\/users\/5"}],"replies":[{"embeddable":true,"href":"https:\/\/g2vet.eu\/fi\/wp-json\/wp\/v2\/comments?post=2745"}],"version-history":[{"count":3,"href":"https:\/\/g2vet.eu\/fi\/wp-json\/wp\/v2\/pages\/2745\/revisions"}],"predecessor-version":[{"id":4346,"href":"https:\/\/g2vet.eu\/fi\/wp-json\/wp\/v2\/pages\/2745\/revisions\/4346"}],"wp:attachment":[{"href":"https:\/\/g2vet.eu\/fi\/wp-json\/wp\/v2\/media?parent=2745"}],"curies":[{"name":"wp","href":"https:\/\/api.w.org\/{rel}","templated":true}]}}