{"id":2777,"date":"2023-03-17T13:39:35","date_gmt":"2023-03-17T12:39:35","guid":{"rendered":"https:\/\/g2vet.eu\/tietosuojakaytanto\/"},"modified":"2023-09-01T11:49:06","modified_gmt":"2023-09-01T10:49:06","slug":"tietosuojakaytanto","status":"publish","type":"page","link":"https:\/\/g2vet.eu\/fi\/tietosuojakaytanto\/","title":{"rendered":"Tietosuojak\u00e4yt\u00e4nt\u00f6"},"content":{"rendered":"\n<h2 class=\"wp-block-heading\">Keit\u00e4 me olemme<\/h2>\n\n<p>Olemme <strong>G2VET-projekti<\/strong> Stiftung Bildung &amp; Handwerkissa, Forum des Handwerks 1, 33098 Paderborn I Saksa.  <\/p>\n\n<p>Voit ottaa meihin yhteytt\u00e4 osoitteessa: erasmus@s-b-h.de<\/p>\n\n<h2 class=\"wp-block-heading\">Tietosuojak\u00e4yt\u00e4nt\u00f6mme<\/h2>\n\n<p>T\u00e4ll\u00e4 tietosuojak\u00e4yt\u00e4nn\u00f6ll\u00e4 haluamme kertoa sinulle, mink\u00e4laisia henkil\u00f6tietojasi (j\u00e4ljemp\u00e4n\u00e4 my\u00f6s &#8221;tiedot&#8221;) me, Stiftung Bildung &amp; Handwerk ja hankekumppanimme, ker\u00e4\u00e4mme, k\u00e4yt\u00e4mme, yll\u00e4pid\u00e4mme ja luovutamme sinulta, k\u00e4ytt\u00e4j\u00e4lt\u00e4si (kukin &#8221;K\u00e4ytt\u00e4j\u00e4&#8221;), seuraavassa osoitteessa  <em>www. https:\/\/g2vet.eu<\/em>  (&#8221;Verkkosivusto&#8221;).<\/p>\n\n<h2 class=\"wp-block-heading\">Mit\u00e4 tietoja ker\u00e4\u00e4mme  <\/h2>\n\n<p>Henkil\u00f6tiedot ovat tietoja, joiden avulla sinut voidaan tunnistaa henkil\u00f6kohtaisesti. T\u00e4ss\u00e4 tietosuojak\u00e4yt\u00e4nn\u00f6ss\u00e4 selitet\u00e4\u00e4n, mit\u00e4 tietoja ker\u00e4\u00e4mme ja mihin k\u00e4yt\u00e4mme niit\u00e4.<\/p>\n\n<p>Ker\u00e4\u00e4mme seuraavanlaisia tietoja k\u00e4ytt\u00e4jilt\u00e4mme, jotka voivat olla verkkosivuston k\u00e4vij\u00f6it\u00e4, k\u00e4ytt\u00e4ji\u00e4 tai viestint\u00e4kumppaneita,<\/p>\n\n<ul class=\"wp-block-list\">\n<li>henkil\u00f6- ja yhteystiedot, kuten nimi, s\u00e4hk\u00f6postiosoite, sijaintipaikkakunta<\/li>\n\n\n\n<li>sis\u00e4lt\u00f6tiedot, kuten tekstimerkinn\u00e4t, valokuvat ja videot,  <\/li>\n\n\n\n<li>meta-\/viestint\u00e4tiedot, kuten laitetiedot, IP-osoitteet,  <\/li>\n\n\n\n<li>k\u00e4ytt\u00f6tiedot, kuten vieraillut verkkosivut, kiinnostus sis\u00e4lt\u00f6\u00e4 kohtaan, k\u00e4ytt\u00f6ajat,<\/li>\n\n\n\n<li>tekniset tiedot, kuten tiedot ev\u00e4steist\u00e4.<\/li>\n<\/ul>\n\n<h2 class=\"wp-block-heading\">Miksi ker\u00e4\u00e4mme tietojasi<\/h2>\n\n<p>Tietoja k\u00e4ytet\u00e4\u00e4n hankkeen kanssa k\u00e4yt\u00e4v\u00e4\u00e4n viestint\u00e4\u00e4n ja tilastollisiin tarkoituksiin hankkeen hallinnoinnissa.  <\/p>\n\n<ul class=\"wp-block-list\">\n<li>verkkotarjontamme tarjoaminen ja k\u00e4ytt\u00e4j\u00e4yst\u00e4v\u00e4llisyys,<\/li>\n\n\n\n<li>verkkosivustomme k\u00e4vij\u00f6iden toimien arviointi,<\/li>\n\n\n\n<li>palaute (esim. palautteen ker\u00e4\u00e4minen verkkolomakkeella),<\/li>\n\n\n\n<li>yhteydenottopyynn\u00f6t ja viestint\u00e4,<\/li>\n\n\n\n<li>profilointi (k\u00e4ytt\u00e4j\u00e4profiilien luominen),<\/li>\n\n\n\n<li>tavoittavuuden mittaaminen (esim. k\u00e4vij\u00e4tilastot, palaavien k\u00e4vij\u00f6iden tunnistaminen),<\/li>\n\n\n\n<li>turvatoimet,<\/li>\n\n\n\n<li>seuranta (esim. kiinnostuksen\/k\u00e4ytt\u00e4ytymisen profilointi, ev\u00e4steiden k\u00e4ytt\u00f6,<\/li>\n\n\n\n<li>hallinto ja tiedusteluihin vastaaminen.<\/li>\n<\/ul>\n\n<p>Henkil\u00f6tietoja ei synny ainoastaan vuorovaikutuksesta verkkosivustomme kanssa. My\u00f6s tekniset prosessit, kuten yhteydenottolomakkeet, kommentit, ev\u00e4steet, analyysit ja liit\u00e4nn\u00e4iset tuottavat n\u00e4it\u00e4 tietoja.<\/p>\n\n<h2 class=\"wp-block-heading\">Liit\u00e4nn\u00e4iset<\/h2>\n\n<p><code><div class=\"h5p-iframe-wrapper\"><iframe id=\"h5p-iframe-7\" class=\"h5p-iframe\" data-content-id=\"7\" style=\"height:1px\" src=\"about:blank\" frameBorder=\"0\" scrolling=\"no\" title=\"Plugins-Privacy\"><\/iframe><\/div><\/code><\/p>\n\n<h2 class=\"wp-block-heading\">Kommentit<\/h2>\n\n<p>Kun j\u00e4t\u00e4t kommentteja sivustolle, ker\u00e4\u00e4mme kommenttilomakkeessa n\u00e4kyv\u00e4t tiedot sek\u00e4 k\u00e4vij\u00e4n IP-osoitteen ja selaimen k\u00e4ytt\u00e4j\u00e4agenttijonon roskapostin havaitsemisen helpottamiseksi.<\/p>\n\n<h2 class=\"wp-block-heading\">Ev\u00e4steet<\/h2>\n\n<p><strong>Mit\u00e4 ev\u00e4steet ovat?<\/strong><\/p>\n\n<p>&#8221;Ev\u00e4steet&#8221; ovat pieni\u00e4 tietokokonaisuuksia, jotka sis\u00e4lt\u00e4v\u00e4t tietoja verkkosivustoista tai verkkotunnuksista, joilla olet vieraillut, ja jotka tallennetaan laitteeseesi. Ev\u00e4steiden perusteella sinut voidaan tunnistaa, kun vierailet my\u00f6hemmin vastaavalla verkkosivustolla.<\/p>\n\n<p>Ev\u00e4steiden eri tyypit erotetaan toisistaan:<\/p>\n\n<ul class=\"wp-block-list\">\n<li>tilap\u00e4inen tai pysyv\u00e4<\/li>\n\n\n\n<li>ensimm\u00e4isen tai kolmannen osapuolen ev\u00e4steet<\/li>\n\n\n\n<li>v\u00e4ltt\u00e4m\u00e4tt\u00f6m\u00e4t (v\u00e4ltt\u00e4m\u00e4tt\u00f6m\u00e4t) ja personointiev\u00e4steet.<\/li>\n<\/ul>\n\n<p><code><div class=\"h5p-iframe-wrapper\"><iframe id=\"h5p-iframe-8\" class=\"h5p-iframe\" data-content-id=\"8\" style=\"height:1px\" src=\"about:blank\" frameBorder=\"0\" scrolling=\"no\" title=\"Types of Cookies\"><\/iframe><\/div><\/code><\/p>\n\n<p>T\u00e4m\u00e4 verkkosivusto k\u00e4ytt\u00e4\u00e4 Borlabs-ev\u00e4steen, joka asettaa teknisesti v\u00e4ltt\u00e4m\u00e4tt\u00f6m\u00e4n ev\u00e4steen (borlabs-cookie) ev\u00e4steasetuksiesi tallentamiseksi.<\/p>\n\n<p>Borlabs Cookie ei ker\u00e4\u00e4 henkil\u00f6tietoja.<\/p>\n\n<p><strong>Ev\u00e4stetietojen k\u00e4sittely suostumuksen perusteella<\/strong><\/p>\n\n<p>Ennen kuin k\u00e4sittelemme tai k\u00e4sittelemme tietoja ev\u00e4steiden k\u00e4yt\u00f6n yhteydess\u00e4, pyyd\u00e4mme k\u00e4ytt\u00e4jilt\u00e4 suostumuksen, jonka voi peruuttaa milloin tahansa.<\/p>\n\n<p><em>Borlabs-cookie-ev\u00e4ste<\/em> tallentaa suostumuksen, jonka annoit, kun astuit verkkosivustolle. Jos haluat peruuttaa n\u00e4m\u00e4 suostumukset, poista ev\u00e4steet selaimestasi. Jos siirryt uudelleen verkkosivustolle tai lataat sen uudelleen, sinulta kysyt\u00e4\u00e4n uudelleen ev\u00e4steiden hyv\u00e4ksynt\u00e4\u00e4.<\/p>\n\n<p><strong>Ev\u00e4steiden hallinta<\/strong><\/p>\n\n<p>Voit poistaa ev\u00e4steet k\u00e4yt\u00f6st\u00e4 tietokoneellasi milloin tahansa lataamalla Ghostery-ohjelman (https:\/\/www.ghostery.com) ja poistamalla jokaisen ev\u00e4steen k\u00e4yt\u00f6st\u00e4 selaimessasi. On my\u00f6s mahdollista k\u00e4ytt\u00e4\u00e4 &#8221;Anonyymi\u00e4 surffausta&#8221;. N\u00e4in et j\u00e4t\u00e4 j\u00e4lki\u00e4. T\u00e4ll\u00e4 toiminnolla voit poistaa vain selaustiedot. Ev\u00e4steet on my\u00f6s mahdollista poistaa k\u00e4yt\u00f6st\u00e4 tai poistaa selaimesi asetuspalkista.<\/p>\n\n<h2 class=\"wp-block-heading\">Media  <\/h2>\n\n<p><strong>Profiilikuvat Gravatarista<\/strong><br\/>Gravatar on palvelu, jossa k\u00e4ytt\u00e4j\u00e4t voivat rekister\u00f6ity\u00e4 ja j\u00e4tt\u00e4\u00e4 profiilikuvansa ja s\u00e4hk\u00f6postiosoitteensa. Jos k\u00e4ytt\u00e4j\u00e4t j\u00e4tt\u00e4v\u00e4t viestej\u00e4 tai kommentteja muihin verkkojulkaisuihin (erityisesti blogeihin) s\u00e4hk\u00f6postiosoitteella, heid\u00e4n profiilikuvansa voidaan n\u00e4ytt\u00e4\u00e4 viestien tai kommenttien vieress\u00e4. T\u00e4t\u00e4 tarkoitusta varten k\u00e4ytt\u00e4jien antama s\u00e4hk\u00f6postiosoite l\u00e4hetet\u00e4\u00e4n Gravatarille salatussa muodossa, jotta voidaan tarkistaa, onko k\u00e4ytt\u00e4j\u00e4lle tallennettu profiili. T\u00e4m\u00e4 on s\u00e4hk\u00f6postiosoitteen l\u00e4hett\u00e4misen ainoa tarkoitus. Sit\u00e4 ei k\u00e4ytet\u00e4 muihin tarkoituksiin, vaan se poistetaan j\u00e4lkik\u00e4teen.<\/p>\n\n<p>Gravatarin k\u00e4ytt\u00f6 perustuu oikeutettuihin etuihimme, sill\u00e4 k\u00e4yt\u00e4mme Gravataria tarjotaksemme viestien ja kommenttien kirjoittajille mahdollisuuden personoida viestins\u00e4 profiilikuvalla.<\/p>\n\n<p>Jos et halua, ett\u00e4 Gravatar-s\u00e4hk\u00f6postiosoitteeseesi linkitetty k\u00e4ytt\u00e4j\u00e4kuva n\u00e4kyy kommenteissa, k\u00e4yt\u00e4 kommentointiin s\u00e4hk\u00f6postiosoitetta, jota ei ole tallennettu Gravatariin. Huomautamme my\u00f6s, ett\u00e4 on my\u00f6s mahdollista k\u00e4ytt\u00e4\u00e4 anonyymi\u00e4 s\u00e4hk\u00f6postiosoitetta tai ei lainkaan s\u00e4hk\u00f6postiosoitetta, jos k\u00e4ytt\u00e4j\u00e4t eiv\u00e4t halua, ett\u00e4 heid\u00e4n s\u00e4hk\u00f6postiosoitteensa l\u00e4hetet\u00e4\u00e4n Gravatarille. K\u00e4ytt\u00e4j\u00e4t voivat est\u00e4\u00e4 tietojen siirt\u00e4misen kokonaan olemalla k\u00e4ytt\u00e4m\u00e4tt\u00e4 kommentointij\u00e4rjestelm\u00e4\u00e4mme.<\/p>\n\n<p>Palveluntarjoaja: 60 29th Street #343, San Francisco, CA 94110, USA; Verkkosivusto: <a rel=\"noreferrer noopener\" href=\"https:\/\/automattic.com\" target=\"_blank\">https:\/\/automattic.com;<\/a> Tietosuojak\u00e4yt\u00e4nt\u00f6: <a rel=\"noreferrer noopener\" href=\"https:\/\/automattic.com\/privacy\" target=\"_blank\">https:\/\/automattic.com\/privacy<\/a>.<\/p>\n\n<p><strong>Media ja sis\u00e4lt\u00f6 muilta verkkosivustoilta<\/strong> <\/p>\n\n<p>Verkkosivustolla on linkkej\u00e4 kaikkien hankekumppaneiden verkkosivustoille. Stiftung Bildung &amp; Handwerk ei projektikoordinaattorina voi valvoa yhteisty\u00f6kumppaneiden verkkosivustoilla olevaa sis\u00e4lt\u00f6\u00e4 tai linkkej\u00e4, eik\u00e4 se ole vastuussa muiden kuin omien verkkosivustojen k\u00e4yt\u00e4nn\u00f6ist\u00e4, jotka ovat linkitettyin\u00e4 verkkosivustolle tai verkkosivustolta.<\/p>\n\n<p>T\u00e4m\u00e4n sivuston artikkelit voivat sis\u00e4lt\u00e4\u00e4 upotettua sis\u00e4lt\u00f6\u00e4 (esim. videoita, kuvia, artikkeleita jne.). Muiden verkkosivustojen upotettu sis\u00e4lt\u00f6 k\u00e4ytt\u00e4ytyy t\u00e4sm\u00e4lleen samalla tavalla kuin jos k\u00e4vij\u00e4 olisi vieraillut toisella verkkosivustolla. N\u00e4m\u00e4 verkkosivustot voivat ker\u00e4t\u00e4 tietoja sinusta, k\u00e4ytt\u00e4\u00e4 ev\u00e4steit\u00e4, upottaa kolmannen osapuolen lis\u00e4seurantaa ja seurata vuorovaikutustasi upotetun sis\u00e4ll\u00f6n kanssa, mukaan lukien vuorovaikutuksen seuraaminen upotetun sis\u00e4ll\u00f6n kanssa. Mink\u00e4 tahansa muun verkkosivuston, mukaan lukien verkkosivustot, joilla on linkki verkkosivustolle, selaamiseen ja vuorovaikutukseen sovelletaan kyseisen verkkosivuston omia ehtoja ja k\u00e4yt\u00e4nt\u00f6j\u00e4.<\/p>\n\n<h2 class=\"wp-block-heading\">Kenen kanssa jaamme tietojasi<\/h2>\n\n<p>Emme myy, vaihda tai vuokraa k\u00e4ytt\u00e4jien henkil\u00f6tietoja kolmansille osapuolille. Voimme jakaa yleisi\u00e4 k\u00e4ytt\u00e4jien demografisia tietoja, joita ei ole yhdistetty k\u00e4vij\u00f6iden ja k\u00e4ytt\u00e4jien henkil\u00f6kohtaisiin tunnistetietoihin, liikekumppaneidemme kanssa osana projektia edell\u00e4 mainittuja tarkoituksia varten.<\/p>\n\n<p>Vierailijoiden kommentit voidaan tarkistaa automaattisen roskapostin havaitsemispalvelun (Antispam Bee) avulla.<\/p>\n\n<h2 class=\"wp-block-heading\">Kuinka kauan s\u00e4ilyt\u00e4mme tietojasi<\/h2>\n\n<p>G2VET-projekti ker\u00e4\u00e4 ja k\u00e4sittelee henkil\u00f6tietoja k\u00e4ytt\u00e4jilt\u00e4, jotka l\u00e4hett\u00e4v\u00e4t s\u00e4hk\u00f6postia projektikumppaneiden yhteysosoitteisiin. Kukin hankekumppani k\u00e4ytt\u00e4\u00e4 postilaatikoita. K\u00e4ytt\u00e4j\u00e4t voivat k\u00e4ytt\u00e4\u00e4 my\u00f6s blogikommentit-toimintoa. T\u00e4t\u00e4 postilaatikkoa yll\u00e4pit\u00e4\u00e4 Stiftung Bildung &amp; Handwerk. Jotta k\u00e4ytt\u00e4j\u00e4 voi l\u00e4hett\u00e4\u00e4 viestin verkkosivustolta, h\u00e4nen on ilmoitettava nimens\u00e4 ja s\u00e4hk\u00f6postiosoitteensa. N\u00e4it\u00e4 tietoja k\u00e4ytet\u00e4\u00e4n k\u00e4ytt\u00e4j\u00e4n pyyt\u00e4mien tietojen toimittamiseen, ja niit\u00e4 s\u00e4ilytet\u00e4\u00e4n enint\u00e4\u00e4n <sup>30 <\/sup>. joulukuuta 2029 asti Erasmus+ -ohjelman hankeasiakirjoja koskevien s\u00e4\u00e4nn\u00f6sten mukaisesti.<\/p>\n\n<h2 class=\"wp-block-heading\">Muutokset t\u00e4h\u00e4n tietosuojak\u00e4yt\u00e4nt\u00f6\u00f6n<\/h2>\n\n<p>G2VET-projekti pid\u00e4tt\u00e4\u00e4 oikeuden p\u00e4ivitt\u00e4\u00e4 t\u00e4t\u00e4 tietosuojak\u00e4yt\u00e4nt\u00f6\u00e4 milloin tahansa, jotta se vastaisi verkkosivustollamme tapahtunutta kehityst\u00e4.  <br\/>Kehotamme sinua k\u00e4ytt\u00e4j\u00e4n\u00e4 tarkistamaan s\u00e4\u00e4nn\u00f6llisesti t\u00e4m\u00e4n sivun muutokset, jotta pysyt ajan tasalla siit\u00e4, miten suojaamme ker\u00e4\u00e4mi\u00e4mme henkil\u00f6tietoja. Hyv\u00e4ksyt ja hyv\u00e4ksyt, ett\u00e4 on sinun vastuullasi tarkistaa t\u00e4m\u00e4 tietosuojak\u00e4yt\u00e4nt\u00f6 s\u00e4\u00e4nn\u00f6llisesti ja olla tietoinen kaikista muutoksista.<\/p>\n\n<h2 class=\"wp-block-heading\">Henkil\u00f6tietojasi koskevat oikeutesi<\/h2>\n\n<p>Jos et hyv\u00e4ksy t\u00e4t\u00e4 k\u00e4yt\u00e4nt\u00f6\u00e4, \u00e4l\u00e4 k\u00e4yt\u00e4 t\u00e4t\u00e4 verkkosivustoa. Mit\u00e4 tulee &#8221;L\u00e4het\u00e4 s\u00e4hk\u00f6postia&#8221; -toiminnon kautta l\u00e4hetettyihin henkil\u00f6tietoihin, voit peruuttaa suostumuksesi tai muuttaa s\u00e4hk\u00f6postitse l\u00e4hetettyj\u00e4 henkil\u00f6tietojasi milloin tahansa l\u00e4hett\u00e4m\u00e4ll\u00e4 meille s\u00e4hk\u00f6postia osoitteeseen<em> erasmus@s-b-h.de<\/em>.<\/p>\n\n<p><strong>Yhteydenotto meihin<\/strong><\/p>\n\n<p>Jos sinulla on kysytt\u00e4v\u00e4\u00e4 t\u00e4st\u00e4 tietosuojak\u00e4yt\u00e4nn\u00f6st\u00e4, t\u00e4m\u00e4n sivuston k\u00e4yt\u00e4nn\u00f6ist\u00e4 tai asioinnistasi t\u00e4m\u00e4n sivuston kanssa, ota meihin yhteytt\u00e4 osoitteeseen <em>erasmus@s-b-h.de<\/em>.<\/p>\n\n<h2 class=\"wp-block-heading\">Miten suojaamme tietojasi<\/h2>\n\n<p>Otamme k\u00e4ytt\u00f6\u00f6n asianmukaiset tietojen ker\u00e4ys-, tallennus- ja k\u00e4sittelyk\u00e4yt\u00e4nn\u00f6t sek\u00e4 turvatoimet, joilla suojaamme henkil\u00f6tietojesi, k\u00e4ytt\u00e4j\u00e4tunnuksesi, salasanasi, tapahtumatietojesi ja verkkosivustolle tallennettujen tietojen luvattomalta k\u00e4yt\u00f6lt\u00e4, muuttamiselta, paljastamiselta tai tuhoamiselta.<\/p>\n\n<p>Lis\u00e4ksi varmistamme henkil\u00f6tietojen suojan jo laitteistojen, ohjelmistojen ja prosessien kehitt\u00e4misen tai valinnan aikana tietosuojaperiaatteen mukaisesti, tekniikan suunnittelun avulla ja tietosuojayst\u00e4v\u00e4llisill\u00e4 oletusasetuksilla.<\/p>\n\n<p>Lis\u00e4ksi k\u00e4yt\u00e4mme IP-osoitteen lyhent\u00e4mist\u00e4 ja SSL-salausta. Tunnistat t\u00e4llaiset salatut yhteydet selaimesi osoitepalkissa olevasta etuliitteest\u00e4 https:\/\/.<\/p>\n","protected":false},"excerpt":{"rendered":"<p>Keit\u00e4 me olemme Olemme G2VET-projekti Stiftung Bildung &amp; Handwerkissa, Forum des Handwerks 1, 33098 Paderborn I Saksa. Voit ottaa meihin yhteytt\u00e4 osoitteessa: erasmus@s-b-h.de Tietosuojak\u00e4yt\u00e4nt\u00f6mme T\u00e4ll\u00e4 tietosuojak\u00e4yt\u00e4nn\u00f6ll\u00e4 haluamme kertoa sinulle, mink\u00e4laisia henkil\u00f6tietojasi (j\u00e4ljemp\u00e4n\u00e4 my\u00f6s &#8221;tiedot&#8221;) me, Stiftung Bildung &amp; Handwerk ja hankekumppanimme, ker\u00e4\u00e4mme, k\u00e4yt\u00e4mme, yll\u00e4pid\u00e4mme ja luovutamme sinulta, k\u00e4ytt\u00e4j\u00e4lt\u00e4si (kukin &#8221;K\u00e4ytt\u00e4j\u00e4&#8221;), seuraavassa osoitteessa www. https:\/\/g2vet.eu (&#8221;Verkkosivusto&#8221;). Mit\u00e4 tietoja ker\u00e4\u00e4mme Henkil\u00f6tiedot ovat [&hellip;]<\/p>\n","protected":false},"author":5,"featured_media":0,"parent":0,"menu_order":0,"comment_status":"closed","ping_status":"closed","template":"","meta":{"footnotes":""},"class_list":["post-2777","page","type-page","status-publish","hentry"],"_links":{"self":[{"href":"https:\/\/g2vet.eu\/fi\/wp-json\/wp\/v2\/pages\/2777","targetHints":{"allow":["GET"]}}],"collection":[{"href":"https:\/\/g2vet.eu\/fi\/wp-json\/wp\/v2\/pages"}],"about":[{"href":"https:\/\/g2vet.eu\/fi\/wp-json\/wp\/v2\/types\/page"}],"author":[{"embeddable":true,"href":"https:\/\/g2vet.eu\/fi\/wp-json\/wp\/v2\/users\/5"}],"replies":[{"embeddable":true,"href":"https:\/\/g2vet.eu\/fi\/wp-json\/wp\/v2\/comments?post=2777"}],"version-history":[{"count":1,"href":"https:\/\/g2vet.eu\/fi\/wp-json\/wp\/v2\/pages\/2777\/revisions"}],"predecessor-version":[{"id":2778,"href":"https:\/\/g2vet.eu\/fi\/wp-json\/wp\/v2\/pages\/2777\/revisions\/2778"}],"wp:attachment":[{"href":"https:\/\/g2vet.eu\/fi\/wp-json\/wp\/v2\/media?parent=2777"}],"curies":[{"name":"wp","href":"https:\/\/api.w.org\/{rel}","templated":true}]}}