{"id":3025,"date":"2023-11-30T12:45:48","date_gmt":"2023-11-30T11:45:48","guid":{"rendered":"https:\/\/g2vet.eu\/adventtikalenteri\/"},"modified":"2024-06-24T14:16:03","modified_gmt":"2024-06-24T13:16:03","slug":"adventtikalenteri","status":"publish","type":"page","link":"https:\/\/g2vet.eu\/fi\/lifehacks\/adventtikalenteri\/","title":{"rendered":"Adventtikalenteri"},"content":{"rendered":"\n<p><strong>Vihdoinkin joulun aika!<\/strong><\/p>\n\n<p>Joka p\u00e4iv\u00e4 jaamme kanssasi idean, jonka toivomme muuttavan joulunajan kest\u00e4v\u00e4mm\u00e4ksi ja laadukkaammaksi: vietet\u00e4\u00e4n aikaa ihmisten kanssa, suunnitellaan koristeluja, lahjoja ja aterioita harkiten ja luodaan yhteys luontoon.<\/p>\n\n<p>Jaa kanssamme odotuksesi t\u00e4st\u00e4 erityisest\u00e4 vuodenajasta.<\/p>\n\n<p><code><div class=\"h5p-iframe-wrapper\"><iframe id=\"h5p-iframe-11\" class=\"h5p-iframe\" data-content-id=\"11\" style=\"height:1px\" src=\"about:blank\" frameBorder=\"0\" scrolling=\"no\" title=\"G2VET Advent Calendar\"><\/iframe><\/div><\/code><\/p>\n","protected":false},"excerpt":{"rendered":"<p>Vihdoinkin joulun aika! Joka p\u00e4iv\u00e4 jaamme kanssasi idean, jonka toivomme muuttavan joulunajan kest\u00e4v\u00e4mm\u00e4ksi ja laadukkaammaksi: vietet\u00e4\u00e4n aikaa ihmisten kanssa, suunnitellaan koristeluja, lahjoja ja aterioita harkiten ja luodaan yhteys luontoon. Jaa kanssamme odotuksesi t\u00e4st\u00e4 erityisest\u00e4 vuodenajasta.<\/p>\n","protected":false},"author":2,"featured_media":0,"parent":2728,"menu_order":0,"comment_status":"closed","ping_status":"closed","template":"","meta":{"footnotes":""},"class_list":["post-3025","page","type-page","status-publish","hentry"],"_links":{"self":[{"href":"https:\/\/g2vet.eu\/fi\/wp-json\/wp\/v2\/pages\/3025","targetHints":{"allow":["GET"]}}],"collection":[{"href":"https:\/\/g2vet.eu\/fi\/wp-json\/wp\/v2\/pages"}],"about":[{"href":"https:\/\/g2vet.eu\/fi\/wp-json\/wp\/v2\/types\/page"}],"author":[{"embeddable":true,"href":"https:\/\/g2vet.eu\/fi\/wp-json\/wp\/v2\/users\/2"}],"replies":[{"embeddable":true,"href":"https:\/\/g2vet.eu\/fi\/wp-json\/wp\/v2\/comments?post=3025"}],"version-history":[{"count":1,"href":"https:\/\/g2vet.eu\/fi\/wp-json\/wp\/v2\/pages\/3025\/revisions"}],"predecessor-version":[{"id":3031,"href":"https:\/\/g2vet.eu\/fi\/wp-json\/wp\/v2\/pages\/3025\/revisions\/3031"}],"up":[{"embeddable":true,"href":"https:\/\/g2vet.eu\/fi\/wp-json\/wp\/v2\/pages\/2728"}],"wp:attachment":[{"href":"https:\/\/g2vet.eu\/fi\/wp-json\/wp\/v2\/media?parent=3025"}],"curies":[{"name":"wp","href":"https:\/\/api.w.org\/{rel}","templated":true}]}}