{"id":4479,"date":"2024-10-14T15:29:19","date_gmt":"2024-10-14T14:29:19","guid":{"rendered":"https:\/\/g2vet.eu\/kurssi-tutki-voimaannuta-muokkaa-tulevaisuutta-kestavan-kehityksen-osaamisen-sisallyttaminen-ammatilliseen-koulutukseen\/"},"modified":"2024-10-22T15:44:43","modified_gmt":"2024-10-22T14:44:43","slug":"kurssi-tutki-voimaannuta-muokkaa-tulevaisuutta-kestavan-kehityksen-osaamisen-sisallyttaminen-ammatilliseen-koulutukseen","status":"publish","type":"page","link":"https:\/\/g2vet.eu\/fi\/kurssi-tutki-voimaannuta-muokkaa-tulevaisuutta-kestavan-kehityksen-osaamisen-sisallyttaminen-ammatilliseen-koulutukseen\/","title":{"rendered":"Kurssi: &#8221;Tutki &#8211; voimaannuta &#8211; muokkaa tulevaisuutta: Kest\u00e4v\u00e4n kehityksen osaamisen sis\u00e4llytt\u00e4minen ammatilliseen koulutukseen&#8221;."},"content":{"rendered":"","protected":true},"excerpt":{"rendered":"","protected":true},"author":2,"featured_media":0,"parent":0,"menu_order":0,"comment_status":"closed","ping_status":"closed","template":"","meta":{"footnotes":""},"class_list":["post-4479","page","type-page","status-publish","post-password-required","hentry"],"_links":{"self":[{"href":"https:\/\/g2vet.eu\/fi\/wp-json\/wp\/v2\/pages\/4479","targetHints":{"allow":["GET"]}}],"collection":[{"href":"https:\/\/g2vet.eu\/fi\/wp-json\/wp\/v2\/pages"}],"about":[{"href":"https:\/\/g2vet.eu\/fi\/wp-json\/wp\/v2\/types\/page"}],"author":[{"embeddable":true,"href":"https:\/\/g2vet.eu\/fi\/wp-json\/wp\/v2\/users\/2"}],"replies":[{"embeddable":true,"href":"https:\/\/g2vet.eu\/fi\/wp-json\/wp\/v2\/comments?post=4479"}],"version-history":[{"count":4,"href":"https:\/\/g2vet.eu\/fi\/wp-json\/wp\/v2\/pages\/4479\/revisions"}],"predecessor-version":[{"id":4495,"href":"https:\/\/g2vet.eu\/fi\/wp-json\/wp\/v2\/pages\/4479\/revisions\/4495"}],"wp:attachment":[{"href":"https:\/\/g2vet.eu\/fi\/wp-json\/wp\/v2\/media?parent=4479"}],"curies":[{"name":"wp","href":"https:\/\/api.w.org\/{rel}","templated":true}]}}